{"id":30673,"date":"2024-10-31T14:11:56","date_gmt":"2024-10-31T13:11:56","guid":{"rendered":"http:\/\/igel.wovodo.de:8085\/product\/b-ware-garten-und-zimmerbrunnen-amphore-korfu-mit-led-licht\/"},"modified":"2025-01-27T12:31:37","modified_gmt":"2025-01-27T11:31:37","slug":"b-ware-garten-und-zimmerbrunnen-amphore-korfu-mit-led-licht","status":"publish","type":"product","link":"http:\/\/igel.wovodo.de:8085\/fr\/product\/b-ware-garten-und-zimmerbrunnen-amphore-korfu-mit-led-licht\/","title":{"rendered":"B-Ware Garten- und Zimmerbrunnen AMPHORE KORFU mit LED-Licht"},"content":{"rendered":"<div class=\"sale_description\"> <font color=\"FF0000\"><b>B-Ware :<\/b><\/p>\n<ul>\n<li>l\u00e9gers d\u00e9fauts optiques (par ex. petites rayures, etc.)<\/li>\n<li>produit enti\u00e8rement fonctionnel<\/li>\n<li>garantie l\u00e9gale r\u00e9duite \u00e0 1 an maximum<\/li>\n<\/ul>\n<p><\/font><\/p>\n<p><strong>D\u00e9coratif &amp; bienfaisant<\/strong><\/p>\n<p>Die AMPHORE KORFU ist f\u00fcr den Innen- und Au\u00dfenbereich geeignet. Betrieben wird der stilvolle Garten- und Zimmerbrunnen mit einem 230\/12-Volt Netzadapter. Mit der wirklichkeitsgetreuen Steindekoration sorgt der Indoor- und Outdoor-Brunnen f\u00fcr eine naturnahe Atmosph\u00e4re und Entspannung. Das Lebenselixier Wasser belebt Wohnzimmer, Esszimmer, Flure und Eingangsbereiche, Winterg\u00e4rten oder Balkone, Terrassen und G\u00e4rten im privaten wie gewerblichen Umfeld.<\/p>\n<p><strong>Steckfertiges Komplett-Set<\/strong><\/p>\n<p>Der Zimmer- und Gartenbrunnen kommt als Komplett-Set und l\u00e4sst sich leicht instandsetzen.<\/p>\n<p><strong>Un accroche-regard parfait<\/strong><\/p>\n<p>Der Wasserbrunnen AMPHORE KORFU ist sowohl bei Tag als auch bei Nacht der perfekte Blickfang. Die mitgelieferte LED-Beleuchtung sorgt f\u00fcr die perfekte Illumination. Die LED-Lichter des austauschbaren LED-Rings erstrahlen in einem klassischen Wei\u00df.<\/p>\n<p><strong>Valeur s\u00fbre, durabilit\u00e9 et s\u00e9curit\u00e9 de fonctionnement<\/strong><\/p>\n<p>Der wirkungsvolle Zierbrunnen AMPHORE KORFU ist f\u00fcr den 230-Volt-Betrieb vorgesehen. Die Pumpe und die LEDs werden mit sicherer 12V-Niederspannung betrieben (Adapter im Lieferumfang enthalten). Alle Kabelverbindungen sind verpolungssicher, wasserdicht und absolut funktionssicher. Dank praktischer Steckverbindungen sind alle Komponenten jederzeit austauschbar. So k\u00f6nnen Sie den Garten- und Zimmerbrunnen AMPHORE KORFU und das flie\u00dfende Wasser jahrelang genie\u00dfen!<\/p>\n<p><p style=\"font-size:11px;\"><b>Avis juridique :<\/b> Nos produits sont color\u00e9s individuellement \u00e0 la main, des diff\u00e9rences de couleur ne peuvent donc pas \u00eatre \u00e9vit\u00e9es. En outre, en raison des conditions d'\u00e9clairage lors de la photographie du produit et des diff\u00e9rents r\u00e9glages de l'\u00e9cran, il peut arriver que la couleur du produit ne soit pas reproduite de mani\u00e8re authentique et ne constitue donc pas un motif de r\u00e9clamation.<\/p>\n<p><b>Remarque :<\/b> Le gel peut endommager la fontaine de jardin et la pompe. En cas de risque de gel, il faut <b>la fontaine de jardin et la pompe doivent \u00eatre vid\u00e9es<\/b>Rinc\u00e9s \u00e0 l'eau claire, ils doivent \u00eatre stock\u00e9s au sec. Vous en profiterez alors tr\u00e8s longtemps !<\/p>\n<\/p><\/div>\n<h3>De nombreuses bonnes raisons d'acheter ce produit :<\/h3>\n<div class=\"sale_motive\">\n<ul>\n<li>Steckfertiger, sofort einsatzbereiter Indoor- und Outdoorbrunnen<\/li>\n<li>klassische Amphore im modernem Stil<\/li>\n<li>Wirklichkeitsgetreue, zweifarbige Steinoptik<\/li>\n<li>wirkt belebend auf die Sinne &amp; verbessert die Luftqualit\u00e4t<\/li>\n<li>Tag- und Nachtbetrieb mit 12\/ 230V-Anschluss<\/li>\n<li>effektvolle LED-Beleuchtung<\/li>\n<\/ul>\n<\/div>","protected":false},"excerpt":{"rendered":"<p>Eleganter Amphoren-Brunnen mit Beleuchtung<br \/>\n  <b>Zweifarbig: Elegante Grau-Ton-Kombination<br \/>\n    Wirklichkeitsgetreue Steindekoration<\/b><\/p>\n<p><font color=\"#FF0000\"><b>f\u00fcr den Innen- und Au\u00dfenbereich<\/b><\/font><\/p>","protected":false},"featured_media":38129,"comment_status":"open","ping_status":"closed","template":"","meta":[],"product_cat":[183,177,179],"product_tag":[],"class_list":{"0":"post-30673","1":"product","2":"type-product","3":"status-publish","4":"has-post-thumbnail","6":"product_cat-230v","7":"product_cat-b-ware-gartenbrunnen","8":"product_cat-b-ware-garten-u-zimmer-brunnen","10":"first","11":"instock","12":"sale","13":"taxable","14":"shipping-taxable","15":"purchasable","16":"product-type-simple"},"_links":{"self":[{"href":"http:\/\/igel.wovodo.de:8085\/fr\/wp-json\/wp\/v2\/product\/30673","targetHints":{"allow":["GET"]}}],"collection":[{"href":"http:\/\/igel.wovodo.de:8085\/fr\/wp-json\/wp\/v2\/product"}],"about":[{"href":"http:\/\/igel.wovodo.de:8085\/fr\/wp-json\/wp\/v2\/types\/product"}],"replies":[{"embeddable":true,"href":"http:\/\/igel.wovodo.de:8085\/fr\/wp-json\/wp\/v2\/comments?post=30673"}],"version-history":[{"count":2,"href":"http:\/\/igel.wovodo.de:8085\/fr\/wp-json\/wp\/v2\/product\/30673\/revisions"}],"predecessor-version":[{"id":38761,"href":"http:\/\/igel.wovodo.de:8085\/fr\/wp-json\/wp\/v2\/product\/30673\/revisions\/38761"}],"wp:featuredmedia":[{"embeddable":true,"href":"http:\/\/igel.wovodo.de:8085\/fr\/wp-json\/wp\/v2\/media\/38129"}],"wp:attachment":[{"href":"http:\/\/igel.wovodo.de:8085\/fr\/wp-json\/wp\/v2\/media?parent=30673"}],"wp:term":[{"taxonomy":"product_cat","embeddable":true,"href":"http:\/\/igel.wovodo.de:8085\/fr\/wp-json\/wp\/v2\/product_cat?post=30673"},{"taxonomy":"product_tag","embeddable":true,"href":"http:\/\/igel.wovodo.de:8085\/fr\/wp-json\/wp\/v2\/product_tag?post=30673"}],"curies":[{"name":"wp","href":"https:\/\/api.w.org\/{rel}","templated":true}]}}