{"id":30665,"date":"2024-10-31T14:11:51","date_gmt":"2024-10-31T13:11:51","guid":{"rendered":"http:\/\/igel.wovodo.de:8085\/product\/diesel-power-600-2-4-pumpe-mit-zaehler-und-zubehoer\/"},"modified":"2025-01-27T12:31:34","modified_gmt":"2025-01-27T11:31:34","slug":"diesel-power-600-2-4-pumpe-mit-zaehler-und-zubehoer","status":"publish","type":"product","link":"http:\/\/igel.wovodo.de:8085\/fr\/product\/diesel-power-600-2-4-pumpe-mit-zaehler-und-zubehoer\/","title":{"rendered":"Diesel Power 600-2-4 Pumpe mit Z\u00e4hler und Zubeh\u00f6r"},"content":{"rendered":"<div class=\"sale_application\">\n<ul>\n<li>Umpumpen, Umf\u00fcllen, Entleeren von Diesel und Heiz\u00f6ltanks<\/li>\n<\/ul>\n<\/div>\n<div class=\"sale_description\">\n<p>Professionelle Dieself\u00f6rderung ? mit unserem elektrischen 230-Volt-Dieselpumpen-Set DIESEL POWER 02. Unentbehrlich f\u00fcr jeden Fuhrpark , KFZ-Werkst\u00e4tten, Landwirtschaft, Autoverwertung usw! Wer viele Baumaschinen zu betanken hat, wird hier seine Freude daran haben! Hiermit betanken Sie m\u00fchelos jegliche Art von Fahrzeugen und Maschinen. F\u00fcr die Pumpe ist auch das Umf\u00fcllen von Heiz\u00f6ltanks kein Problem. Dank dem kr\u00e4ftigen 600 Watt starken Motor und der Selbstansaugung ist dies schnell erledigt.<\/p>\n<p><b>Die Motorleistung betr\u00e4gt 600 Watt, die maximale F\u00f6rdermenge liegt bei 2400 l\/h und die maximale F\u00f6rderh\u00f6he 41 m.<\/b> Bitte beachten Sie, dass die F\u00f6rdermenge bei steigender F\u00f6rderh\u00f6he entsprechend abnimmt.<\/p>\n<p>Hier erhalten Sie ein <b>professionelles Diesel-Set<\/b> mit 230-Volt-Dieselpumpe mit Z\u00e4hlwerk und Zubeh\u00f6r. Das Z\u00e4hlwerk zeigt sowohl den <b>aktuellen als auch den gesamten Stand<\/b> an. Bei der mitgelieferten Dieselzapfpistole handelt es sich um eine <b>zuverl\u00e4ssige Aluminium-Zapfpistole<\/b> mit Durchflussverrastung. Sie erhalten au\u00dferdem einen Druck-Schlauch und einen vormontierten Saugschlauch. Zum weiteren Zubeh\u00f6r geh\u00f6rt ein hochwertiges Messing-R\u00fcckschlagventil sowie T\u00fcllen und Schellen. Die Dieselpumpe mit ihrem Z\u00e4hlwerk macht das Arbeiten leicht. Kontrollieren Sie den Verbrauch der einzelnen Maschinen und rechnen Sie entsprechend ab. So werden Ihre Mitarbeiter zum sparsamen Umgang mit dem Diesel angeregt.<\/p>\n<p>Alle Dieselpumpen sind EINZELST\u00dcCK-gepr\u00fcft auf Ihre Funktion. Daher k\u00f6nnen Reste der Pr\u00fcffl\u00fcssigkeit in der Pumpe \/ Verpackung vorhanden sein. Der Gesamtz\u00e4hler zeigt daher mehr als 0,0 Liter an (meist etwa 5-12L). Die Dieselpumpe und die Saugleitung sind bei der Inbetriebnahme blasenfrei mit Diesel zu bef\u00fcllen. Das mitgelieferte R\u00fcckschlagventil muss unbedingt am Ende der Saugleitung montiert und dicht sein.<\/p>\n<p>Bei diesem Angebot k\u00f6nnen Sie weiteres Zubeh\u00f6r mitbestellen und so zus\u00e4tzliche Frachtkosten sparen.<\/p>\n<\/div>\n<h3>De nombreuses bonnes raisons d'acheter ce produit :<\/h3>\n<div class=\"sale_motive\">\n<ul>\n<li>Komplettes Set mit Diesel-Pumpe, Z&auml;hler, Pistole und allem Zubeh&ouml;r<\/li>\n<li>F&ouml;rdermenge max. 2400l\/h | F&ouml;rderh&ouml;he max. 41m<\/li>\n<li>selbstansaugend<\/li>\n<li>Schwere, robuste, zuverl&auml;ssige Qualit&auml;t<\/li>\n<li>Interrupteur \"marche\" et \"arr\u00eat\" avec dispositif de s\u00e9curit\u00e9<\/li>\n<li>Integriertes Diesel-Z&auml;lhlwerk mit Gesamt- u. Aktuell-Anzeige<\/li>\n<li>Zuverl\u00e4ssige Dieselzapfpistole aus Aluminium<\/li>\n<li>Vormontierte Sauggarnitur mit 2m Saugschlauch<\/li>\n<li>Mit hochwertigem Messing-R&uuml;ckschlagventil<\/li>\n<\/ul>\n<\/div>","protected":false},"excerpt":{"rendered":"<p>230-Volt-Dieselpumpe mit Z&auml;hlwerk | Aluminium-Zapfpistole<br \/>\nSchlauch mit 1 Messing-R&uuml;ckschlagventil<br \/>\n  max. F&ouml;rdermenge 2400 l\/ h | max. F&ouml;rderh&ouml;he 41 m<\/p>\n<p><b>Diesel-Komplett-Set &#8211; mit Z&auml;hlwerk!<\/b><\/p>","protected":false},"featured_media":33655,"comment_status":"open","ping_status":"closed","template":"","meta":[],"product_cat":[228,229,287],"product_tag":[],"class_list":{"0":"post-30665","1":"product","2":"type-product","3":"status-publish","4":"has-post-thumbnail","6":"product_cat-diesel-pumpen-sets","7":"product_cat-230v-pumpen","8":"product_cat-diesel-pumpen","10":"first","11":"instock","12":"taxable","13":"shipping-taxable","14":"purchasable","15":"product-type-simple"},"_links":{"self":[{"href":"http:\/\/igel.wovodo.de:8085\/fr\/wp-json\/wp\/v2\/product\/30665","targetHints":{"allow":["GET"]}}],"collection":[{"href":"http:\/\/igel.wovodo.de:8085\/fr\/wp-json\/wp\/v2\/product"}],"about":[{"href":"http:\/\/igel.wovodo.de:8085\/fr\/wp-json\/wp\/v2\/types\/product"}],"replies":[{"embeddable":true,"href":"http:\/\/igel.wovodo.de:8085\/fr\/wp-json\/wp\/v2\/comments?post=30665"}],"version-history":[{"count":1,"href":"http:\/\/igel.wovodo.de:8085\/fr\/wp-json\/wp\/v2\/product\/30665\/revisions"}],"predecessor-version":[{"id":35275,"href":"http:\/\/igel.wovodo.de:8085\/fr\/wp-json\/wp\/v2\/product\/30665\/revisions\/35275"}],"wp:featuredmedia":[{"embeddable":true,"href":"http:\/\/igel.wovodo.de:8085\/fr\/wp-json\/wp\/v2\/media\/33655"}],"wp:attachment":[{"href":"http:\/\/igel.wovodo.de:8085\/fr\/wp-json\/wp\/v2\/media?parent=30665"}],"wp:term":[{"taxonomy":"product_cat","embeddable":true,"href":"http:\/\/igel.wovodo.de:8085\/fr\/wp-json\/wp\/v2\/product_cat?post=30665"},{"taxonomy":"product_tag","embeddable":true,"href":"http:\/\/igel.wovodo.de:8085\/fr\/wp-json\/wp\/v2\/product_tag?post=30665"}],"curies":[{"name":"wp","href":"https:\/\/api.w.org\/{rel}","templated":true}]}}