{"id":30615,"date":"2024-10-31T14:11:22","date_gmt":"2024-10-31T13:11:22","guid":{"rendered":"http:\/\/igel.wovodo.de:8085\/product\/tauchpumpe-regen-star-super-750-set-dw-mit-25m-kabel\/"},"modified":"2025-01-27T12:31:19","modified_gmt":"2025-01-27T11:31:19","slug":"tauchpumpe-regen-star-super-750-set-dw-mit-25m-kabel","status":"publish","type":"product","link":"http:\/\/igel.wovodo.de:8085\/fr\/product\/tauchpumpe-regen-star-super-750-set-dw-mit-25m-kabel\/","title":{"rendered":"Tauchpumpe Regen-Star-SUPER  750-SET DW mit 25m Kabel"},"content":{"rendered":"<div class=\"sale_application\">\n<ul>\n<li>zur Hauswasserversorgung<\/li>\n<li>zur Regenwassernutzung<\/li>\n<li>zur Beregnung<\/li>\n<li>zur Bew\u00e4sserung <\/li>\n<li>zur Nutzung von externen Wasserquellen aus Bach, Fluss und Brunnen, Vorratsbeh\u00e4lter<\/li>\n<li>f\u00fcr Anwendungen im Umweltschutz <\/li>\n<\/ul><\/div>\n<div class=\"sale_description\">\n<p>Robuste, stabile Tauchpumpe aus <b>rostfreiem Edelstahl<\/b> f\u00fcr den vertikalen und horizontalen Betrieb. Die Tauchpumpe Regen-Star-SUPER  750-SET DW mit 25m Kabel ist bestens f\u00fcr den Einsatz in gro\u00dfen Wasserspeichern geeignet. Durch den horizontalen Betrieb kann, im Gegensatz zu vertikalen Pumpen, wesentlich mehr Wasser aus dem Wasserspeicher entnommen werden. Dadurch erh\u00f6ht sich das Nutzvolumen des Wasserbeh\u00e4lters. Die Tauchpumpe Regen-Star-SUPER  750-SET DW mit 25m Kabel f\u00f6rdert das Wasser mit hohen Druck weiter an die Abnahmestelle im Haus oder Garten.<\/p>\n<p><b>&#8211; Mit Anschlussbox\/ Kondensator und Anschluss f\u00fcr schwimmende Entnahme<\/b><\/p>\n<p>Die Tauchpumpe Regen-Star-SUPER  750-SET DW mit 25m Kabel wird mit Anschluss-Box geliefert. In der Anschluss-Box ist ein leicht zug\u00e4nglicher Kondensator enthalten. Dies ist ein gro\u00dfer Vorteil, da dies i.d.R. das Bauteil ist, das bei Tauchdruckpumpen einem gewissen Verschlei&szlig; unterliegt.<\/p>\n<p>Die Tauchpumpe Regen-Star-SUPER  750-SET DW mit 25m Kabel ist mit einem Anschluss f\u00fcr schwimmende Entnahme ausgestattet.<\/p>\n<p><b>Leistungsstark mit 4,5 bar<\/b><\/p>\n<p>Die Tauchpumpe Super 750 f\u00f6rdert das Wasser mit hohen Druck (4,5 bar) weiter an die Abnahmestelle im Haus oder Garten.<\/p>\n<div class=\"embed-responsive embed-responsive-16by9\">\n<iframe src=\"https:\/\/www.youtube-nocookie.com\/embed\/6vk2t4oIiBQ?rel=0\" title=\"Lecteur vid\u00e9o YouTube\" allow=\"accelerometer; autoplay; clipboard-write; encrypted-media; gyroscope; picture-in-picture\" allowfullscreen=\"\" width=\"560\" height=\"315\" frameborder=\"0\"><\/iframe>\n<\/div>\n<p><b>Komplettes Set mit Ansaug-Set 5 &amp; Pumpen-Druckschalter<\/b><\/p>\n<p>Das <b>Ansaug-Set<\/b>, bestehend aus 0,5m Schlauch, Filterkorb und Schwimmer-Kugel, wird an der Saugseite der Pumpe angeschlossen und sorgt f\u00fcr die Entnahme von sauberem Wasser an der Wasseroberfl\u00e4che.<\/p>\n<p>Le site <b>Contr\u00f4leur de d\u00e9bit <\/b>automatisiert und steuert das Einschalten der Kreisel- bzw. Tauchpumpe. Er \u00fcberwacht den Druck im Rohrsystem von der Pumpe bis zum Verbraucher. Bei einer Wasserentnahme aus dem Rohrsystem nimmt der Druck ab. F\u00e4llt der Druck unter 1,5bar <b>(einstellbar)<\/b> schaltet der Durchflussw\u00e4chter das angeschlossene Ger\u00e4t (z.B. Kreiselpumpe) an. Diese versorgt die Verbraucher wieder mit Wasser. Wird der Verbraucher geschlossen, verringert sich der Durchfluss und die Pumpe wird abgeschaltet.<\/p>\n<p>Das Besondere an diesem Durchflussw\u00e4chter ist der<b> eingebaute Trockenlaufschutz<\/b>. Sollte nach Einschalten der Pumpe kein Wasser (Zisterne leer) vorhanden sein, schaltet der Durchflussw\u00e4chter wieder die Pumpe<b> automatisch<\/b> aus (Trockenlaufschutz).<\/p>\n<p>Ein <b>R\u00fcckschlagventil<\/b> ist ebenfalls im Durchflussw\u00e4chter integriert. Dieser verhindert das Leerlaufen des Rohrsystems auf der Verbraucherseite.<\/p>\n<p>Der maximale Betriebsdruck dieses Druckschalters betr\u00e4gt 10bar. Der Einschaltdruck ist einstellbar (1 &#8211; 3,5bar).<\/p>\n<p><b>Unsere Tipps<\/b><\/p>\n<p>Bei Einsatz von jeglichen <b>Pumpen-Schaltger\u00e4ten empfehlen wir dringend <\/b>vor dem Schaltger\u00e4t stets einen effektiven <b>Pumpen-Vorfilter\/Kartuschenfilter <\/b>einzusetzen. Dadurch lassen sich Probleme, die auf die Wasserverschmutzung zur\u00fcck zu f\u00fchren sind, deutlich reduzieren. Alle markt\u00fcblichen professionellen Schaltger\u00e4te haben eingangsseitig ein R\u00fcckschlagventil. Setzt sich ein Schmutzkorn genau zwischen den Dichtfl\u00e4chen ab, funktionieren die Schaltger\u00e4te nicht mehr einwandfrei. Die Durchflussw\u00e4chter beinhalten bereits ein R\u00fcckschlagventil, zwischen Pumpe und Durchflussw\u00e4chter darf kein weiteres R\u00fcckschlagventil montiert werden da dies zu Fehlern und sogar Besch\u00e4digungen an der Pumpe f\u00fchren kann.<\/p>\n<\/div>\n<h3>De nombreuses bonnes raisons d'acheter ce produit :<\/h3>\n<div class=\"sale_motive\">\n<ul>\n<li>fiable, performant<\/li>\n<li>horizontaler und vertikaler Betrieb m\u00f6glich<\/li>\n<li>longue dur\u00e9e de vie<\/li>\n<li>hochwertiges Edelstahlgeh\u00e4use<\/li>\n<li>leicht zug\u00e4nglicher Kondensator in der Anschluss-Box (immer ein Vorteil, da dies i.d.R. das Bauteil ist, das bei Tauchdruckpumpen einem gewissen Verschlei\u00df unterliegt)<\/li>\n<li>Anschluss f\u00fcr schwimmende Entnahme &#8211; optimal f\u00fcr Regenwassernutzung<\/li>\n<\/ul>\n<\/div>","protected":false},"excerpt":{"rendered":"<p>zur Hauswasserversorgung zur Regenwassernutzung zur Beregnung zur Bew\u00e4sserung zur Nutzung von externen Wasserquellen aus Bach, Fluss und Brunnen, Vorratsbeh\u00e4lter f\u00fcr<\/p>","protected":false},"featured_media":39787,"comment_status":"open","ping_status":"closed","template":"","meta":[],"product_cat":[266,432,264,343,243],"product_tag":[],"class_list":{"0":"post-30615","1":"product","2":"type-product","3":"status-publish","4":"has-post-thumbnail","6":"product_cat-hauswasserautomat","7":"product_cat-hauswasserwerke-regenwasser-pumpen-2","8":"product_cat-regenwasser-pumpen-regenwassernutzung-regentonne24","9":"product_cat-tauchdruckpumpen","10":"product_cat-regenwasser-pumpen","12":"first","13":"instock","14":"taxable","15":"shipping-taxable","16":"purchasable","17":"product-type-simple"},"_links":{"self":[{"href":"http:\/\/igel.wovodo.de:8085\/fr\/wp-json\/wp\/v2\/product\/30615","targetHints":{"allow":["GET"]}}],"collection":[{"href":"http:\/\/igel.wovodo.de:8085\/fr\/wp-json\/wp\/v2\/product"}],"about":[{"href":"http:\/\/igel.wovodo.de:8085\/fr\/wp-json\/wp\/v2\/types\/product"}],"replies":[{"embeddable":true,"href":"http:\/\/igel.wovodo.de:8085\/fr\/wp-json\/wp\/v2\/comments?post=30615"}],"version-history":[{"count":3,"href":"http:\/\/igel.wovodo.de:8085\/fr\/wp-json\/wp\/v2\/product\/30615\/revisions"}],"predecessor-version":[{"id":38435,"href":"http:\/\/igel.wovodo.de:8085\/fr\/wp-json\/wp\/v2\/product\/30615\/revisions\/38435"}],"wp:featuredmedia":[{"embeddable":true,"href":"http:\/\/igel.wovodo.de:8085\/fr\/wp-json\/wp\/v2\/media\/39787"}],"wp:attachment":[{"href":"http:\/\/igel.wovodo.de:8085\/fr\/wp-json\/wp\/v2\/media?parent=30615"}],"wp:term":[{"taxonomy":"product_cat","embeddable":true,"href":"http:\/\/igel.wovodo.de:8085\/fr\/wp-json\/wp\/v2\/product_cat?post=30615"},{"taxonomy":"product_tag","embeddable":true,"href":"http:\/\/igel.wovodo.de:8085\/fr\/wp-json\/wp\/v2\/product_tag?post=30615"}],"curies":[{"name":"wp","href":"https:\/\/api.w.org\/{rel}","templated":true}]}}