{"id":30611,"date":"2024-10-31T14:11:19","date_gmt":"2024-10-31T13:11:19","guid":{"rendered":"http:\/\/igel.wovodo.de:8085\/product\/pumpe-hauswasserwerk-inno-tec-1300-mit-brio-durchflusswaechter\/"},"modified":"2025-01-27T12:31:18","modified_gmt":"2025-01-27T11:31:18","slug":"pumpe-hauswasserwerk-inno-tec-1300-mit-brio-durchflusswaechter","status":"publish","type":"product","link":"http:\/\/igel.wovodo.de:8085\/fr\/product\/pumpe-hauswasserwerk-inno-tec-1300-mit-brio-durchflusswaechter\/","title":{"rendered":"Pumpe Hauswasserwerk INNO-TEC 1300 mit BRIO\u00ae Durchflussw\u00e4chter"},"content":{"rendered":"<div class=\"sale_application\">\n<ul>\n<li>zum Aus- und Umpumpen von Wasserspeichern etc.<\/li>\n<li>zur Regenwassernutzung<\/li>\n<li>zum Bew\u00e4ssern von Rasen und Beeten<\/li>\n<li>zur Nutzung von externen Wasserquellen wie Bach, Fluss und Brunnen<\/li>\n<li>zur Beh\u00e4lter-Umf\u00fcllung<\/li>\n<\/ul><\/div>\n<div class=\"sale_description\">\n<p><b>Das Hauswasserwerk AQUA INNO-TEC 1300 DW besteht aus einer hochwertigen, f\u00fcnfstufigen Klarwasser-Kreiselpumpe mit 1300 W und einem Durchflussw\u00e4chter.<\/b> Dieser steuert das Ein &#8211; und Abschalten der Pumpe automatisch. Wird ein Verbraucher aufgedreht schaltet die Pumpe an und beim Schlie\u00dfen wieder aus. Bei Wassermangel (geringer bzw. kein Wasserdurchfluss) schaltet der Durchflussw\u00e4chter die Pumpe aus und sch\u00fctzt Sie vor dem Trockenlaufen. Der Einsatzbereich ist sehr vielseitig. Sie k\u00f6nnen mit diesem Ger\u00e4t die gesamte Brauchwasserversorgung in Ihrem Haus automatisiert steuern und regeln.<\/p>\n<p>Die AQUA INNO-TEC 1300 ist in ihrer Bauart eine sehr zuverl\u00e4ssige und solide Kreiselpumpe. Sie ist vielseitig einsetzbar und ideal f\u00fcr die Nutzung von z.B Regenwasser im Haus bzw. im Garten. Sie versorgt ihre Verbraucher mit ausreichend Druck. Sie ist auch ideal im Garten zur Bew\u00e4sserung von Rasen oder Beeten oder zum Anschluss eines Rasensprinklers einsetzbar. Sie ist sowohl station\u00e4r als auch mobil einsetzbar. Die Inbetriebnahme erfolgt durch das Auff\u00fcllen der Laufradkammern und des Schlauches. Den Rest macht die Pumpe selbst. Dabei betr\u00e4gt die Ansaugh\u00f6he 8m.<\/p>\n<p>Bei Einsatz von jeglichen <b>Pumpen-Schaltger\u00e4ten empfehlen wir dringend<\/b> vor dem Schaltger\u00e4t stets einen effektiven <b>Pumpen-Vorfilter\/Kartuschenfilter<\/b> einzusetzen. Dadurch lassen sich Probleme, die auf die Wasserveschmutzung zur\u00fcck zu f\u00fchren sind, deutlich reduzieren. Alle markt\u00fcblichen professionellen Schaltger\u00e4te haben eingangsseitig ein R\u00fcckschlagventil. Setzt sich ein Schmutzkorn genau zwischen den Dichtfl\u00e4chen ab, funktionieren die Schaltger\u00e4te nicht mehr einwandfrei. Die Durchflussw\u00e4chter beinhalten bereits ein R\u00fcckschlagventil, zwischen Pumpe und Durchflussw\u00e4chter darf kein weiteres R\u00fcckschlagventil montiert werden da dies zu Fehlern und sogar Besch\u00e4digungen an der Pumpe f\u00fchren kann.<\/p>\n<\/div>\n<h3>De nombreuses bonnes raisons d'acheter ce produit :<\/h3>\n<div class=\"sale_motive\">\n<ul>\n<li>Solide, leistungsstark &amp;&nbsp;zuverl\u00e4ssig <\/li>\n<li><strong>f\u00fcnfstufige Kreiselpumpe<\/strong> mit 5,6 bar F\u00f6rderdruck und 5400 l\/h F\u00f6rdermenge<\/li>\n<li><strong>enorm leise<\/strong> trotz hoher Leistung <\/li>\n<li>Ansaugh\u00f6he bis&nbsp;8 m<\/li>\n<li>transportabel und schnell einsatzbereit (mit Tragegriff)<\/li>\n<li>Bef\u00fcll- und Ablass-Anschluss werkzeuglos zu \u00f6ffnen <\/li>\n<li><strong>longue dur\u00e9e de vie<\/strong> durch mechanische Dichtungen <\/li>\n<li>hochwertiges Edelstahlgeh\u00e4use mit extra breiten Montagefu\u00df und 2 Montagepunkten <\/li>\n<\/ul>\n<\/div>","protected":false},"excerpt":{"rendered":"<p>Horizontale, <strong>f\u00fcnfstufige<\/strong>, leistungsstarke Kreiselpumpe<br \/>mit 1300Watt&nbsp;| 5,6 bar&nbsp;| 5.400l\/h <\/p>\n<p><strong>Laufruhiger Betrieb!<\/strong><\/p>","protected":false},"featured_media":39786,"comment_status":"open","ping_status":"closed","template":"","meta":[],"product_cat":[266,198,265,262],"product_tag":[],"class_list":{"0":"post-30611","1":"product","2":"type-product","3":"status-publish","4":"has-post-thumbnail","6":"product_cat-hauswasserautomat","7":"product_cat-hauswasserwerke","8":"product_cat-kreiselpumpen-mit-druckschalter","9":"product_cat-kreiselpumpen-hauswasserwerke","11":"first","12":"instock","13":"taxable","14":"shipping-taxable","15":"purchasable","16":"product-type-simple"},"_links":{"self":[{"href":"http:\/\/igel.wovodo.de:8085\/fr\/wp-json\/wp\/v2\/product\/30611","targetHints":{"allow":["GET"]}}],"collection":[{"href":"http:\/\/igel.wovodo.de:8085\/fr\/wp-json\/wp\/v2\/product"}],"about":[{"href":"http:\/\/igel.wovodo.de:8085\/fr\/wp-json\/wp\/v2\/types\/product"}],"replies":[{"embeddable":true,"href":"http:\/\/igel.wovodo.de:8085\/fr\/wp-json\/wp\/v2\/comments?post=30611"}],"version-history":[{"count":3,"href":"http:\/\/igel.wovodo.de:8085\/fr\/wp-json\/wp\/v2\/product\/30611\/revisions"}],"predecessor-version":[{"id":39525,"href":"http:\/\/igel.wovodo.de:8085\/fr\/wp-json\/wp\/v2\/product\/30611\/revisions\/39525"}],"wp:featuredmedia":[{"embeddable":true,"href":"http:\/\/igel.wovodo.de:8085\/fr\/wp-json\/wp\/v2\/media\/39786"}],"wp:attachment":[{"href":"http:\/\/igel.wovodo.de:8085\/fr\/wp-json\/wp\/v2\/media?parent=30611"}],"wp:term":[{"taxonomy":"product_cat","embeddable":true,"href":"http:\/\/igel.wovodo.de:8085\/fr\/wp-json\/wp\/v2\/product_cat?post=30611"},{"taxonomy":"product_tag","embeddable":true,"href":"http:\/\/igel.wovodo.de:8085\/fr\/wp-json\/wp\/v2\/product_tag?post=30611"}],"curies":[{"name":"wp","href":"https:\/\/api.w.org\/{rel}","templated":true}]}}