{"id":30609,"date":"2024-10-31T14:11:18","date_gmt":"2024-10-31T13:11:18","guid":{"rendered":"http:\/\/igel.wovodo.de:8085\/product\/pumpe-hauswasserwerk-inno-tec-1000-mit-durchflusswaechter-ac3\/"},"modified":"2025-01-27T12:31:17","modified_gmt":"2025-01-27T11:31:17","slug":"pumpe-hauswasserwerk-inno-tec-1000-mit-durchflusswaechter-ac3","status":"publish","type":"product","link":"http:\/\/igel.wovodo.de:8085\/fr\/product\/pumpe-hauswasserwerk-inno-tec-1000-mit-durchflusswaechter-ac3\/","title":{"rendered":"Pumpe Hauswasserwerk INNO-TEC 1000  mit Durchflussw\u00e4chter AC3"},"content":{"rendered":"<div class=\"sale_application\">\n<ul>\n<li>zum Aus- und Umpumpen von Wasserspeichern etc.<\/li>\n<li>ideal zur Regenwassernutzung in Garten und Haus<\/li>\n<li>zum Bew\u00e4ssern von Rasen und Beeten (auch f\u00fcr mehrere Abnehmer)<\/li>\n<li>Beh\u00e4lter-Umf\u00fcllung <\/li>\n<li>zur Nutzung von Wasser aus Bach, Fluss und Brunnen<\/li>\n<\/ul><\/div>\n<div class=\"sale_description\">\n<p>Diese sebstansaugende mehrstufige <strong>selbstansaugende Kreiselpumpe<\/strong> mit geschlossenen Radiallaufr\u00e4dern ist f\u00fcr die F\u00f6rderung von sauberem Wasser mit einer max. Temperatur von 35\u00b0C bestimmt. Sie zeichnet sich durch ausgesprochene Laufruhe und ger\u00e4uscharmen Betrieb aus. Grunds\u00e4tzlich ist diese Pumpe ausschlie\u00dflich f\u00fcr Klarwasser mit einem Sandgehalt von max. 60 gr\/cbm einzusetzen. Zu beachten ist jedoch: Je h\u00f6her der Sandanteil, umso gr\u00f6\u00dfer ist die Pumpenabnutzung und umso mehr Betriebsst\u00f6rungen jeglicher Art k\u00f6nnen auftreten.\n<\/p>\n<p>Speziell geeignet f\u00fcr Bew\u00e4sserung, Druckanlangen, allgemeine industrielle und zivile Zwecke. Bei Einsatz in der Regenwassernutzung muss das Wasser ausreichend, bis auf mind. 0,2mm vorgefiltert und frei von Fremdpartikeln sein. Die Pumpe ist f\u00fcr Dauerbetrieb bestens geeignet. Aufgrund der Verwendung hochwertiger rostfreier Werkstoffe, europ\u00e4ischer Fertigung und sorgf\u00e4ltiger Qualit\u00e4tskontrolle mit strengen elektrischen und hydraulischen Pr\u00fcfungen, arbeitet die Pumpe wartungsfrei. Sie ist im Bedarfsfall einfach zu reparieren und zu s\u00e4ubern. Die max. Einschaltzahl von 40 Schaltungen\/Std. darf nicht \u00fcberschritten werden. Bei Sand- oder Schmutzablagerungen in der Pumpe ist die Gew\u00e4hrleistung ausgeschlossen. Bei Wechselstrom wird die Pumpe mit einem eingebauten Anlaufkondensator geliefert.<\/p>\n<p>Wir empfehlen, diese Pumpe mit der intelligenten <strong>Pumpensteuerung &#8220;Durchflussw\u00e4chter FLUOMAC\u00ae&#8221;Art.Nr: &nbsp;<a class=\"headerNavigation\" href=\"https:\/\/www.profi-pumpe.de\/TAUCHPUMPEN\/Zubehoer-Tauchpumpen\/Durchflusswaechter-FLUOMAC-R-Automatic-Controller-verkabelt::1325.html\">PS01121<\/a> <\/strong>. als automatisches Hauswasserwerk zu betreiben. Beim \u00d6ffnen des Wasserhahns wird die Pumpe automatisch eingeschaltet. Beim Schlie\u00dfen des Wasserhahns stoppt die Pumpe nach ca. 10 Sekunden selbstst\u00e4ndig. Die elektronische Pumpensteuerung FLUOMAC\u00ae- sch\u00fctzt die Pumpe vor Trockenlaufschutz und erh\u00f6ht die Lebensdauer. Im Vergleich mit \u00fcblichen Druckschaltern, verbrauchen Pumpen in Kombination der FLUOMAC\u00ae-Pumpensteuerung deutlich weniger Strom.<\/p>\n<p> Um den Energieverbrauch bei wechselnder Pumpenbelastung (bei Versorgung von WC-Waschmaschinen, Rasensprinkleranlagen) bis zu 85% zu senken, empfehlen wir den Einsatz der <strong>&#8220;STEADYPRES\u00ae -Pumpensteuerung 1&#8243;Art.Nr:&nbsp;<a class=\"headerNavigation\" href=\"http:\/\/www.profi-pumpe.de\/product_info.php\/info\/p834_INVERTER-Pumpensteuerung-1-IPS-1-.html\" target=\"_blank\" 1?.html?=\"\" inverter-pumpensteuerung=\"\"><\/a><a href=\"\/fr\/advanced_search_result.php\/?keywords=PS01117&amp;x=0&amp;y=0\" target=\"_blank\">PS01117<\/a> <\/strong>. Die STEADYPRES\u00ae 8,5Amp M\/M mit integriertem Trockenlaufschutz und einstellbarem Auto-Start sorgt f\u00fcr nahezu konstanten Druck im Wasserkreislauf, vermeidet gef\u00e4hrliche Druckschl\u00e4ge, Takten und \u00dcberhitzung der Pumpe. Dar\u00fcber hinaus wird die Pumpenlebensdauer wesentlich erh\u00f6ht und die Ger\u00e4uschentwicklung deutlich reduziert.<\/p>\n<p>Ein Drucktank verl\u00e4ngert ma\u00dfgeblich die Lebensdauer von Tauch-, Kreisel-, Brunnenpumpen oder Hauswasserwerken. Typischerweise hat das im Haus ankommendes Trink- und Brauchwasser (z.B. aus Zisternen) eine Temperatur von ca 5-10\u00b0C. Im Hauskeller kann sich das Wasser auf bis zu 30\u00b0C erw\u00e4rmen. Dadurch kann der Leitungsdruck bis auf ca. 10-15bar steigen. Viele Bauteile, wie etwa Wasser-Vorfilter oder die Wasserleitungen selbst, k\u00f6nnen diesem Druck nicht standhalten und bersten infolgedessen. Der Drucktank nimmt die Wasserausdehnung auf, sodass Druckanstieg in den Leitungen und Sch\u00e4den zuverl\u00e4ssig vermieden werden. Beim Ein- und Ausschalten von Pumpen kommt es zu Druckschl\u00e4gen in den Wasserleitungen.<br \/>\nDer Drucktank puffert die Druckschwankungen ab. Druckschl\u00e4ge werden vermieden. Der Drucktank sch\u00fctzt die Pumpe sowie Bauteile und Wasserleitungen.Das Ausdehnungsgef\u00e4\u00df tr\u00e4gt au\u00dferdem zur K\u00fchlung der Pumpe bei und hilft, die Pumpe zu schonen.<\/p>\n<\/div>\n<h3>De nombreuses bonnes raisons d'acheter ce produit :<\/h3>\n<div class=\"sale_motive\">\n<ul>\n<li>Solide, leistungsstarke, zuverl\u00e4ssige,mehrstufige Kreiselpumpe 4,3bar und F\u00f6rdermenge von ca. 5000l\/h bei einer Leistungsaufnahme von 1000 W<\/li>\n<li><strong>enorm leise<\/strong> trotz hoher Leistung<\/li>\n<li><strong>selbstansaugend<\/strong><\/li>\n<li><strong>Ansaugh\u00f6he bis 8 m<\/strong><\/li>\n<li>hohe Lebensdauer durch mechanische Dichtungen<\/li>\n<li>hochwertiges Edelstahlgeh\u00e4use mit extra breiten Montagefu\u00df und 2 Montagepunkten<\/li>\n<li>Jede Stufe ist mit einem verschlei\u00dffesten Ring aus Edelstahl versehen.<\/li>\n<li>Gleitringdichtung aus Aluminium\/ Graphit \u00f6lgeschmiert<\/li>\n<li>Spezieller Wellendichtring, um die Pumpe gegen Sand zu sch\u00fctzen.<\/li>\n<\/ul>\n<\/div>","protected":false},"excerpt":{"rendered":"<p>Mehrstufige, leistungsstarke Kreiselpumpe mit 1050Watt \/ 4,3bar \/ 5.000l\/h \/ SELBSTANSAUGEND! LEISE! \/ <strong>QUALIT\u00c4T-made in EU!<\/strong><\/p>","protected":false},"featured_media":39783,"comment_status":"open","ping_status":"closed","template":"","meta":[],"product_cat":[266,265,262,244],"product_tag":[],"class_list":{"0":"post-30609","1":"product","2":"type-product","3":"status-publish","4":"has-post-thumbnail","6":"product_cat-hauswasserautomat","7":"product_cat-kreiselpumpen-mit-druckschalter","8":"product_cat-kreiselpumpen-hauswasserwerke","9":"product_cat-startseite-pumpe","11":"first","12":"instock","13":"taxable","14":"shipping-taxable","15":"purchasable","16":"product-type-simple"},"_links":{"self":[{"href":"http:\/\/igel.wovodo.de:8085\/fr\/wp-json\/wp\/v2\/product\/30609","targetHints":{"allow":["GET"]}}],"collection":[{"href":"http:\/\/igel.wovodo.de:8085\/fr\/wp-json\/wp\/v2\/product"}],"about":[{"href":"http:\/\/igel.wovodo.de:8085\/fr\/wp-json\/wp\/v2\/types\/product"}],"replies":[{"embeddable":true,"href":"http:\/\/igel.wovodo.de:8085\/fr\/wp-json\/wp\/v2\/comments?post=30609"}],"version-history":[{"count":1,"href":"http:\/\/igel.wovodo.de:8085\/fr\/wp-json\/wp\/v2\/product\/30609\/revisions"}],"predecessor-version":[{"id":35219,"href":"http:\/\/igel.wovodo.de:8085\/fr\/wp-json\/wp\/v2\/product\/30609\/revisions\/35219"}],"wp:featuredmedia":[{"embeddable":true,"href":"http:\/\/igel.wovodo.de:8085\/fr\/wp-json\/wp\/v2\/media\/39783"}],"wp:attachment":[{"href":"http:\/\/igel.wovodo.de:8085\/fr\/wp-json\/wp\/v2\/media?parent=30609"}],"wp:term":[{"taxonomy":"product_cat","embeddable":true,"href":"http:\/\/igel.wovodo.de:8085\/fr\/wp-json\/wp\/v2\/product_cat?post=30609"},{"taxonomy":"product_tag","embeddable":true,"href":"http:\/\/igel.wovodo.de:8085\/fr\/wp-json\/wp\/v2\/product_tag?post=30609"}],"curies":[{"name":"wp","href":"https:\/\/api.w.org\/{rel}","templated":true}]}}