{"id":30598,"date":"2024-10-31T14:11:10","date_gmt":"2024-10-31T13:11:10","guid":{"rendered":"http:\/\/igel.wovodo.de:8085\/product\/b-ware-gartenbrunnen-4-tonkruege-im-baumfels-mit-led-licht\/"},"modified":"2024-12-04T10:26:06","modified_gmt":"2024-12-04T09:26:06","slug":"b-ware-gartenbrunnen-4-tonkruege-im-baumfels-mit-led-licht","status":"publish","type":"product","link":"http:\/\/igel.wovodo.de:8085\/fr\/product\/b-ware-gartenbrunnen-4-tonkruege-im-baumfels-mit-led-licht\/","title":{"rendered":"B-Ware Gartenbrunnen 4-TONKR\u00dcGE IM BAUMFELS mit LED-Licht"},"content":{"rendered":"<div class=\"sale_application\">\n<ul>\n<li>LED-Gartenbrunnen f\u00fcr den Innen- und Au\u00dfenbereich mit 230\/12V-Netzadapter<\/li>\n<\/ul><\/div>\n<div class=\"sale_description\"> <font color=\"FF0000\"><b>B-Ware :<\/b><\/p>\n<ul>\n<li>l\u00e9gers d\u00e9fauts optiques (par ex. petites rayures, etc.)<\/li>\n<li>produit enti\u00e8rement fonctionnel<\/li>\n<li>garantie l\u00e9gale r\u00e9duite \u00e0 1 an maximum<\/li>\n<\/ul>\n<p><\/font><\/p>\n<p><strong>D\u00e9coratif &amp; bienfaisant<\/strong><\/p>\n<p>Der Wasserbrunnen &#8220;4-TONKR\u00dcGE IM BAUMFELS&#8221; ist f\u00fcr den Innen- und Au\u00dfenbereich geeignet. Betrieben wird der stilvolle Garten- und Zimmerbrunnen mit einem 230\/12-Volt Netzadapter. Mit der naturgetreuen Moosdekoration sorgt der Indoor- und Outdoor-Brunnen f\u00fcr eine naturnahe Atmosph\u00e4re und Entspannung. Das Lebenselexier Wasser belebt Wohnzimmer, Esszimmer, Flure und Eingangsbereiche, Winterg\u00e4rten oder Balkone, Terrassen und G\u00e4rten im privaten wie gewerblichen Umfeld.<\/p>\n<p><strong>Steckfertiges Komplett-Set<\/strong><\/p>\n<p>Der Zimmer- und Gartenbrunnen kommt als Komplett-Set und l\u00e4sst sich leicht instandsetzen.<\/p>\n<p><strong>Un accroche-regard parfait<\/strong><\/p>\n<p>Der Gartenbrunnen ist sowohl bei Tag als auch bei Nacht der perfekte Blickfang. Die mitgelieferte LED-Beleuchtung sorgt f\u00fcr die perfekte Illumination. Die LED-Lichter des austauschbaren LED-Rings erstrahlen in einem warmen Wei\u00df.<\/p>\n<p><strong>Valeur s\u00fbre, durabilit\u00e9 et s\u00e9curit\u00e9 de fonctionnement<\/strong><\/p>\n<p>Der wirkungsvolle Zierbrunnen <b>&#8220;4-TONKR\u00dcGE IM BAUMFELS&#8221;<\/b> ist f\u00fcr den 230-Volt-Betrieb vorgesehen. Die Pumpe und die LEDs werden mit sicherer 12V-Niederspannung betrieben (Adapter im Lieferumfang enthalten). Alle Kabelverbindungen sind verpolungssicher, wasserdicht und absolut funktionssicher. Dank praktischer Steckverbindungen sind alle Komponenten jederzeit austauschbar. So k\u00f6nnen Sie den Wasserbrunnen <b>&#8220;4-TONKR\u00dcGE IM BAUMFELS&#8221;&#8221;<\/b> und das flie\u00dfende Wasser jahrelang genie\u00dfen!<\/p>\n<p style=\"font-size:11px;\"><b>Avis juridique :<\/b> Nos produits sont color\u00e9s individuellement \u00e0 la main, des diff\u00e9rences de couleur ne peuvent donc pas \u00eatre \u00e9vit\u00e9es. En outre, en raison des conditions d'\u00e9clairage lors de la photographie du produit et des diff\u00e9rents r\u00e9glages de l'\u00e9cran, il peut arriver que la couleur du produit ne soit pas reproduite de mani\u00e8re authentique et ne constitue donc pas un motif de r\u00e9clamation.<\/p>\n<p><p><b>Remarque :<\/b> Le gel peut endommager la fontaine de jardin et la pompe. Sur<br \/>\nrisque de gel, la fontaine de jardin et la pompe doivent \u00eatre vid\u00e9es,<br \/>\nrinc\u00e9s \u00e0 l'eau claire et stock\u00e9s au sec. Ensuite, les<br \/>\n  vous en profiterez tr\u00e8s longtemps !<\/p>\n<\/p><\/div>\n<h3>De nombreuses bonnes raisons d'acheter ce produit :<\/h3>\n<div class=\"sale_motive\">\n<ul>\n<li>Steckfertiger, sofort einsatzbereiter Brunnen in phantasievollem Design mit naturgetreuer Moosdekoration<\/li>\n<li>wirkt belebend auf die Sinne &amp; verbessert die Luftqualit\u00e4t<\/li>\n<li>d\u00e9coratif et utile<\/li>\n<li>optimal auch f\u00fcr kleine Fl\u00e4chen<\/li>\n<li>Tag- und Nachtbetrieb<\/li>\n<li>Mit 230V\/12V-Anschluss, 3,6 Watt Pumpe, LED-Ring in warmem Wei\u00df<\/li>\n<\/ul>\n<\/div>","protected":false},"excerpt":{"rendered":"<p>Gartenbrunnen TONKR\u00dcGE IM BAUMFELS mit naturgetreuer Moosdekoration<br \/>\n  inkl. austauschbarem LED-Ring mit 3 LED-Leuchten.<\/p>","protected":false},"featured_media":33440,"comment_status":"open","ping_status":"closed","template":"","meta":[],"product_cat":[183,177,179],"product_tag":[],"class_list":{"0":"post-30598","1":"product","2":"type-product","3":"status-publish","4":"has-post-thumbnail","6":"product_cat-230v","7":"product_cat-b-ware-gartenbrunnen","8":"product_cat-b-ware-garten-u-zimmer-brunnen","10":"first","11":"instock","12":"sale","13":"taxable","14":"shipping-taxable","15":"purchasable","16":"product-type-simple"},"_links":{"self":[{"href":"http:\/\/igel.wovodo.de:8085\/fr\/wp-json\/wp\/v2\/product\/30598","targetHints":{"allow":["GET"]}}],"collection":[{"href":"http:\/\/igel.wovodo.de:8085\/fr\/wp-json\/wp\/v2\/product"}],"about":[{"href":"http:\/\/igel.wovodo.de:8085\/fr\/wp-json\/wp\/v2\/types\/product"}],"replies":[{"embeddable":true,"href":"http:\/\/igel.wovodo.de:8085\/fr\/wp-json\/wp\/v2\/comments?post=30598"}],"version-history":[{"count":1,"href":"http:\/\/igel.wovodo.de:8085\/fr\/wp-json\/wp\/v2\/product\/30598\/revisions"}],"predecessor-version":[{"id":35208,"href":"http:\/\/igel.wovodo.de:8085\/fr\/wp-json\/wp\/v2\/product\/30598\/revisions\/35208"}],"wp:featuredmedia":[{"embeddable":true,"href":"http:\/\/igel.wovodo.de:8085\/fr\/wp-json\/wp\/v2\/media\/33440"}],"wp:attachment":[{"href":"http:\/\/igel.wovodo.de:8085\/fr\/wp-json\/wp\/v2\/media?parent=30598"}],"wp:term":[{"taxonomy":"product_cat","embeddable":true,"href":"http:\/\/igel.wovodo.de:8085\/fr\/wp-json\/wp\/v2\/product_cat?post=30598"},{"taxonomy":"product_tag","embeddable":true,"href":"http:\/\/igel.wovodo.de:8085\/fr\/wp-json\/wp\/v2\/product_tag?post=30598"}],"curies":[{"name":"wp","href":"https:\/\/api.w.org\/{rel}","templated":true}]}}