{"id":30595,"date":"2024-10-31T14:11:08","date_gmt":"2024-10-31T13:11:08","guid":{"rendered":"http:\/\/igel.wovodo.de:8085\/product\/schmutzwasser-bautauchpumpe-bau-star-750-1\/"},"modified":"2025-01-27T12:31:13","modified_gmt":"2025-01-27T11:31:13","slug":"schmutzwasser-bautauchpumpe-bau-star-750-1","status":"publish","type":"product","link":"http:\/\/igel.wovodo.de:8085\/fr\/product\/schmutzwasser-bautauchpumpe-bau-star-750-1\/","title":{"rendered":"Schmutzwasser-Bautauchpumpe BAU-Star 750-1"},"content":{"rendered":"<div class=\"sale_application\">\n<ul>\n<li>perfekt zum Auspumpen \u00fcberschwemmter Fl\u00e4chen!<\/li>\n<li>Aus- und Umpumpen von gro\u00dfen Wasseransammlungen in Baugruben<\/li>\n<li>zur Kellerentw\u00e4sserung <\/li>\n<li>als F\u00e4kalienpumpe<\/li>\n<li>als Drainagepumpe <\/li>\n<li>Umw\u00e4lzen von gro\u00dfen Wasseransammlungen<\/li>\n<li>zur Entw\u00e4sserung von Teichen, Wasserl\u00f6chern bzw. Wassergruben<\/li>\n<li>R\u00e9cup\u00e9ration de l'eau de pluie<\/li>\n<\/ul><\/div>\n<div class=\"sale_description\">\n<p>Le site <b>Bau-Star 750 <\/b>ist eine Abwasser- Tauchpumpe, die mit wartungs- und leckfreien doppelten mechanischen Dichtung ausgestattet ist. Laufrad und Spiralgeh\u00e4use sind speziell f\u00fcr die Abwasserpumpe entwickelt und sorgen f\u00fcr ein optimales Zusammenspiel bei der Bew\u00e4ltigung der hohen Anforderungen im Abwasserbereich.<br \/>Trotz ihrer geringen Leistungsaufnahme schafft sie eine F\u00f6rdermenge von 18.000 l\/h und eine F\u00f6rderh\u00f6he von 12m. Durch den integrierten Tragegriff ist die Bautauchpumpe f\u00fcr Abwasser\/ Schmutzwasser mobil und schnell einsatzbereit. Mit einer maximalen Partikelgr\u00f6\u00dfe von 20 mm hat die Schmutzwassertauchpumpe einen noch gr\u00f6\u00dferen Anwendungsbereich. Die solide Konstruktion und der Schwimmerschalter gew\u00e4hren eine hohe Lebensdauer der Pumpe.<\/p>\n<\/div>\n<h3>De nombreuses bonnes raisons d'acheter ce produit :<\/h3>\n<div class=\"sale_motive\">\n<ul>\n<li>durch wartungs- und leckfreie doppelte mechanische Dichtung hat die Pumpe viel h\u00f6here Lebensdauer als herk\u00f6mmliche Pumpen<\/li>\n<li>extrem robuste, stabile Ausf\u00fchrung durch spezielles Geh\u00e4use und Laufrad<\/li>\n<li>F\u00f6rderh\u00f6he von 12m bei einer Leistungsaufnahme von 750 W<\/li>\n<li>transportable et rapidement pr\u00eat \u00e0 l'emploi<\/li>\n<li>integrierter Motorschutzschalter (\u00dcberhitzungsschutz)<\/li>\n<li>inklusive Schwimmerschalter<\/li>\n<li>durch einen hochwertigen Asynchronmotor wesentlich h\u00f6here Lebensdauer<\/li>\n<\/ul>\n<\/div>","protected":false},"excerpt":{"rendered":"<ul>\n<li>max. F\u00f6rderh\u00f6he (Hmax.) 12m<\/li>\n<li>max. Druck (Pmax.) 1,2bar<\/li>\n<li>max. F\u00f6rdermenge (Qmax.) 18.000l\/h<\/li>\n<\/ul>","protected":false},"featured_media":39850,"comment_status":"open","ping_status":"closed","template":"","meta":[],"product_cat":[279,377],"product_tag":[],"class_list":{"0":"post-30595","1":"product","2":"type-product","3":"status-publish","4":"has-post-thumbnail","6":"product_cat-schmutzwasserpumpe","7":"product_cat-mit-schwimmerschalter","9":"first","10":"instock","11":"taxable","12":"shipping-taxable","13":"purchasable","14":"product-type-simple"},"_links":{"self":[{"href":"http:\/\/igel.wovodo.de:8085\/fr\/wp-json\/wp\/v2\/product\/30595","targetHints":{"allow":["GET"]}}],"collection":[{"href":"http:\/\/igel.wovodo.de:8085\/fr\/wp-json\/wp\/v2\/product"}],"about":[{"href":"http:\/\/igel.wovodo.de:8085\/fr\/wp-json\/wp\/v2\/types\/product"}],"replies":[{"embeddable":true,"href":"http:\/\/igel.wovodo.de:8085\/fr\/wp-json\/wp\/v2\/comments?post=30595"}],"version-history":[{"count":1,"href":"http:\/\/igel.wovodo.de:8085\/fr\/wp-json\/wp\/v2\/product\/30595\/revisions"}],"predecessor-version":[{"id":35205,"href":"http:\/\/igel.wovodo.de:8085\/fr\/wp-json\/wp\/v2\/product\/30595\/revisions\/35205"}],"wp:featuredmedia":[{"embeddable":true,"href":"http:\/\/igel.wovodo.de:8085\/fr\/wp-json\/wp\/v2\/media\/39850"}],"wp:attachment":[{"href":"http:\/\/igel.wovodo.de:8085\/fr\/wp-json\/wp\/v2\/media?parent=30595"}],"wp:term":[{"taxonomy":"product_cat","embeddable":true,"href":"http:\/\/igel.wovodo.de:8085\/fr\/wp-json\/wp\/v2\/product_cat?post=30595"},{"taxonomy":"product_tag","embeddable":true,"href":"http:\/\/igel.wovodo.de:8085\/fr\/wp-json\/wp\/v2\/product_tag?post=30595"}],"curies":[{"name":"wp","href":"https:\/\/api.w.org\/{rel}","templated":true}]}}