{"id":30591,"date":"2024-10-31T14:11:06","date_gmt":"2024-10-31T13:11:06","guid":{"rendered":"http:\/\/igel.wovodo.de:8085\/product\/airbrush-farben-10er-set-fuer-fingernaegel\/"},"modified":"2025-01-27T12:31:12","modified_gmt":"2025-01-27T11:31:12","slug":"airbrush-farben-10er-set-fuer-fingernaegel","status":"publish","type":"product","link":"http:\/\/igel.wovodo.de:8085\/fr\/product\/airbrush-farben-10er-set-fuer-fingernaegel\/","title":{"rendered":"Airbrush Farben 10er Set f\u00fcr Fingern\u00e4gel"},"content":{"rendered":"<div class=\"sale_application\">\n<p><strong>Ideal f\u00fcr Nail Art, Nageldesign, Fingern\u00e4gel usw.<\/strong><\/p>\n<\/p><\/div>\n<div class=\"sale_description\">\n<p>Mit unserem <b>&#8220;Airbrush Fingernagel-Farben 10er Set&#8221;<\/b> erhalten Sie 10x10ml trendige Airbrush-Nagel-Farben f\u00fcr die <b>einfache und schnelle Erstellung von professionellen Nagel-Designs<\/b> &#8211; lassen Sie Ihrer Kreativit\u00e4t freien Lauf!<\/p>\n<p>Das auf Wasser\/ Acryl basierende Airbrush-Naildesign Farben-Set enth\u00e4lt 10 Fl\u00e4schchen mit je 10ml Airbrush-Nagel-Farben in den Farben white, mid yellow, pearly orange, mid green, red, purple, ultramarine, black, pearly silver gray und pearly golden.<\/p>\n<p>Die Farben sind <b>sicher in der Anwendung, leuchtstark und ergiebig<\/b>.<\/p>\n<p>Vor dem Einsatz von selbst angemischten Farben in Airbrush-Pistolen bitte pr\u00fcfen, ob die Farben miteinader mischbar sind. Sind unerw\u00fcnschte Reaktionen (z.B Verklumpung) feststellbar, ist vom Einsatz in Airbrush abzusehen.<\/p>\n<p>\n<b>Anmerkung zur Produkthaltbarkeit:<\/b> Die Angabe eines Mindesthaltbarkeitsdatums ist gesetzlich vorgeschrieben. Die Haltbarkeit unserer Airbrush-Farben betr\u00e4gt mindestens zehn Jahre. Wir versichern Ihnen, dass die Verwendung der Farben &#8211; auch nach Ablauf des Mindesthaltbarkeitsdatums &#8211; f\u00fcr den jeweils empfohlenen Einsatzzweck noch jahrelang v\u00f6llig unbedenklich ist. Die \u00e4lteste bei uns f\u00fcr Testzwecke zur Haltbarkeit aufbewahrte und vollkommen intakte Farbe ist etwa 5Jahre alt.<\/p>\n<\/div>\n<h3>De nombreuses bonnes raisons d'acheter ce produit :<\/h3>\n<div class=\"sale_motive\">\n<ul>\n<li>einfach und sicher in der Anwendung<\/li>\n<li>ergiebige, leuchtstarke Farben<\/li>\n<li>f\u00fcr Einsteiger &amp; Profis bestens geeignet!<\/li>\n<\/ul>\n<\/div>","protected":false},"excerpt":{"rendered":"<p>Ideal f\u00fcr Nail Art, Nageldesign, Fingern\u00e4gel usw. Mit unserem &#8220;Airbrush Fingernagel-Farben 10er Set&#8221; erhalten Sie 10x10ml trendige Airbrush-Nagel-Farben f\u00fcr die<\/p>","protected":false},"featured_media":33415,"comment_status":"open","ping_status":"closed","template":"","meta":[],"product_cat":[235,237,193],"product_tag":[],"class_list":{"0":"post-30591","1":"product","2":"type-product","3":"status-publish","4":"has-post-thumbnail","6":"product_cat-airbrush-farben","7":"product_cat-airbrush-farben-set","8":"product_cat-nailart-set","10":"first","11":"instock","12":"taxable","13":"shipping-taxable","14":"purchasable","15":"product-type-simple"},"_links":{"self":[{"href":"http:\/\/igel.wovodo.de:8085\/fr\/wp-json\/wp\/v2\/product\/30591","targetHints":{"allow":["GET"]}}],"collection":[{"href":"http:\/\/igel.wovodo.de:8085\/fr\/wp-json\/wp\/v2\/product"}],"about":[{"href":"http:\/\/igel.wovodo.de:8085\/fr\/wp-json\/wp\/v2\/types\/product"}],"replies":[{"embeddable":true,"href":"http:\/\/igel.wovodo.de:8085\/fr\/wp-json\/wp\/v2\/comments?post=30591"}],"version-history":[{"count":0,"href":"http:\/\/igel.wovodo.de:8085\/fr\/wp-json\/wp\/v2\/product\/30591\/revisions"}],"wp:featuredmedia":[{"embeddable":true,"href":"http:\/\/igel.wovodo.de:8085\/fr\/wp-json\/wp\/v2\/media\/33415"}],"wp:attachment":[{"href":"http:\/\/igel.wovodo.de:8085\/fr\/wp-json\/wp\/v2\/media?parent=30591"}],"wp:term":[{"taxonomy":"product_cat","embeddable":true,"href":"http:\/\/igel.wovodo.de:8085\/fr\/wp-json\/wp\/v2\/product_cat?post=30591"},{"taxonomy":"product_tag","embeddable":true,"href":"http:\/\/igel.wovodo.de:8085\/fr\/wp-json\/wp\/v2\/product_tag?post=30591"}],"curies":[{"name":"wp","href":"https:\/\/api.w.org\/{rel}","templated":true}]}}