{"id":30587,"date":"2024-10-31T14:11:04","date_gmt":"2024-10-31T13:11:04","guid":{"rendered":"http:\/\/igel.wovodo.de:8085\/product\/230v-zimmerbrunnen-phoenix-flamme-mit-led-licht\/"},"modified":"2025-01-27T12:31:12","modified_gmt":"2025-01-27T11:31:12","slug":"230v-zimmerbrunnen-phoenix-flamme-mit-led-licht","status":"publish","type":"product","link":"http:\/\/igel.wovodo.de:8085\/fr\/product\/230v-zimmerbrunnen-phoenix-flamme-mit-led-licht\/","title":{"rendered":"230V &#8211; Zimmerbrunnen PHOENIX-FLAMME mit LED-Licht"},"content":{"rendered":"<div class=\"sale_application\">\n<ul>\n<li>LED-Zimmerbrunnen f\u00fcr den Innenbereich mit 230\/12V-Netzadapter<\/li>\n<\/ul><\/div>\n<div class=\"sale_description\">\n<div><strong>D\u00e9coratif &amp; bienfaisant<\/strong><\/p>\n<p>Der Brunnen <b>&#8220;PHOENIX-FLAMME&#8221;<\/b> mit 1 austauschbaren LED-Licht (1*4) ist f\u00fcr den Innenbereich geeignet. Betrieben wird der stilvolle Wasserbrunnen mit einem 230\/12-Volt Netzadapter. Der moderne Zimmerbrunnen sorgt f\u00fcr eine harmonische Atmosph\u00e4re und Entspannung. Das Lebenselixier Wasser belebt Wohnzimmer, Esszimmer, Flure und Eingangsbereiche im privaten wie gewerblichen Umfeld.\n  <\/p>\n<p><\/p>\n<div class=\"embed-responsive embed-responsive-16by9\">\n<iframe width=\"560\" height=\"315\" src=\"https:\/\/www.youtube-nocookie.com\/embed\/jQSeMhb6IS0?si=MwONaiXmopCliCcJ&#038;rel=0\" title=\"Lecteur vid\u00e9o YouTube\" frameborder=\"0\" allow=\"accelerometer; autoplay; clipboard-write; encrypted-media; gyroscope; picture-in-picture; web-share\" allowfullscreen=\"\"><\/iframe>\n<\/div>\n<p><strong>Der perfekte Blickfang<\/strong><\/p>\n<p>Der Zimmerbrunnen ist sowohl bei Tag als auch bei Nacht der perfekte Hingucker. Die mitgelieferte LED-Beleuchtung sorgt f\u00fcr die perfekte Illumination. Die LED-Lichter des austauschbaren LED-Rings erstrahlen in einem warmen Wei\u00df.<\/p>\n<p> <br \/>\n<strong>Valeur s\u00fbre, durabilit\u00e9 et s\u00e9curit\u00e9 de fonctionnement<\/strong><\/p>\n<p>Der Wasserbrunnen ist f\u00fcr den 230-Volt-Betrieb vorgesehen. Die Pumpe und die LEDs werden mit sicherer 12V-Niederspannung betrieben (Adapter im Lieferumfang enthalten). Alle Kabelverbindungen sind verpolungssicher, wasserdicht und absolut funktionssicher. Dank praktischer Steckverbindungen sind alle Komponenten jederzeit austauschbar. So k\u00f6nnen Sie den Wasserbrunnen mit der effektvollen LED-Beleuchtung und das flie\u00dfende Wasser jahrelang genie\u00dfen!<\/p>\n<p><\/p>\n<p style=\"font-size:11px;\"><b>Avis juridique :<\/b> Nos produits sont color\u00e9s individuellement \u00e0 la main, des diff\u00e9rences de couleur ne peuvent donc pas \u00eatre \u00e9vit\u00e9es. En outre, en raison des conditions d'\u00e9clairage lors de la photographie du produit et des diff\u00e9rents r\u00e9glages de l'\u00e9cran, il peut arriver que la couleur du produit ne soit pas reproduite de mani\u00e8re authentique et ne constitue donc pas un motif de r\u00e9clamation.<\/p>\n<\/div>\n<\/div>\n<h3>De nombreuses bonnes raisons d'acheter ce produit :<\/h3>\n<div class=\"sale_motive\">\n<ul>\n<li>Steckfertiger, sofort einsatzbereiter Zimmerbrunnen<\/li>\n<li>2 Jahre Garantie, Lebensdauer \u00fcber 60.000 Betriebsstunden<b>* (Hinweis weiter unten)<\/b><\/li>\n<li>a un effet vivifiant sur les sens<\/li>\n<li>am\u00e9liore la qualit\u00e9 de l'air<\/li>\n<li>moderne Skulptur in Stein-Optik<\/li>\n<li>n\u00fctzlich und dekorativ<\/li>\n<li>Indoor-Brunnen<\/li>\n<li>Avec raccordement 230V\/12V<\/li>\n<li>Inkl. 2 Watt Pumpe<\/li>\n<li>Inkl. LED-Lichter in warmem Wei\u00df (austauschbar)<\/li>\n<\/ul>\n<p>*Garantie gilt nur f\u00fcr die Pumpe, nicht f\u00fcr die Figur oder die Kabel.<\/p>\n<\/div>","protected":false},"excerpt":{"rendered":"<p>Zimmerbrunnen &#8220;PHOENIX-FLAMME&#8221; mit 1 austauschbarem LED-Licht (1*4)<br \/>\nin wirklichkeitsgetreuer Steinoptik<\/p>","protected":false},"featured_media":37703,"comment_status":"open","ping_status":"closed","template":"","meta":[],"product_cat":[319,403],"product_tag":[],"class_list":{"0":"post-30587","1":"product","2":"type-product","3":"status-publish","4":"has-post-thumbnail","6":"product_cat-zimmerbrunnen","7":"product_cat-klein","9":"first","10":"instock","11":"taxable","12":"shipping-taxable","13":"purchasable","14":"product-type-simple"},"_links":{"self":[{"href":"http:\/\/igel.wovodo.de:8085\/fr\/wp-json\/wp\/v2\/product\/30587","targetHints":{"allow":["GET"]}}],"collection":[{"href":"http:\/\/igel.wovodo.de:8085\/fr\/wp-json\/wp\/v2\/product"}],"about":[{"href":"http:\/\/igel.wovodo.de:8085\/fr\/wp-json\/wp\/v2\/types\/product"}],"replies":[{"embeddable":true,"href":"http:\/\/igel.wovodo.de:8085\/fr\/wp-json\/wp\/v2\/comments?post=30587"}],"version-history":[{"count":5,"href":"http:\/\/igel.wovodo.de:8085\/fr\/wp-json\/wp\/v2\/product\/30587\/revisions"}],"predecessor-version":[{"id":39943,"href":"http:\/\/igel.wovodo.de:8085\/fr\/wp-json\/wp\/v2\/product\/30587\/revisions\/39943"}],"wp:featuredmedia":[{"embeddable":true,"href":"http:\/\/igel.wovodo.de:8085\/fr\/wp-json\/wp\/v2\/media\/37703"}],"wp:attachment":[{"href":"http:\/\/igel.wovodo.de:8085\/fr\/wp-json\/wp\/v2\/media?parent=30587"}],"wp:term":[{"taxonomy":"product_cat","embeddable":true,"href":"http:\/\/igel.wovodo.de:8085\/fr\/wp-json\/wp\/v2\/product_cat?post=30587"},{"taxonomy":"product_tag","embeddable":true,"href":"http:\/\/igel.wovodo.de:8085\/fr\/wp-json\/wp\/v2\/product_tag?post=30587"}],"curies":[{"name":"wp","href":"https:\/\/api.w.org\/{rel}","templated":true}]}}