{"id":30453,"date":"2024-10-31T14:09:43","date_gmt":"2024-10-31T13:09:43","guid":{"rendered":"http:\/\/igel.wovodo.de:8085\/product\/solar-gartenbrunnen-modern-2-mit-led-licht-und-li-ion-akku\/"},"modified":"2025-01-27T12:30:33","modified_gmt":"2025-01-27T11:30:33","slug":"solar-gartenbrunnen-modern-2-mit-led-licht-und-li-ion-akku","status":"publish","type":"product","link":"http:\/\/igel.wovodo.de:8085\/fr\/product\/solar-gartenbrunnen-modern-2-mit-led-licht-und-li-ion-akku\/","title":{"rendered":"Solar Gartenbrunnen MODERN-2 mit LED-Licht und Li-Ion-Akku"},"content":{"rendered":"<div class=\"sale_application\">\n<p>Solarbetriebener Garten-Brunnen mit Li-Ion Akku und LED-Licht<\/p>\n<\/p><\/div>\n<div class=\"sale_description\">\n<p>Ihr neues Lieblingsst\u00fcck f\u00fcr den Garten wartet auf Sie! Der <b>Solar Gartenbrunnen MODERN-2<\/b> passt perfekt in jeden Garten, auf den Balkon oder auf die Terrasse. Er \u00fcberzeugt mit seinem schlichten aber schicken und modernen Design. Dazu das flie\u00dfende Wasser und das strahlende LED-Licht bei Nacht machen diesen Gartenbrunnen zu einem echten Hingucker! Die hochwertig verbauten Komponenten bringen das Wasser zuverl\u00e4ssig zum Flie\u00dfen. Je st\u00e4rker das Sonnenlicht ist, desto lebendiger wird das Wasserspiel! Das sanfte Rauschen des Wassers und das Funkeln im Sonnenlicht l\u00e4sst eine Wohlf\u00fchlatmosph\u00e4re entstehen. An hei\u00dfen Sommertagen kann der Gartenbrunnen f\u00fcr ein angenehmes Mikroklima sorgen.<\/p>\n<h2>Tag- und Nachtbetrieb<\/h2>\n<p>Dieser Solarbrunnen hat einen eingebauten Akku im Solarpanel. Sobald die Sonnenstrahlen das Solarpanel treffen wird der Akku geladen. Bei schlechten Lichtverh\u00e4ltnissen oder nach dem Sonnenuntergang kann der Solarbrunnen durch den vollgeladenen Akku weiter betrieben werden. Dies ist wichtig da das LED-Licht erst in der Nacht seine richtige Wirkung entfalten kann. Am n\u00e4chsten Tag schaltet die Pumpe automatisch in den Solarmodus, wenn genug Sonnenlicht vorhanden ist. Die Akku-Funktion kann aber auch ausgeschaltet werden.<\/p>\n<h2>Individuelle Platzierung<\/h2>\n<p>Da Sie f\u00fcr diesen Gartenbrunnen keine Steckdose ben\u00f6tigen, k\u00f6nnen Sie Ihren neuen Solarbrunnen in jede Ecke ihres Gartens stellen, wenn dort ausreichend Sonnenlicht vorhanden ist.<br \/>\nSo sind Sie frei in der Gestaltung Ihrer neuen Wohlf\u00fchlatmosph\u00e4re. Au\u00dferdem entf\u00e4llt das l\u00e4stige Verlegen des 230V-Kabels und die Nutzung ist auch noch viel sicherer. Verschwenden Sie keine Nerven mehr durch besch\u00e4digte Kabel von Nagetieren und dadurch verursachten Stromausf\u00e4llen.<br \/>\nBitte bedenken Sie, dass das Solarpanel stets im vollen Sonnenlicht zu platzieren und auszurichten ist, da sonst keine Pumpenfunktion garantiert werden kann.<\/p>\n<p><strong>Produkt-Info zum Li-Ion-Akku:<\/strong><\/p>\n<p>Die innovativen Li-Ion-Akkus haben keinen Memory-Effekt. Das ist besonders bei h\u00e4ufigen Auf- und Entladevorg\u00e4ngen wie bei Solarteichpumpen enorm wichtig, um langfristig die <strong>optimale Akku-Kapazit\u00e4t<\/strong> zu erreichen. Die Li-Ion-Akkus sind wesentlich besser bez\u00fcglich Temperaturschwankungen als herk\u00f6mmliche Akkus. Es erwartet Sie ein l\u00e4nger andauerndes und lebendigeres Wasserspiel. Die Funktion des Solar-Brunnens startet bereits bei minimaler Aufladung &#8211; automatisch! Als <strong>Schutz vor Tiefentladung<\/strong> erfolgt eine automatische Abschaltung bei Erreichen des Mindest-Endladezustands. <strong>Kein Akku-Wechsel erforderlich!<\/strong> <b><font color=\"#048610\">Insgesamt haben die Li-Ion-Akkus im Vergleich zu herk\u00f6mmlichen Akkus eine 3 mal l\u00e4ngere Laufzeit und eine bis zu 10-FACHE Lebensdauer beim Betrieb mit Solarteichpumpen!<br \/><\/font><\/b><\/p>\n<p><b>Akku im Solarpanel nicht gen\u00fcgend aufgeladen ist, da dieses bei Auslieferung nur bis zu 30% Kapazit\u00e4t hat.<br \/>\nBitte lassen Sie das Solarpanel erst einmal 2 Tage aufladen, bevor Sie es benutzen.<\/b><\/p>\n<p style=\"font-size:11px;\"><b>Avis juridique :<\/b> Nos produits sont color\u00e9s individuellement \u00e0 la main, des diff\u00e9rences de couleur ne peuvent donc pas \u00eatre \u00e9vit\u00e9es. En outre, en raison des conditions d'\u00e9clairage lors de la photographie du produit et des diff\u00e9rents r\u00e9glages de l'\u00e9cran, il peut arriver que la couleur du produit ne soit pas reproduite de mani\u00e8re authentique et ne constitue donc pas un motif de r\u00e9clamation.<\/p>\n<p><p><b>Remarque :<\/b> Le gel peut endommager la fontaine de jardin et la pompe. En cas de risque de gel, il faut <b>la fontaine de jardin et la pompe doivent \u00eatre vid\u00e9es<\/b>Rinc\u00e9s \u00e0 l'eau claire, ils doivent \u00eatre stock\u00e9s au sec. Vous en profiterez alors tr\u00e8s longtemps !<\/p>\n<\/p>\n<\/div>\n<h3>De nombreuses bonnes raisons d'acheter ce produit :<\/h3>\n<div class=\"sale_motive\">\n<ul>\n<li>Steckfertiges Solarpumpensystem &#8211; <strong>sofort einsatzbereit<\/strong><\/li>\n<li>2 Jahre Garantie*, Lebensdauer \u00fcber 60.000 Betriebsstunden<\/li>\n<li><strong>Tag- und Nachtbetrieb<\/strong> durch Solar- und Akku-Betrieb<\/li>\n<li>Mit LED-Licht f\u00fcr den Nachtbetrieb<\/li>\n<li>F\u00fcr <strong>Garten<\/strong>, dem <strong>Balkon<\/strong> oder die <strong>Terrasse<\/strong><\/li>\n<li>Hochwertiges Solarpanel im <strong>stabilen bruchfesten ALU-RAHMEN<\/strong> mit einer Leistung von 2 Watt<\/li>\n<li>Es wird kein zus\u00e4tzlicher Strom verbraucht &#8211; Betrieb ohne Folgekosten<\/li>\n<li>Das Verlegen von 230V-Kabeln im Garten entf\u00e4llt<\/li>\n<li>Integrierter Filter sch\u00fctzt die Pumpe (l\u00e4sst sich leicht reinigen)<\/li>\n<li><strong>Sch\u00f6nes Design &#8211; der perfekte Blickfang!<\/strong><\/li>\n<li>Einstellbarer Winkel des Solarmoduls und 5 Meter Anschlusskabel machen eine optimale Platzierung des Panels im sonnigen Bereich m\u00f6glich<\/li>\n<\/ul>\n<p>*Garantie gilt nur f\u00fcr die Teichpumpe, nicht f\u00fcr das Solarpanel oder die Kabel.<\/p>\n<\/div>","protected":false},"excerpt":{"rendered":"<p>Hochwertiges, solarbetriebenes Pumpensystem f\u00fcr den Au\u00dfenbereich &#8211; mit LED-Beleuchtung.<br \/>\nSchaffen Sie sich eine Wohlf\u00fchloase!<br \/>Tag- und Nachtbetrieb!<\/p>","protected":false},"featured_media":39507,"comment_status":"open","ping_status":"closed","template":"","meta":[],"product_cat":[278,244],"product_tag":[],"class_list":{"0":"post-30453","1":"product","2":"type-product","3":"status-publish","4":"has-post-thumbnail","6":"product_cat-brunnen-mit-solar-betrieb","7":"product_cat-startseite-pumpe","9":"first","10":"instock","11":"taxable","12":"shipping-taxable","13":"purchasable","14":"product-type-simple"},"_links":{"self":[{"href":"http:\/\/igel.wovodo.de:8085\/fr\/wp-json\/wp\/v2\/product\/30453","targetHints":{"allow":["GET"]}}],"collection":[{"href":"http:\/\/igel.wovodo.de:8085\/fr\/wp-json\/wp\/v2\/product"}],"about":[{"href":"http:\/\/igel.wovodo.de:8085\/fr\/wp-json\/wp\/v2\/types\/product"}],"replies":[{"embeddable":true,"href":"http:\/\/igel.wovodo.de:8085\/fr\/wp-json\/wp\/v2\/comments?post=30453"}],"version-history":[{"count":2,"href":"http:\/\/igel.wovodo.de:8085\/fr\/wp-json\/wp\/v2\/product\/30453\/revisions"}],"predecessor-version":[{"id":38716,"href":"http:\/\/igel.wovodo.de:8085\/fr\/wp-json\/wp\/v2\/product\/30453\/revisions\/38716"}],"wp:featuredmedia":[{"embeddable":true,"href":"http:\/\/igel.wovodo.de:8085\/fr\/wp-json\/wp\/v2\/media\/39507"}],"wp:attachment":[{"href":"http:\/\/igel.wovodo.de:8085\/fr\/wp-json\/wp\/v2\/media?parent=30453"}],"wp:term":[{"taxonomy":"product_cat","embeddable":true,"href":"http:\/\/igel.wovodo.de:8085\/fr\/wp-json\/wp\/v2\/product_cat?post=30453"},{"taxonomy":"product_tag","embeddable":true,"href":"http:\/\/igel.wovodo.de:8085\/fr\/wp-json\/wp\/v2\/product_tag?post=30453"}],"curies":[{"name":"wp","href":"https:\/\/api.w.org\/{rel}","templated":true}]}}