{"id":30450,"date":"2024-10-31T14:09:39","date_gmt":"2024-10-31T13:09:39","guid":{"rendered":"http:\/\/igel.wovodo.de:8085\/product\/set-diesel-star-160-1-4-24v-mit-zubehoer-paket-3\/"},"modified":"2025-01-27T12:30:32","modified_gmt":"2025-01-27T11:30:32","slug":"set-diesel-star-160-1-4-24v-mit-zubehoer-paket-3","status":"publish","type":"product","link":"http:\/\/igel.wovodo.de:8085\/fr\/product\/set-diesel-star-160-1-4-24v-mit-zubehoer-paket-3\/","title":{"rendered":"Set Diesel Star 160-1-4 &#8211; 24V mit Zubeh\u00f6r Paket 3"},"content":{"rendered":"<div class=\"sale_application\">\n<ul>\n<li>24-Volt Dieselpumpe mit Batterieklemmen und umfangreichem Zubeh\u00f6r-Paket<\/li>\n<li>F\u00fcr Diesel, Heiz\u00f6l, Bio-Diesel<\/li>\n<\/ul>\n<\/div>\n<div class=\"sale_description\">\n<p>Ob unterwegs, ob beim Camping, ob im Heizungskeller, ob in der Garage oder vor der Haust\u00fcr &#8211; &uuml;berall wird Ihnen diese Dieselpumpe beste Dienste leisten! Die Einsatzgebiete sind dank dieser Mobilit&auml;t absolut vielf&auml;ltig.<\/p>\n<p>Die DIESEL STAR 160-1-4 ist eine selbstsaugende, elektrische Dieselpumpe. Man kann die Pumpe einfach an eine 24V Batterie anschlie&szlig;en. Die passenden Schlaucht&uuml;llen und Schlauchschellen werden mitgeliefert. So macht das Umtanken Spa\u00df und bleibt eine saubere Sache!<\/p>\n<p>Die maximale F\u00f6rderleistung der 24-Volt Dieselpumpe betr\u00e4gt 2400 l\/ h, die maximale F\u00f6rderh\u00f6he 10 m und der maximale F\u00f6rderdruck liegt bei 1,2 bar. Bitte beachten Sie, dass die F\u00f6rderleistung bei steigender F\u00f6rderh\u00f6he entsprechend abnimmt.<\/p>\n<p>Info: Alle Pumpen sind EINZELST\u00dcCK-gepr\u00fcft auf Ihre Funktion. Daher k\u00f6nnen Reste der Pr\u00fcffl\u00fcssigkeit in der Pumpe \/ Verpackung vorhanden sein. Die Diesel-Pumpe und die Saugleitung sind bei der Inbetriebnahme blasenfrei mit Diesel zu bef\u00fcllen. Bei Verwendung eines R\u00fcckschlagventils (in der Zubeh\u00f6r-Auswahl bestellbar) muss dieses unbedingt am Ende der Saugleitung montiert und dicht sein.<\/p>\n<p><b>Umfangreiches Zubeh\u00f6r-Set<\/b> f\u00fcr Dieselpumpen und Heiz\u00f6lpumpen in bew\u00e4hrter Qualit\u00e4t: Das Diesel-Zubeh\u00f6r-Paket enth\u00e4lt eine Automatik-Diesel-Zapfpistole, einen robusten Gummi-Schlauch, einen Dieselfilter mit Geh\u00e4use, ein hochwertiges R\u00fcckschlagventil mit Bauteilen aus Messing, 2 Stahl-Schlauchschellen, 2 T\u00fcllen sowie 1 Drehgelenk.<\/p>\n<p>Bei der Diesel-Zapfpistole handelt es sich um eine <b>hochwertige Automatik-Zapfpistole mit Durchfluss-Verrastung<\/b>. Der Gummi-Schlauch hat eine L\u00e4nge von 6 Metern. Der Schlauch ist als Saug- und Druckschlauch verwendbar und kann problemlos selbst auf die passende L\u00e4nge zugeschnitten werden.<\/p>\n<p><b>Dieser Diesel-Filter spart langfristig Wartungsarbeiten und Wartungskosten<\/b>, denn der der Kraftstoff-Tank (oder andere Umf\u00fcllbeh\u00e4lter f\u00fcr Diesel\/ Heiz\u00f6l\/ Krafstoff) bleibt frei von Ablagerungen. Der Filtereinsatz des Dieselfilters ist austauschbar. Das Geh\u00e4use des Dieselfilters l\u00e4sst sich abschrauben (wie bei PKW-Filtern \u00fcblich). Dann kann der alte Filter gegen einen neuen Filtereinsatz getauscht werden. Das Kopfteil bleibt in der Dieselleitung fest montiert. Passende Ersatzfilter sind in unserem Shop erh\u00e4ltlich.<\/p>\n<p>Erg\u00e4nzt wird das praktische Zubeh\u00f6r-Paket durch <b>Anschluss-Zubeh\u00f6r<\/b> wie T\u00fcllen, Schellen, Drehgelenk sowie einem <b>R\u00fcckschlagventil mit Bauteilen aus Messing.<\/b><\/p>\n<\/div>\n<h3>De nombreuses bonnes raisons d'acheter ce produit :<\/h3>\n<div class=\"sale_motive\">\n<ul>\n<li>Dieselpumpen-Set mit hochwertiger Automatik-Zapfpistole &amp; umfangreichem Zubeh\u00f6r<\/li>\n<li>Inkl. Klemmen zum Anschluss an eine 24-Volt-Batterie<\/li>\n<li>mobil &amp; nahezu \u00fcberall einsetzbar<\/li>\n<li>saugstark &amp; selbstansaugend<\/li>\n<li>schwere, robuste, zuverl\u00e4ssige Qualit\u00e4t<\/li>\n<li>Interrupteur \"marche\" et \"arr\u00eat\" avec dispositif de s\u00e9curit\u00e9<\/li>\n<li>mit hochwertiger Automatik-Zapfpistole<\/li>\n<li>mit Dieselfilter, Schlauch, Schellen und T\u00fcllen<\/li>\n<\/ul>\n<\/div>","protected":false},"excerpt":{"rendered":"<p>24-Volt Dieselpumpe mit Batterieklemmen und umfangreichem Zubeh\u00f6r-Paket F\u00fcr Diesel, Heiz\u00f6l, Bio-Diesel Ob unterwegs, ob beim Camping, ob im Heizungskeller, ob<\/p>","protected":false},"featured_media":36894,"comment_status":"open","ping_status":"closed","template":"","meta":[],"product_cat":[228,428],"product_tag":[],"class_list":{"0":"post-30450","1":"product","2":"type-product","3":"status-publish","4":"has-post-thumbnail","6":"product_cat-diesel-pumpen-sets","7":"product_cat-24v-pumpen","9":"first","10":"instock","11":"taxable","12":"shipping-taxable","13":"purchasable","14":"product-type-simple"},"_links":{"self":[{"href":"http:\/\/igel.wovodo.de:8085\/fr\/wp-json\/wp\/v2\/product\/30450","targetHints":{"allow":["GET"]}}],"collection":[{"href":"http:\/\/igel.wovodo.de:8085\/fr\/wp-json\/wp\/v2\/product"}],"about":[{"href":"http:\/\/igel.wovodo.de:8085\/fr\/wp-json\/wp\/v2\/types\/product"}],"replies":[{"embeddable":true,"href":"http:\/\/igel.wovodo.de:8085\/fr\/wp-json\/wp\/v2\/comments?post=30450"}],"version-history":[{"count":1,"href":"http:\/\/igel.wovodo.de:8085\/fr\/wp-json\/wp\/v2\/product\/30450\/revisions"}],"predecessor-version":[{"id":35065,"href":"http:\/\/igel.wovodo.de:8085\/fr\/wp-json\/wp\/v2\/product\/30450\/revisions\/35065"}],"wp:featuredmedia":[{"embeddable":true,"href":"http:\/\/igel.wovodo.de:8085\/fr\/wp-json\/wp\/v2\/media\/36894"}],"wp:attachment":[{"href":"http:\/\/igel.wovodo.de:8085\/fr\/wp-json\/wp\/v2\/media?parent=30450"}],"wp:term":[{"taxonomy":"product_cat","embeddable":true,"href":"http:\/\/igel.wovodo.de:8085\/fr\/wp-json\/wp\/v2\/product_cat?post=30450"},{"taxonomy":"product_tag","embeddable":true,"href":"http:\/\/igel.wovodo.de:8085\/fr\/wp-json\/wp\/v2\/product_tag?post=30450"}],"curies":[{"name":"wp","href":"https:\/\/api.w.org\/{rel}","templated":true}]}}