{"id":30424,"date":"2024-10-31T14:09:23","date_gmt":"2024-10-31T13:09:23","guid":{"rendered":"http:\/\/igel.wovodo.de:8085\/product\/tauchdruckpumpe-mit-ansaugset-7-top-multi-2-evo-ohne-schaltgeraet\/"},"modified":"2025-01-27T12:30:24","modified_gmt":"2025-01-27T11:30:24","slug":"tauchdruckpumpe-mit-ansaugset-7-top-multi-2-evo-ohne-schaltgeraet","status":"publish","type":"product","link":"http:\/\/igel.wovodo.de:8085\/fr\/product\/tauchdruckpumpe-mit-ansaugset-7-top-multi-2-evo-ohne-schaltgeraet\/","title":{"rendered":"Tauchdruckpumpe mit Ansaugset 7 TOP MULTI 2 &#8211; EVO (ohne Schaltger\u00e4t)"},"content":{"rendered":"<div class=\"sale_description\">\n<p><b>Die Tauchdruckpumpe f\u00fcr schwimmende Entnahme &#8211; TOP MULTI 2 &#8211; EVO stammt aus hochwertiger europ\u00e4ischer Fertigung.<\/b> Die Tauchpumpe mit Schwimmerschalter besteht aus soliden Bauelementen von bew\u00e4hrter Qualit\u00e4t: Edelstahl-Motorwelle, Edelstahl-Motorgeh\u00e4use und Edelstahl-Motorschutzplatte sind eingebettet in einem aus glasverst\u00e4rktem Technopolymer bestehenden Pumpen-K\u00f6rper. Die Doppel-Wellen-Dichtung besteht aus Keramik (feste Dichtung) und Graphit (Gleitdichtung). In der Laufrad-Konstruktion ist ein lebensverl\u00e4ngernder und qualit\u00e4tssichernder Anti-Verschlei\u00dfring integriert.<\/p>\n<p>Die Zisternen-Tauchpumpe ist f\u00fcr die F\u00f6rderung von Regenwasser aus Fass, Tank oder Zisterne ideal geeignet.<\/p>\n<p>Die Tauchpumpe f\u00fcr schwimmende Entnahme bew\u00e4ltigt eine F\u00f6rdermenge \u00fcber <b>4.800 Liter pro Stunde<\/b>. Die Pumpe mit Schwimmer ist <b>flachsaugend bis max. 35mm<\/b> \u00fcber dem Boden. Der Pumpenfu\u00df ist mit einem Anti-Vibrierschutz versehen.<\/p>\n<p>Das <b>Ansaug-Set 7<\/b> besteht aus einem Ansaugkorb aus rostfreiem Edelstahl, einer Schwimmerkugel, einem knickstabilen Saugschlauch sowie Anschlusst\u00fcllen.<br \/>\n  Als Tauchpumpen-Zubeh\u00f6r verhindert es Sch\u00e4den an der Pumpe. Das Ansaug-Set ist leicht zu montieren.<\/p>\n<\/div>\n<h3>De nombreuses bonnes raisons d'acheter ce produit :<\/h3>\n<div class=\"sale_motive\">\n<ul><b>Komplett-Set: EU-Tauchpumpe mit Ansaugset 7:<\/b><\/p>\n<ul>\n<li>Hochwertige Tauchpumpe &#8211; made in Italy<\/li>\n<li>Ideal f\u00fcr die Regenwassernutzung<\/li>\n<li>Leistungsstark: Qmax 4.800L\/h<\/li>\n<li>Qualit\u00e4t in Bauart, Material und Funktion<\/li>\n<li>Motorwelle, Motorgeh\u00e4use und Motorschutzplatte aus Edelstahl<\/li>\n<li>Doppel-Wellen-Dichtung in \u00d6lkammer<\/li>\n<li>Langlebige Keramik-Graphit-Dichtung<\/li>\n<li>Ideal f\u00fcr die schwimmende Entnahme<\/li>\n<li>Motor mit integr. thermischem \u00dcberlastschutz<\/li>\n<li>Inkl. Schwimmer-Schalter<\/li>\n<li>Inkl. R\u00fcckschlag-Klappe<\/li>\n<li>Stabilit\u00e4tsverleihende Anti-Vibrationsf\u00fc\u00dfe<\/li>\n<li>Sicherer, kunststoffversiegelter Tragegriff<\/li>\n<\/ul>\n<\/ul>\n<\/div>","protected":false},"excerpt":{"rendered":"<p><b>Komplett-Set<\/b><\/p>\n<ul>\n<li>EU-Tauchdruckpumpe<\/li>\n<li>Ansaugset 7<\/li>\n<\/ul>","protected":false},"featured_media":32813,"comment_status":"open","ping_status":"closed","template":"","meta":[],"product_cat":[266,281,366,343,244,402],"product_tag":[],"class_list":{"0":"post-30424","1":"product","2":"type-product","3":"status-publish","4":"has-post-thumbnail","6":"product_cat-hauswasserautomat","7":"product_cat-tauchdruck-pumpen","8":"product_cat-eu-produktion-tauchpumpen","9":"product_cat-tauchdruckpumpen","10":"product_cat-startseite-pumpe","11":"product_cat-regenwasser-pumpen-2","13":"first","14":"instock","15":"taxable","16":"shipping-taxable","17":"purchasable","18":"product-type-simple"},"_links":{"self":[{"href":"http:\/\/igel.wovodo.de:8085\/fr\/wp-json\/wp\/v2\/product\/30424","targetHints":{"allow":["GET"]}}],"collection":[{"href":"http:\/\/igel.wovodo.de:8085\/fr\/wp-json\/wp\/v2\/product"}],"about":[{"href":"http:\/\/igel.wovodo.de:8085\/fr\/wp-json\/wp\/v2\/types\/product"}],"replies":[{"embeddable":true,"href":"http:\/\/igel.wovodo.de:8085\/fr\/wp-json\/wp\/v2\/comments?post=30424"}],"version-history":[{"count":1,"href":"http:\/\/igel.wovodo.de:8085\/fr\/wp-json\/wp\/v2\/product\/30424\/revisions"}],"predecessor-version":[{"id":35039,"href":"http:\/\/igel.wovodo.de:8085\/fr\/wp-json\/wp\/v2\/product\/30424\/revisions\/35039"}],"wp:featuredmedia":[{"embeddable":true,"href":"http:\/\/igel.wovodo.de:8085\/fr\/wp-json\/wp\/v2\/media\/32813"}],"wp:attachment":[{"href":"http:\/\/igel.wovodo.de:8085\/fr\/wp-json\/wp\/v2\/media?parent=30424"}],"wp:term":[{"taxonomy":"product_cat","embeddable":true,"href":"http:\/\/igel.wovodo.de:8085\/fr\/wp-json\/wp\/v2\/product_cat?post=30424"},{"taxonomy":"product_tag","embeddable":true,"href":"http:\/\/igel.wovodo.de:8085\/fr\/wp-json\/wp\/v2\/product_tag?post=30424"}],"curies":[{"name":"wp","href":"https:\/\/api.w.org\/{rel}","templated":true}]}}