{"id":30414,"date":"2024-10-31T14:09:15","date_gmt":"2024-10-31T13:09:15","guid":{"rendered":"http:\/\/igel.wovodo.de:8085\/product\/regentonne-eichenfass-120l-zzgl-befuell-und-entnahmeset-auswahl\/"},"modified":"2025-01-27T12:30:21","modified_gmt":"2025-01-27T11:30:21","slug":"regentonne-eichenfass-120l-zzgl-befuell-und-entnahmeset-auswahl","status":"publish","type":"product","link":"http:\/\/igel.wovodo.de:8085\/fr\/product\/regentonne-eichenfass-120l-zzgl-befuell-und-entnahmeset-auswahl\/","title":{"rendered":"Regentonne Eichenfass 120L zzgl. Bef\u00fcll &#8211; und Entnahmeset &#8211; <b>Auswahl<\/b>"},"content":{"rendered":"<div class=\"sale_application\">\n<ul>\n<li>Hochwertige Regentonne zur Regenwassernutzung in Haus &amp; Garten<br \/> zzgl. Bef\u00fcll- und Entnahmeset<\/li>\n<\/ul><\/div>\n<div class=\"sale_description\">\n<p>Unsere rustikalen &#8220;Eichen-F\u00e4sser&#8221; in voller Sch\u00f6nheit! Als Regentonne, als Garten-Theke, als Ordnungskiste f\u00fcr Spielzeug oder Gartenutensilien oder&#8230;oder&#8230;oder&#8230; Ein Schmuckst\u00fcck f\u00fcr Heim und Garten &#8211; und n\u00fctzlich! Diese Regentonne \u00fcberzeugt nicht nur in Funktion, sondern auch im Design und den langlebigen Produkteigenschaften. Durch das einzigartige Herstellungsverfahren wurde die Holzstruktur nicht nur optisch, sondern auch f\u00fchlbar nachgebildet. Sie werden begeistert sein! Die Regentonne Eichenfass ist eine einmalige Anschaffung, die selbst nach Jahren noch dauerhaft dicht und witterungsbest\u00e4ndig ist.<\/p>\n<p><b>Material und Herstellung<\/b><\/p>\n<p>Die Regentonnen werden aus Polyethylen (PE-Kunststoff) hergestellt. Das innovative Herstellungsverfahren der Rotations-Inter-Technik und das Herstellungsmaterial macht unsere Regenwasserf\u00e4sser zu echten LONG-LIFE-Regentonnen. Bei der Rotations-Inter-Fertigungstechnik wird jedes Regenfass in einem St\u00fcck hergestellt. Ohne Schweissn\u00e4hte! Das Herstellungsverfahren und die Materialauswahl verleihen unseren Regentonnen eine Top-Qualit\u00e4t und viele gute Eigenschaften: Die Regentonnen sind frostfest, dauerelastisch, bruch- und schlagfest, UV- und witterungsbest\u00e4ndig sowie dauerhaft dicht, stabil und langlebig.<\/p>\n<p>Dezent angeformte flache Stellen sind f\u00fcr Wasserzulauf und -ablauf vorgesehen. Im Bedarfsfall k\u00f6nnen diese bauseitig aufgebohrt werden. Einmal richtig installiert und angeschlossen &#8211; und Sie haben sehr, sehr lange Freude daran! Kein Billigm\u00fcll, der nach 2-3 Jahren auf dem Bauhof landet und die M\u00fcllhalden f\u00fcllt. Die Tonnen sind nicht billig, aber in jedem Fall das Geld wert!<\/p>\n<p>Jede Regentonne ist ein &#8220;Unikat!&#8221; Sie werden viel Spass und Freude an diesem Produkt haben!<\/p>\n<p><b>Deckel mit kindersicherem Bajonett-Verschluss und Auslauf-Hahn<\/b><\/p>\n<p>Im Lieferumfang dieser hochwertigen Regentonne im formsch\u00f6nen Design sind ein Deckel und ein Auslauf-Hahn enthalten. Beim Verschluss des Regentonnen-Deckels handelt es sich um einen kindersichereren Bajonett-Verschluss. Diesen speziellen Verschluss finden sie bei unseren Modellen Regentonne Eichenfass, Regentonne Baum und Regentonne Fels. Der Auslaufhahn f\u00fcr Regentonnen in schwarz aus PE-Kunststoff hat einen 3\/4-Zoll-Anschluss. Er kann optimal an den dezent vorgeformten Stellen am Regenfass f\u00fcr den Wasser-Zu- und Ablauf angebracht werden.<\/p>\n<p>Die Regentonne ist aus frostsicherem Material im spannungsarmen Verfahren hergestellt. Daher ist sie wesentlich bruchstabiler und haltbarer als solche, die im Spritzgussverfahren hergestellt werden. <b>Im entleerten Zustand sind unsere Regentonnen bis -20 \u00b0C frostsicher.<\/b> Bei Frostgefahr m\u00fcssen die Regentonnen entleert werden. Dann halten diese ein Leben lang! <\/p>\n<p><b>Bei diesem Angebot erhalten Sie zu Ihrer Regentonne einen Fallrohr-Filter T33 (wenn ausgew\u00e4hlt)<\/b><\/p>\n<p>Der Filter T33 bef\u00fcllt Ihre Regentonne automatisch mit sauberem Wasser, auch wenn Sie nicht zu Hause sind!<br \/>\nDer Regenfilter T33 wird in das Fallrohr der Regenrinne eingebaut. Dort filtert er Bl\u00e4tter, Insekten, Sandk\u00f6rner und andere Partikel aus dem Regenwasser. So wird die Regentonne stets mit sauberem Wasser randvoll bef\u00fcllt, ohne \u00fcberzulaufen.<br \/>\nDer Filter ist mit einer &#8220;F\u00fcll-Stopp-Automatik&#8221; ausgestattet. In der entsprechenden H\u00f6he in das Fallrohr eingebaut (Montageanleitung beachten) sorgt der Filter automatisch daf\u00fcr, dass die Regentonne nicht \u00fcberl\u00e4uft. Dadurch werden teuere Wassersch\u00e4den an Haus und Kellerwand zuverl\u00e4ssig vermieden.<\/p>\n<p>Der Wirkungsgrad ist &#8211; im Vergleich zu anderen Filtern &#8211; mit \u00fcber 90% sehr hoch. Ausserdem verf\u00fcgt der Filter \u00fcber sehr gute Selbstreinigungs-Eigenschaften. Somit wird Ihr Wartungsaufwand auf ein Minimum reduziert. Dabei sp\u00fclt ein sehr geringer Teil des Regenwassers den Schmutz von der Siebfl\u00e4che in den Kanal, so dass der gr\u00f6\u00dfte Wasseranteil gereinigt in die Regentonne fliessen kann.\n  <\/p>\n<p><strong>Produkt-Empfehlung<\/strong><br \/>\nZu den Regentonnen empfehlen wir, stets das passende Anschlu\u00df-Zubeh\u00f6r mitzubestellen:<\/p>\n<ul>\n<li>Einen <b>Auslaufhahn \/ Wasserhahn,<\/b> matt oder poliert in 3\/4 Zoll mit Schlaucht\u00fclle 12mm oder 17mm<\/li>\n<li>Le site <b>Filter T33<\/b> (Lieferung inkl. allem Zubeh\u00f6r, damit das Wasser in die Regentonne kommt)<\/li>\n<li><b>Bef\u00fcll- und Entnahmeset<\/b> (Lieferung inkl. Filter T33 und allem Zubeh\u00f6r, wie oben sowie dem Entnahmeset, mit dem Sie das Wasser aus der Tonne restlos entnehmen k\u00f6nnen)<\/li>\n<\/ul>\n<p style=\"font-size:11px;\"><b>Avis juridique :<\/b> Unsere Produkte werden im besonderen Fertigungsverfahren (keine Massenfertigung!)  St\u00fcck f\u00fcr St\u00fcck hergestellt. Gewisse Farbabweichungen lassen sich deshalb bei Einzelprodukten nicht vermeiden. Weiterhin kann es aufgrund der Lichtverh\u00e4ltnisse w\u00e4hrend der Produktfotografie und unterschiedlicher Bildschirmeinstellungen dazu kommen, dass die Farbe eines Produktes nicht authentisch wiedergegeben wird. Farbabweichungen im bestimmten Rahmen stellen keinen Reklamationsgrund dar. Bei warmer Witterung kann die Regentonne im bef\u00fcllten Zustand in Abh\u00e4ngigkeit vom Standort zu einer Bauchausbildung neigen. Das ist ein normaler Vorgang und stellt keinen Reklamations-Grund dar. <\/p>\n<\/p><\/div>\n<h3>De nombreuses bonnes raisons d'acheter ce produit :<\/h3>\n<div class=\"sale_motive\">\n<ul>\n<li>hergestellt aus hochwertigem PE im Rotationsverfahren, in einem St\u00fcck ohne Schwei\u00dfn\u00e4hte, dauerelastisch, bruch- und schlagfest<\/li>\n<li>dauerhaft dicht und kein Durchfaulen wie bei Holzf\u00e4ssern<\/li>\n<li>kein Pflegeaufwand (Streich- und Abdichtarbeiten), da selbst nach Jahren keine Witterungssch\u00e4den auftreten<\/li>\n<li>kindersicherer Bajonettverschluss<\/li>\n<li>optisch einmaliges und ansprechendes Design<\/li>\n<li>eingepr\u00e4gte f\u00fchlbare Nachbildung der Holzstruktur<\/li>\n<li>100% Dichtigkeit auch nach Jahren<\/li>\n<li>stabil und standsicher<\/li>\n<li>rustikal und urgem\u00fctlich<\/li>\n<li>alternativ als Vorratsbeh\u00e4lter, Ordnungskiste oder Sitzgarnitur im Au\u00dfenbereich verwendbar<\/li>\n<li>Holzsplitter? Nein Danke!<\/li>\n<li>WERTARBEIT- Design in DEUTSCHLAND!<\/li>\n<\/ul>\n<\/div>","protected":false},"excerpt":{"rendered":"<p>Regetonne &#8220;Eichenfass 120L&#8221; in Weinfass-Optik<\/p>","protected":false},"featured_media":32773,"comment_status":"open","ping_status":"closed","template":"","meta":[],"product_cat":[219],"product_tag":[],"class_list":{"0":"post-30414","1":"product","2":"type-product","3":"status-publish","4":"has-post-thumbnail","6":"product_cat-regentonne-eichenfass","8":"first","9":"instock","10":"sale","11":"taxable","12":"shipping-taxable","13":"purchasable","14":"product-type-simple"},"_links":{"self":[{"href":"http:\/\/igel.wovodo.de:8085\/fr\/wp-json\/wp\/v2\/product\/30414","targetHints":{"allow":["GET"]}}],"collection":[{"href":"http:\/\/igel.wovodo.de:8085\/fr\/wp-json\/wp\/v2\/product"}],"about":[{"href":"http:\/\/igel.wovodo.de:8085\/fr\/wp-json\/wp\/v2\/types\/product"}],"replies":[{"embeddable":true,"href":"http:\/\/igel.wovodo.de:8085\/fr\/wp-json\/wp\/v2\/comments?post=30414"}],"version-history":[{"count":1,"href":"http:\/\/igel.wovodo.de:8085\/fr\/wp-json\/wp\/v2\/product\/30414\/revisions"}],"predecessor-version":[{"id":35029,"href":"http:\/\/igel.wovodo.de:8085\/fr\/wp-json\/wp\/v2\/product\/30414\/revisions\/35029"}],"wp:featuredmedia":[{"embeddable":true,"href":"http:\/\/igel.wovodo.de:8085\/fr\/wp-json\/wp\/v2\/media\/32773"}],"wp:attachment":[{"href":"http:\/\/igel.wovodo.de:8085\/fr\/wp-json\/wp\/v2\/media?parent=30414"}],"wp:term":[{"taxonomy":"product_cat","embeddable":true,"href":"http:\/\/igel.wovodo.de:8085\/fr\/wp-json\/wp\/v2\/product_cat?post=30414"},{"taxonomy":"product_tag","embeddable":true,"href":"http:\/\/igel.wovodo.de:8085\/fr\/wp-json\/wp\/v2\/product_tag?post=30414"}],"curies":[{"name":"wp","href":"https:\/\/api.w.org\/{rel}","templated":true}]}}