{"id":30318,"date":"2024-10-31T14:08:21","date_gmt":"2024-10-31T13:08:21","guid":{"rendered":"http:\/\/igel.wovodo.de:8085\/product\/schwimmerschalter-trockenlaufschutz-25-m\/"},"modified":"2025-01-27T12:29:47","modified_gmt":"2025-01-27T11:29:47","slug":"schwimmerschalter-trockenlaufschutz-25-m","status":"publish","type":"product","link":"http:\/\/igel.wovodo.de:8085\/fr\/product\/schwimmerschalter-trockenlaufschutz-25-m\/","title":{"rendered":"Schwimmerschalter Trockenlaufschutz \/25 m"},"content":{"rendered":"<div class=\"sale_application\">\n<ul>\n<li>Trockenlaufschutz f\u00fcr Pumpen<\/li>\n<li>automatische pr\u00e4zise Bef\u00fcllung\/Entleerung von Beh\u00e4ltern<\/li>\n<li>F\u00fcllstandsanzeige von nicht aggressiven Fl\u00fcssigkeiten<\/li>\n<\/ul><\/div>\n<div class=\"sale_description\">\n<p>Dieser Schwimmerschalter wird in den Wasserspeicher eingebaut. Er \u00e4ndert die Schaltposition schon bei einer geringen Schwankung des F\u00fcllstands von nur 5cm. Durch die spezielle Schaltposition schaltet er automatisch die Pumpe ab, falls nicht gen\u00fcgend Wasser im Speicher vorhanden ist. Steigt der Wasserstand wieder, schaltet er die Pumpe wieder vollautomatisch an.<\/p>\n<\/div>\n<h3>De nombreuses bonnes raisons d'acheter ce produit :<\/h3>\n<div class=\"sale_motive\">\n<ul>\n<li>verhindert Sch\u00e4den an der Pumpe<\/li>\n<li>25m Kabell\u00e4nge<\/li>\n<li>kompakte Bauart<\/li>\n<li>pr\u00e4ziser Schaltweg<\/li>\n<li>leicht zu Montieren<\/li>\n<\/ul>\n<\/div>","protected":false},"excerpt":{"rendered":"<p>Trockenlaufschutz f\u00fcr Pumpen automatische pr\u00e4zise Bef\u00fcllung\/Entleerung von Beh\u00e4ltern F\u00fcllstandsanzeige von nicht aggressiven Fl\u00fcssigkeiten Dieser Schwimmerschalter wird in den Wasserspeicher eingebaut.<\/p>","protected":false},"featured_media":32451,"comment_status":"open","ping_status":"closed","template":"","meta":[],"product_cat":[201,371],"product_tag":[],"class_list":{"0":"post-30318","1":"product","2":"type-product","3":"status-publish","4":"has-post-thumbnail","6":"product_cat-zubehoer-tauchpumpen","7":"product_cat-schwimmerschalter","9":"first","10":"instock","11":"taxable","12":"shipping-taxable","13":"purchasable","14":"product-type-simple"},"_links":{"self":[{"href":"http:\/\/igel.wovodo.de:8085\/fr\/wp-json\/wp\/v2\/product\/30318","targetHints":{"allow":["GET"]}}],"collection":[{"href":"http:\/\/igel.wovodo.de:8085\/fr\/wp-json\/wp\/v2\/product"}],"about":[{"href":"http:\/\/igel.wovodo.de:8085\/fr\/wp-json\/wp\/v2\/types\/product"}],"replies":[{"embeddable":true,"href":"http:\/\/igel.wovodo.de:8085\/fr\/wp-json\/wp\/v2\/comments?post=30318"}],"version-history":[{"count":1,"href":"http:\/\/igel.wovodo.de:8085\/fr\/wp-json\/wp\/v2\/product\/30318\/revisions"}],"predecessor-version":[{"id":34934,"href":"http:\/\/igel.wovodo.de:8085\/fr\/wp-json\/wp\/v2\/product\/30318\/revisions\/34934"}],"wp:featuredmedia":[{"embeddable":true,"href":"http:\/\/igel.wovodo.de:8085\/fr\/wp-json\/wp\/v2\/media\/32451"}],"wp:attachment":[{"href":"http:\/\/igel.wovodo.de:8085\/fr\/wp-json\/wp\/v2\/media?parent=30318"}],"wp:term":[{"taxonomy":"product_cat","embeddable":true,"href":"http:\/\/igel.wovodo.de:8085\/fr\/wp-json\/wp\/v2\/product_cat?post=30318"},{"taxonomy":"product_tag","embeddable":true,"href":"http:\/\/igel.wovodo.de:8085\/fr\/wp-json\/wp\/v2\/product_tag?post=30318"}],"curies":[{"name":"wp","href":"https:\/\/api.w.org\/{rel}","templated":true}]}}