{"id":30266,"date":"2024-10-31T14:07:49","date_gmt":"2024-10-31T13:07:49","guid":{"rendered":"http:\/\/igel.wovodo.de:8085\/product\/solarpumpe-oslo-300-4-light-remote-rgb-mit-fernbedienung\/"},"modified":"2025-01-27T12:29:33","modified_gmt":"2025-01-27T11:29:33","slug":"solarpumpe-oslo-300-4-light-remote-rgb-mit-fernbedienung","status":"publish","type":"product","link":"http:\/\/igel.wovodo.de:8085\/fr\/product\/solarpumpe-oslo-300-4-light-remote-rgb-mit-fernbedienung\/","title":{"rendered":"Solarpumpe Oslo 300-4 Light + Remote (RGB) mit FERNBEDIENUNG"},"content":{"rendered":"<div class=\"sale_description\">\n<p>Das Teichpumpen-Set &#8220;Oslo 300 Light-2+Remote&#8221; setzt die Kraft der Sonne in flie\u00dfendes Wasser um. Hochwertige Komponenten bringen das Wasser in Bewegung, sobald das Sonnenlicht die Solarfl\u00e4che erreicht. Je st\u00e4rker die Sonne, umso intensiver wird das Wasserspiel! Das beruhigende Rauschen des Wassers gibt jedem Teich die besondere Note und die im Sonnenlicht funkelnde Font\u00e4ne ist stets der perfekte Blickfang. Flie\u00dfendes Wasser sorgt f\u00fcr noch mehr Wohlgef\u00fchl in Ihrem Garten und sorgt f\u00fcr ein angenehmes Mikroklima an hei\u00dfen Sommertagen.<\/p>\n<p><strong>Solar Set &#8220;Oslo 300 Light-2+Remote&#8221; &#8211; Das Lebensgef\u00fchl f\u00fcr Ihre Teich-Oase!<\/strong><\/p>\n<div class=\"embed-responsive embed-responsive-16by9\">\n<\/div>\n<p>Das innovative Solar-Pumpensystem garantiert Ihnen jahrelange Freude. Es hat eine Lebensdauer \u00fcber 60.000 Stunden, in denen Sie die sch\u00f6nen Font\u00e4nen bewundern k\u00f6nnen, ohne an die stetig wachsenden Strompreise denken zu m\u00fcssen. Das Solar-Teichpumpen-Set ist ein steckfertiges System und sofort betriebsbereit. Im Lieferumfang sind alle erforderlichen Teile inklusive Montage-Zubeh\u00f6r enthalten.<\/p>\n<p>Der eingebaute Akku sammelt Sonnenstrahlen und speichert Energie. Der Betrieb ist somit auch ohne direkten Sonnenschein m\u00f6glich. Um den Akku vor sch\u00e4dlicher Tiefentladung zu sch\u00fctzen schaltet sich die Pumpe automatisch jeweils nach 60 Minuten ab. Mittels Fernbedienung (oder mit Tastschalter direkt am Akku-Geh\u00e4use) starten Sie die Teichpumpe neu. Die integrierte Lichtsensorik schaltet bei Dunkelheit automatisch die Font\u00e4nenbeleuchtung ein. Die F\u00f6rderleistung der Pumpe k\u00f6nnen Sie entspannt vom Schaukelstuhl mittels Fernbedienung oder direkt am direkt am Akku-Geh\u00e4use einstellen. Desweiteren k\u00f6nnen Sie \u00fcber die Fernbedienung die Timer-Funktion bet\u00e4tigen und verschiedene Modi ausw\u00e4hlen, wie Winter-Modus, Dauer-Modus.<\/p>\n<\/div>\n<h3>De nombreuses bonnes raisons d'acheter ce produit :<\/h3>\n<div class=\"sale_motive\">\n<ul>\n<li>2 Jahre Garantie, Lebensdauer \u00fcber 60.000 Betriebsstunden* (Hinweis weiter unten)<\/li>\n<li>steckfertiges Solarpumpensystem &#8211; sofort einsatzbereit<\/li>\n<li>hochwertiges Solarpanel im stabilen, bruchfesten ALU-RAHMEN mit einer Leistung von 3 Watt<\/li>\n<li>mit Fernbedienung<\/li>\n<li>einstellbar: <b>Dauer-Modus, Winter-Modus, Timer-Funktion<\/b><\/li>\n<li><b>einstellbarer Wasserdurchfluss<\/b> &#8211; bis max. 300l\/h<\/li>\n<li>inkl. 4 D\u00fcsenaufs\u00e4tzen f\u00fcr 4 unterschiedliche Spritzbilder<\/li>\n<li><b>bunte LED-Lichteffekte mit 3-fach Farbwechsel (rot, gr\u00fcn, blau)<\/b><\/li>\n<li>Memoryfunktion<\/li>\n<li>Der eingebaute <b>Akku<\/b> sammelt Sonnenstrahlen und speichert Energie. Der Betrieb ist somit auch ohne direkten Sonnenschein m\u00f6glich.<\/li>\n<li>Vollgeladener Akku gew\u00e4hrleistet in der Dunkelzeit 4 &#8211; 6 Stunden Betriebszeit<\/li>\n<li>Verbesserung der Wasserqualit\u00e4t in Ihrem Teich (Umw\u00e4lzung von Wasser und Sauerstoffanreichung)<\/li>\n<li>einstellbarer Winkel des <b>Solarmoduls<\/b> und 5 Meter Anschlusskabel machen eine optimale Platzierung des Panels im sonnigen Bereich m\u00f6glich<\/li>\n<li><b>integrierter Filter<\/b> sch\u00fctzt die Pumpe (l\u00e4sst sich leicht reinigen)<\/li>\n<li> austauschbare Tauchpumpe und Batterie<\/li>\n<\/ul>\n<p>*Garantie gilt nur f\u00fcr Teichpumpe, nicht Solarpanel oder Kabel.<\/p>\n<\/div>","protected":false},"excerpt":{"rendered":"<p>Leistung max. 3 Watt | Max. F\u00f6rderh\u00f6he 120cm | 4 D\u00fcsenaufs\u00e4tze<\/p>\n<p><b>Mit Akku-Betrieb = Betrieb auch im Schatten<\/b><\/p>\n<p><b>Mit LED-Beleuchtung, Memory-Funktion und Fernsteuerung!<\/b><\/p>\n<p><b>4 Spritzbilder und 3 LED-Farben im Wechsel<\/b><\/p>","protected":false},"featured_media":37630,"comment_status":"open","ping_status":"closed","template":"","meta":[],"product_cat":[363,244],"product_tag":[],"class_list":{"0":"post-30266","1":"product","2":"type-product","3":"status-publish","4":"has-post-thumbnail","6":"product_cat-solar-teichpumpen","7":"product_cat-startseite-pumpe","9":"first","10":"instock","11":"taxable","12":"shipping-taxable","13":"purchasable","14":"product-type-simple"},"_links":{"self":[{"href":"http:\/\/igel.wovodo.de:8085\/fr\/wp-json\/wp\/v2\/product\/30266","targetHints":{"allow":["GET"]}}],"collection":[{"href":"http:\/\/igel.wovodo.de:8085\/fr\/wp-json\/wp\/v2\/product"}],"about":[{"href":"http:\/\/igel.wovodo.de:8085\/fr\/wp-json\/wp\/v2\/types\/product"}],"replies":[{"embeddable":true,"href":"http:\/\/igel.wovodo.de:8085\/fr\/wp-json\/wp\/v2\/comments?post=30266"}],"version-history":[{"count":3,"href":"http:\/\/igel.wovodo.de:8085\/fr\/wp-json\/wp\/v2\/product\/30266\/revisions"}],"predecessor-version":[{"id":39484,"href":"http:\/\/igel.wovodo.de:8085\/fr\/wp-json\/wp\/v2\/product\/30266\/revisions\/39484"}],"wp:featuredmedia":[{"embeddable":true,"href":"http:\/\/igel.wovodo.de:8085\/fr\/wp-json\/wp\/v2\/media\/37630"}],"wp:attachment":[{"href":"http:\/\/igel.wovodo.de:8085\/fr\/wp-json\/wp\/v2\/media?parent=30266"}],"wp:term":[{"taxonomy":"product_cat","embeddable":true,"href":"http:\/\/igel.wovodo.de:8085\/fr\/wp-json\/wp\/v2\/product_cat?post=30266"},{"taxonomy":"product_tag","embeddable":true,"href":"http:\/\/igel.wovodo.de:8085\/fr\/wp-json\/wp\/v2\/product_tag?post=30266"}],"curies":[{"name":"wp","href":"https:\/\/api.w.org\/{rel}","templated":true}]}}