{"id":30260,"date":"2024-10-31T14:07:46","date_gmt":"2024-10-31T13:07:46","guid":{"rendered":"http:\/\/igel.wovodo.de:8085\/product\/oeko-pinselreiniger-200ml-schmincke-50-052\/"},"modified":"2025-01-27T12:29:26","modified_gmt":"2025-01-27T11:29:26","slug":"oeko-pinselreiniger-200ml-schmincke-50-052","status":"publish","type":"product","link":"http:\/\/igel.wovodo.de:8085\/fr\/product\/oeko-pinselreiniger-200ml-schmincke-50-052\/","title":{"rendered":"\u00d6ko Pinselreiniger 200ml, Schmincke 50 052"},"content":{"rendered":"<div class=\"sale_description\">\n<p>Biologisch abbaubar und schnell wirksamer \u00d6ko-Pinselreiniger auf Wasser-\/Alkoholbasis in der \u00d6l- und Acrylmalerei f\u00fcr diverse Malutensilien. Erweicht bzw. l\u00f6st auch eingetrocknete Farbr\u00fcckst\u00e4nde; Pinsel nur bis zur Zwinge eintauchen. Biologisch abbaubar.<\/p>\n<p>Inhalt: 200ml, Schmincke 50 052<br \/>\nEnth\u00e4lt: Wasser, Alkohole, Tenside<\/p>\n<\/div>","protected":false},"excerpt":{"rendered":"<p>Biologisch abbaubar und schnell wirksames \u00d6ko-Pinselreiniger<\/p>","protected":false},"featured_media":32264,"comment_status":"open","ping_status":"closed","template":"","meta":[],"product_cat":[379,415,417],"product_tag":[],"class_list":{"0":"post-30260","1":"product","2":"type-product","3":"status-publish","4":"has-post-thumbnail","6":"product_cat-reinigungsmittel","7":"product_cat-hilfsmittel","8":"product_cat-reinigungsmittel-farben-fa-schmincke-airbrush-farben-profi-airbrush","10":"first","11":"instock","12":"taxable","13":"shipping-taxable","14":"purchasable","15":"product-type-simple"},"_links":{"self":[{"href":"http:\/\/igel.wovodo.de:8085\/fr\/wp-json\/wp\/v2\/product\/30260","targetHints":{"allow":["GET"]}}],"collection":[{"href":"http:\/\/igel.wovodo.de:8085\/fr\/wp-json\/wp\/v2\/product"}],"about":[{"href":"http:\/\/igel.wovodo.de:8085\/fr\/wp-json\/wp\/v2\/types\/product"}],"replies":[{"embeddable":true,"href":"http:\/\/igel.wovodo.de:8085\/fr\/wp-json\/wp\/v2\/comments?post=30260"}],"version-history":[{"count":1,"href":"http:\/\/igel.wovodo.de:8085\/fr\/wp-json\/wp\/v2\/product\/30260\/revisions"}],"predecessor-version":[{"id":34876,"href":"http:\/\/igel.wovodo.de:8085\/fr\/wp-json\/wp\/v2\/product\/30260\/revisions\/34876"}],"wp:featuredmedia":[{"embeddable":true,"href":"http:\/\/igel.wovodo.de:8085\/fr\/wp-json\/wp\/v2\/media\/32264"}],"wp:attachment":[{"href":"http:\/\/igel.wovodo.de:8085\/fr\/wp-json\/wp\/v2\/media?parent=30260"}],"wp:term":[{"taxonomy":"product_cat","embeddable":true,"href":"http:\/\/igel.wovodo.de:8085\/fr\/wp-json\/wp\/v2\/product_cat?post=30260"},{"taxonomy":"product_tag","embeddable":true,"href":"http:\/\/igel.wovodo.de:8085\/fr\/wp-json\/wp\/v2\/product_tag?post=30260"}],"curies":[{"name":"wp","href":"https:\/\/api.w.org\/{rel}","templated":true}]}}