{"id":30203,"date":"2024-10-31T14:07:09","date_gmt":"2024-10-31T13:07:09","guid":{"rendered":"http:\/\/igel.wovodo.de:8085\/product\/diesel-profi-600-4-230v-mit-zubehoer-paket-2\/"},"modified":"2025-01-27T12:29:09","modified_gmt":"2025-01-27T11:29:09","slug":"diesel-profi-600-4-230v-mit-zubehoer-paket-2","status":"publish","type":"product","link":"http:\/\/igel.wovodo.de:8085\/fr\/product\/diesel-profi-600-4-230v-mit-zubehoer-paket-2\/","title":{"rendered":"Diesel Profi 600-4 &#8211; 230V  mit Zubeh\u00f6r Paket 2"},"content":{"rendered":"<div class=\"sale_application\">\n<h2>Anwendungsbereiche:<\/h2>\n<ul>\n<li><b>Pumpe ist nach erster Bef\u00fcllung \/ Entl\u00fcftung selbstansaugend<\/b><\/li>\n<\/ul>\n<ul>\n<li>Komplett-Set 230V zum Bef\u00fcllen, Umpumpen, Umf\u00fcllen, Entleeren von Diesel- und Heiz\u00f6l-Tanks<\/li>\n<li><b>Pumpe ist nach erster Bef\u00fcllung \/ Entl\u00fcftung selbstansaugen<\/b><\/li>\n<\/ul>\n<\/div>\n<div class=\"sale_description\">\n<p>Kraftvolle Dieself\u00f6rderung mit unserer elektrischen <b>Diesel Profi 600-4 &#8211; 230V<\/b>. Untentbehrlich f\u00fcr jeden Fuhrpark, KFZ-Werkst\u00e4tten, Landwirtschaft, Autoverwertung usw! Wer viele Baumaschinen zu betanken hat, wird mit unserer Diesel-Pumpe seine Freude dran haben! Hiermit betanken Sie m\u00fchelos jegliche Art von Fahrzeugen und Maschinen. F\u00fcr diese Dieselpumpe ist auch das Umf\u00fcllen von Heiz\u00f6ltanks kein Problem.<br \/>\n<br \/>\nDie Motorleistung von 600W erm\u00f6glicht eine <strong>Durchflussmenge von 2400l\/h&nbsp;<\/strong>und eine <strong>maximale&nbsp;F\u00f6rderh\u00f6he von <\/strong><span style=\"color: black\"><strong>41m. <\/strong>Bitte beachten: Bei steigender F\u00f6rderh\u00f6he sinkt die F\u00f6rdermenge entsprechend.<\/span><\/p>\n<p><iframe src=\"https:\/\/www.youtube-nocookie.com\/embed\/o6fRRFBhbiw?rel=0\" title=\"Lecteur vid\u00e9o YouTube\" allow=\"accelerometer; autoplay; clipboard-write; encrypted-media; gyroscope; picture-in-picture\" allowfullscreen=\"\" width=\"560\" height=\"315\" frameborder=\"0\"><\/iframe><\/p>\n<p><span style=\"color: black\">Alle Diesel-Pumpen sind <strong>EINZELST\u00dcCK-gepr\u00fcft <\/strong>auf Ihre Funktion.<\/span> Daher k\u00f6nnen Reste der Pr\u00fcffl\u00fcssigkeit in der Pumpe \/ Verpackung vorhanden sein.<\/p>\n<p><b>Remarque : <\/b>Die Dieselpumpe und die Saugleitung sind bei der Inbetriebnahme blasenfrei mit Diesel zu bef\u00fcllen. Ein R\u00fcckschlagventil muss unbedingt am Ende der Saugleitung montiert und dicht sein.<\/p>\n<p>Umfangreiches Zubeh\u00f6r-Set f\u00fcr Dieselpumpen in bew\u00e4hrter Qualit\u00e4t: Diesel-Zapfpistole mit Schlauch, R\u00fcckschlagventil sowie Anschlusszubeh\u00f6r. Die hochwertige Diesel-Zapfpistole verf\u00fcgt \u00fcber eine Abschalt-Automatik und eine Durchfluss-Verrastung. Der Gummi-Schlauch hat eine L\u00e4nge von 6 Metern. Er kann problemlos selbst auf die passende L\u00e4nge zugeschnitten werden.<\/p>\n<p>Das Diesel-Zubeh\u00f6r Paket 2 mit Gummi-Schlauch und Automatik-Zapfpistole ist geeignet f\u00fcr den Einsatz mit Dieselpumpen\/ Heiz\u00f6lpumpen\/ Kraftstoffpumpen, aber auch alle Arten von Wasserpumpen (Tauchpumpen, Brunnenpumpen, Kreiselpumpen, Jetpumpen uvm.)<\/p>\n<\/div>\n<h3>De nombreuses bonnes raisons d'acheter ce produit :<\/h3>\n<div class=\"sale_motive\">\n<ul>\n<li>Komplett-Set mit umfangfreichem Zubeh\u00f6r<\/li>\n<\/ul>\n<ul>\n<li>Wir verwenden nur zuverl\u00e4ssige Bauteile, so dass SIE damit keine Probleme haben!<\/li>\n<li><b>Pumpe ist nach erster Bef\u00fcllung \/ Entl\u00fcftung selbstansaugen<\/b><\/li>\n<li>schwere, robuste, zuverl\u00e4ssige Qualit\u00e4t<\/li>\n<li>Interrupteur \"marche\" et \"arr\u00eat\" avec dispositif de s\u00e9curit\u00e9<\/li>\n<\/ul>\n<p><b><br \/>\n<\/b>\n<\/div>","protected":false},"excerpt":{"rendered":"<p>230-Volt-Dieselpumpe mit 6-m-Dieselschlauch, zuverl\u00e4ssiger Zapfpistole,<br \/>\n  hochwertigem Messing-R\u00fcckschlagventil, T\u00fcllen, Schellen<\/p>\n<p><b>Komplett-Set zum Top-Preis: 230-Volt-Dieselpumpe mit Zubeh\u00f6r!<\/b><\/p>","protected":false},"featured_media":36795,"comment_status":"open","ping_status":"closed","template":"","meta":[],"product_cat":[228,229],"product_tag":[],"class_list":{"0":"post-30203","1":"product","2":"type-product","3":"status-publish","4":"has-post-thumbnail","6":"product_cat-diesel-pumpen-sets","7":"product_cat-230v-pumpen","9":"first","10":"instock","11":"taxable","12":"shipping-taxable","13":"purchasable","14":"product-type-simple"},"_links":{"self":[{"href":"http:\/\/igel.wovodo.de:8085\/fr\/wp-json\/wp\/v2\/product\/30203","targetHints":{"allow":["GET"]}}],"collection":[{"href":"http:\/\/igel.wovodo.de:8085\/fr\/wp-json\/wp\/v2\/product"}],"about":[{"href":"http:\/\/igel.wovodo.de:8085\/fr\/wp-json\/wp\/v2\/types\/product"}],"replies":[{"embeddable":true,"href":"http:\/\/igel.wovodo.de:8085\/fr\/wp-json\/wp\/v2\/comments?post=30203"}],"version-history":[{"count":3,"href":"http:\/\/igel.wovodo.de:8085\/fr\/wp-json\/wp\/v2\/product\/30203\/revisions"}],"predecessor-version":[{"id":38366,"href":"http:\/\/igel.wovodo.de:8085\/fr\/wp-json\/wp\/v2\/product\/30203\/revisions\/38366"}],"wp:featuredmedia":[{"embeddable":true,"href":"http:\/\/igel.wovodo.de:8085\/fr\/wp-json\/wp\/v2\/media\/36795"}],"wp:attachment":[{"href":"http:\/\/igel.wovodo.de:8085\/fr\/wp-json\/wp\/v2\/media?parent=30203"}],"wp:term":[{"taxonomy":"product_cat","embeddable":true,"href":"http:\/\/igel.wovodo.de:8085\/fr\/wp-json\/wp\/v2\/product_cat?post=30203"},{"taxonomy":"product_tag","embeddable":true,"href":"http:\/\/igel.wovodo.de:8085\/fr\/wp-json\/wp\/v2\/product_tag?post=30203"}],"curies":[{"name":"wp","href":"https:\/\/api.w.org\/{rel}","templated":true}]}}