{"id":30193,"date":"2024-10-31T14:07:04","date_gmt":"2024-10-31T13:07:04","guid":{"rendered":"http:\/\/igel.wovodo.de:8085\/product\/automatik-tauchdruckpumpe-mit-ansaugset-7-top-multi-evotech-2-mit-schaltgeraet\/"},"modified":"2025-01-27T12:29:06","modified_gmt":"2025-01-27T11:29:06","slug":"automatik-tauchdruckpumpe-mit-ansaugset-7-top-multi-evotech-2-mit-schaltgeraet","status":"publish","type":"product","link":"http:\/\/igel.wovodo.de:8085\/fr\/product\/automatik-tauchdruckpumpe-mit-ansaugset-7-top-multi-evotech-2-mit-schaltgeraet\/","title":{"rendered":"Pompe de pression immerg\u00e9e automatique avec kit d'aspiration 7 TOP MULTI-EVOTECH 2 (avec bo\u00eetier de commande)"},"content":{"rendered":"<div class=\"sale_description\">\n<p>Die qualitativ hochwertige <b>Automatik-Tauchpumpe aus EU-Fertigung<\/b> ist mit einem Schaltger\u00e4t ausger\u00fcstet.<br \/>\n  Das integrierte Schaltger\u00e4t startet die Tauchpumpe automatisch, wenn der Druck im System unter 1,5bar f\u00e4llt (voreingestellt).<br \/>\n  Es stoppt die Tauchpumpe, sobald der Durchfluss weniger als 3 Liter pro Minute betr\u00e4gt.<br \/>\n  Die Tauchpumpe <b>TOP MULTI-EVOTECH 2<\/b> verf\u00fcgt \u00fcber integrierten <b>Trockenlaufschutz<\/b> und integrierten <b>Verstopfungsschutz<\/b>:<br \/>\n  Nach l\u00e4ngerer Inaktivit\u00e4t der Pumpe startet die elektronische Vorrichtung die Pumpe alle 48 Stunden f\u00fcr 10 Sekunden.<\/p>\n<p>Le site <b>mechanische Doppel-Dichtung<\/b> aus hochwertigem Materialien (Keramik, Graphit, Siliziumkarbid) ist in eine Kammer mit \u00d6l-Dauer-Schmierung eingebettet.<br \/>\n  Die Motorwelle und die Motorschutzh\u00fclse sind <b>aus rostfreiem Edelstahl<\/b> gefertigt. Gemeinsam mit dem glasfaserverst\u00e4rkten Technopolymer und speziellen Anti-Verschlei\u00df-Bauteilen<br \/>\n  verleihen sie der Tauchpumpe <b>TOP MULTI-EVOTECH 2<\/b> eine besondere <b>Robustheit, Top-Qualit\u00e4t und ein langes Pumpenleben<\/b>.<\/p>\n<p>Die Automatik-Tauchpumpe erbringt eine max. F\u00f6rdermenge \u00fcber <b>4.800 Liter pro Stunde<\/b> und ist <b>flachabsaugend bis 52mm<\/b> \u00fcber dem Boden. Der Pumpenfu\u00df der hochwertigen EU-Tauchpumpe hat einen Anti-Vibrierschutz.<\/p>\n<p>Die Tauchdruckpumpe ist f\u00fcr die Regenwassernutzung aus Fass, Tank oder Zisterne ideal geeignet.<\/p>\n<p>Das <b>Ansaug-Set 7<\/b> besteht aus einem Ansaugkorb aus rostfreiem Edelstahl, einer Schwimmerkugel, einem knickstabilen Saugschlauch sowie Anschlusst\u00fcllen.<br \/>\n  Als Tauchpumpen-Zubeh\u00f6r verhindert es Sch\u00e4den an der Pumpe. Das Ansaug-Set ist leicht zu montieren.<\/p>\n<\/div>\n<h3>De nombreuses bonnes raisons d'acheter ce produit :<\/h3>\n<div class=\"sale_motive\">\n<ul>\n<li>Automatik-Tauchpumpe aus europ\u00e4ischer Qualit\u00e4ts-Herstellung<\/li>\n<li>ideal f\u00fcr die schwimmende Entnahme<\/li>\n<li>inkl. Schaltger\u00e4t<\/li>\n<li>Hochwertige aus Keramik &amp; Graphit &amp; Siliziumkarbid gefertigte mechanische Doppel-Dichtung<\/li>\n<li>\u00d6l-Dauer-Schmierung<\/li>\n<li>Integr. Schaltger\u00e4t regelt Automatik-Start &amp; Automatik-Stopp<\/li>\n<li>Motorschutzh\u00fclse &amp; Motorwelle aus Edelstahl<\/li>\n<li>Anti-Vibrationsf\u00fc\u00dfe &amp; Anti-Verschlei\u00df-Teile am Motor<\/li>\n<li>Leistungsstark: Qmax 4.800L\/h<\/li>\n<\/ul>\n<\/div>","protected":false},"excerpt":{"rendered":"<p><b>Komplett-Set<\/b><\/p>\n<ul>\n<li>EU-Tauchdruckpumpe mit integriertem Schaltger\u00e4t<\/li>\n<li>Ansaugset 7<\/li>\n<\/ul>","protected":false},"featured_media":32071,"comment_status":"open","ping_status":"closed","template":"","meta":[],"product_cat":[266,281,366,343,244,402],"product_tag":[],"class_list":{"0":"post-30193","1":"product","2":"type-product","3":"status-publish","4":"has-post-thumbnail","6":"product_cat-hauswasserautomat","7":"product_cat-tauchdruck-pumpen","8":"product_cat-eu-produktion-tauchpumpen","9":"product_cat-tauchdruckpumpen","10":"product_cat-startseite-pumpe","11":"product_cat-regenwasser-pumpen-2","13":"first","14":"instock","15":"taxable","16":"shipping-taxable","17":"purchasable","18":"product-type-simple"},"_links":{"self":[{"href":"http:\/\/igel.wovodo.de:8085\/fr\/wp-json\/wp\/v2\/product\/30193","targetHints":{"allow":["GET"]}}],"collection":[{"href":"http:\/\/igel.wovodo.de:8085\/fr\/wp-json\/wp\/v2\/product"}],"about":[{"href":"http:\/\/igel.wovodo.de:8085\/fr\/wp-json\/wp\/v2\/types\/product"}],"replies":[{"embeddable":true,"href":"http:\/\/igel.wovodo.de:8085\/fr\/wp-json\/wp\/v2\/comments?post=30193"}],"version-history":[{"count":1,"href":"http:\/\/igel.wovodo.de:8085\/fr\/wp-json\/wp\/v2\/product\/30193\/revisions"}],"predecessor-version":[{"id":34810,"href":"http:\/\/igel.wovodo.de:8085\/fr\/wp-json\/wp\/v2\/product\/30193\/revisions\/34810"}],"wp:featuredmedia":[{"embeddable":true,"href":"http:\/\/igel.wovodo.de:8085\/fr\/wp-json\/wp\/v2\/media\/32071"}],"wp:attachment":[{"href":"http:\/\/igel.wovodo.de:8085\/fr\/wp-json\/wp\/v2\/media?parent=30193"}],"wp:term":[{"taxonomy":"product_cat","embeddable":true,"href":"http:\/\/igel.wovodo.de:8085\/fr\/wp-json\/wp\/v2\/product_cat?post=30193"},{"taxonomy":"product_tag","embeddable":true,"href":"http:\/\/igel.wovodo.de:8085\/fr\/wp-json\/wp\/v2\/product_tag?post=30193"}],"curies":[{"name":"wp","href":"https:\/\/api.w.org\/{rel}","templated":true}]}}