{"id":30166,"date":"2024-10-31T14:06:49","date_gmt":"2024-10-31T13:06:49","guid":{"rendered":"http:\/\/igel.wovodo.de:8085\/product\/tauchpumpe-regen-star-super-750-mit-durchflusswaechter-brio\/"},"modified":"2025-01-27T12:29:00","modified_gmt":"2025-01-27T11:29:00","slug":"tauchpumpe-regen-star-super-750-mit-durchflusswaechter-brio","status":"publish","type":"product","link":"http:\/\/igel.wovodo.de:8085\/fr\/product\/tauchpumpe-regen-star-super-750-mit-durchflusswaechter-brio\/","title":{"rendered":"Tauchpumpe Regen-Star-SUPER  750 mit Durchflussw\u00e4chter BRIO\u00ae"},"content":{"rendered":"<div class=\"sale_application\">\n<ul>\n<li>zur Brauchwasserversorgung in Haus und Garten<\/li>\n<li>zur Regenwassernutzung<\/li>\n<li>zum Bew\u00e4ssern von Rasen und Beeten<\/li>\n<li>zur Beh\u00e4lter-Umf\u00fcllung<\/li>\n<li>zur Nutzung von externen Wasserquellen aus Bach, Fluss und Brunnen, Vorratsbeh\u00e4lter<\/li>\n<li>f\u00fcr Anwendungen im Umweltschutz<\/li>\n<\/ul><\/div>\n<div class=\"sale_description\">\n<p>Das <b>Hauswasserwerk Regen-Star Super mit DW<\/b> besteht aus einer hochwertigen Klarwasser-Tauch-Druckpumpe mit einem Durchflussw\u00e4chter. Dieser steuert das Ein &#8211; und Abschalten der Pumpe automatisch. Wird ein Verbraucher aufgedreht schaltet die Pumpe an und beim Schlie\u00dfen wieder aus. Bei Wassermangel (geringer bzw. kein Wasserdurchfluss) schaltet der Durchflussw\u00e4chter die Pumpe aus und sch\u00fctzt Sie vor dem Trockenlaufen. Der Einsatzbereich ist sehr vielseitig. Sie k\u00f6nnen mit diesem Ger\u00e4t die gesamte Brauchwasserversorgung in Ihrem Haus automatisiert steuern und regeln.<\/p>\n<p>Die Regen-Star Super ist eine solide, zuverl\u00e4ssige und leistungsstarke Tauchpumpe aus rostfreiem Edelstahl f\u00fcr den vertikalen und horizontalen Betrieb. Sie ist bestens f\u00fcr den Einsatz in gro\u00dfen Wasserspeichern geeignet. Durch den horizontalen Betrieb kann, im Gegensatz zu vertikalen Pumpen, wesentlich mehr Wasser aus dem Wasserspeicher entnommen werden. Dadurch erh\u00f6ht sich das Nutzvolumen des Wasserbeh\u00e4lters. Die Tauchpumpe f\u00f6rdert das Wasser mit hohen Druck weiter an die Abnahmestelle im Haus oder Garten.\n<\/p>\n<p>Le site<b> Contr\u00f4leur de d\u00e9bit<\/b> sorgt f\u00fcr energiesparenden und schonenden Betrieb der Pumpe. Im Vergleich zu einfachen Druckschaltern werden keine sch\u00e4digenden Druckschl\u00e4ge auf die Pumpe \u00fcbertragen.<\/p>\n<p>Bei Einsatz von jeglichen <b>Pumpen-Schaltger\u00e4ten empfehlen wir dringend<\/b> vor dem Schaltger\u00e4t stets einen effektiven <b>Pumpen-Vorfilter\/Kartuschenfilter<\/b> einzusetzen. Dadurch lassen sich Probleme, die auf die Wasserveschmutzung zur\u00fcck zu f\u00fchren sind, deutlich reduzieren. Alle markt\u00fcblichen professionellen Schaltger\u00e4te haben eingangsseitig ein R\u00fcckschlagventil. Setzt sich ein Schmutzkorn genau zwischen den Dichtfl\u00e4chen ab, funktionieren die Schaltger\u00e4te nicht mehr einwandfrei. Die Durchflussw\u00e4chter beinhalten bereits ein R\u00fcckschlagventil, zwischen Pumpe und Durchflussw\u00e4chter darf kein weiteres R\u00fcckschlagventil montiert werden da dies zu Fehlern und sogar Besch\u00e4digungen an der Pumpe f\u00fchren kann.<\/p>\n<\/div>\n<h3>De nombreuses bonnes raisons d'acheter ce produit :<\/h3>\n<div class=\"sale_motive\">\n<ul>\n<li>fiable, performant<\/li>\n<li>horizontaler und vertikaler Betrieb m\u00f6glich<\/li>\n<li>longue dur\u00e9e de vie<\/li>\n<li>hochwertiges Edelstahlgeh\u00e4use<\/li>\n<li>leicht zug\u00e4nglicher Kondensator in der Anschluss-Box (immer ein Vorteil, da dies i.d.R. das Bauteil ist, das bei Tauchdruckpumpen einem gewissen Verschlei\u00df unterliegt)<\/li>\n<li>Anschluss f\u00fcr schwimmende Entnahme &#8211; optimal f\u00fcr Regenwassernutzung<\/li>\n<li>mit wassergek\u00fchltem Inverter: kann auch bei eingeschr\u00e4nkter Luftk\u00fchlung eingesetzt werden<\/li>\n<li>ENERGIESPARENDER Pumpen-Betrieb: Bis zu 85% Energieeinsparung bei Pumpen-Betrieb mit wechselnder Belastung<\/li>\n<\/ul><\/div>","protected":false},"excerpt":{"rendered":"<p><font size=\"2\"><\/p>\n<p>Hauswasserwerk mit 750Watt \/ 4,5 bar \/ 4500l\/h \/ 25m Kabel \/ inkl. Durchflussw\u00e4chter<\/font><\/p><\/p>","protected":false},"featured_media":31995,"comment_status":"open","ping_status":"closed","template":"","meta":[],"product_cat":[266,343],"product_tag":[],"class_list":{"0":"post-30166","1":"product","2":"type-product","3":"status-publish","4":"has-post-thumbnail","6":"product_cat-hauswasserautomat","7":"product_cat-tauchdruckpumpen","9":"first","10":"instock","11":"taxable","12":"shipping-taxable","13":"purchasable","14":"product-type-simple"},"_links":{"self":[{"href":"http:\/\/igel.wovodo.de:8085\/fr\/wp-json\/wp\/v2\/product\/30166","targetHints":{"allow":["GET"]}}],"collection":[{"href":"http:\/\/igel.wovodo.de:8085\/fr\/wp-json\/wp\/v2\/product"}],"about":[{"href":"http:\/\/igel.wovodo.de:8085\/fr\/wp-json\/wp\/v2\/types\/product"}],"replies":[{"embeddable":true,"href":"http:\/\/igel.wovodo.de:8085\/fr\/wp-json\/wp\/v2\/comments?post=30166"}],"version-history":[{"count":1,"href":"http:\/\/igel.wovodo.de:8085\/fr\/wp-json\/wp\/v2\/product\/30166\/revisions"}],"predecessor-version":[{"id":34784,"href":"http:\/\/igel.wovodo.de:8085\/fr\/wp-json\/wp\/v2\/product\/30166\/revisions\/34784"}],"wp:featuredmedia":[{"embeddable":true,"href":"http:\/\/igel.wovodo.de:8085\/fr\/wp-json\/wp\/v2\/media\/31995"}],"wp:attachment":[{"href":"http:\/\/igel.wovodo.de:8085\/fr\/wp-json\/wp\/v2\/media?parent=30166"}],"wp:term":[{"taxonomy":"product_cat","embeddable":true,"href":"http:\/\/igel.wovodo.de:8085\/fr\/wp-json\/wp\/v2\/product_cat?post=30166"},{"taxonomy":"product_tag","embeddable":true,"href":"http:\/\/igel.wovodo.de:8085\/fr\/wp-json\/wp\/v2\/product_tag?post=30166"}],"curies":[{"name":"wp","href":"https:\/\/api.w.org\/{rel}","templated":true}]}}