{"id":30058,"date":"2024-10-31T14:05:41","date_gmt":"2024-10-31T13:05:41","guid":{"rendered":"http:\/\/igel.wovodo.de:8085\/product\/airbrush-absauganlage-hobby-1-mit-drehteller-rotate-n-hold\/"},"modified":"2025-01-27T12:28:28","modified_gmt":"2025-01-27T11:28:28","slug":"airbrush-absauganlage-hobby-1-mit-drehteller-rotate-n-hold","status":"publish","type":"product","link":"http:\/\/igel.wovodo.de:8085\/fr\/product\/airbrush-absauganlage-hobby-1-mit-drehteller-rotate-n-hold\/","title":{"rendered":"Airbrush Absauganlage HOBBY 1 mit Drehteller Rotate &#8216;n&#8217; Hold"},"content":{"rendered":"<div class=\"sale_application\">\n<ul>\n<li>Absauganlage f\u00fcr Farbnebel mit austauschbarer Filtermatte und Tragegriff<\/li>\n<\/ul>\n<\/div>\n<div class=\"sale_description\">\n<p>Kompakte, <b>sehr leise<\/b> Absauganlage zur Tischaufstellung f\u00fcr alle Arten von Spray-Arbeiten. Besonders gut geeignet f\u00fcr Airbrush und Farbauftrag aus Spr\u00fchdosen. Preiswerte und gute L\u00f6sung f\u00fcr Ihr Hobby. Optimal zum Bemalen von kleinen Teilen: Modellautos, Zinnsoldaten, Keramiken usw. Leicht transportabel mit Handgriff.<\/p>\n<p>Der zweiteilige flexible Entl\u00fcftungsschlauch l\u00e4sst sich bis zu 35&#8243; \/ 98cm ausdehnen.<\/p>\n<p>Der Spr\u00fchnebel wird angesaugt, \u00fcber eine Filtermatte gereinigt und die Abluft ins Freie abgef\u00fchrt.<br \/><i>Nicht einsetzbar f\u00fcr das Absaugen von gef\u00e4hrlichen, explosiven oder entflammbaren Substanzen.<\/i><\/p>\n<p>Durch das hervorragende Absaugen von Staub und Farbe aus der Luft, minimiert die Absauganlage HOBBY 1 das potenzielle Gesundheitsrisiko durch das Einatmen von D\u00e4mpfen, Farbnebel und somit daraus resultierende Benommenheit oder auch Kopfschmerzen.<br \/>\nDar\u00fcber hinaus verhindert die Anlage unsch\u00f6ne Verschmutzungen des Kunstwerks sowie der Arbeitsumgebung und sorgt so f\u00fcr eine bessere Luftqualit\u00e4t und ein angenehmeres Arbeitsklima zu einem unschlagbaren Preis-Leistungs-Verh\u00e4ltnis.<br \/>\nDie Absauganlage HOBBY 1 liefert eine solide Leistung ab und entfernt Partikel aus der Luft zuverl\u00e4ssig. Ersparen Sie sich das unangenehme Arbeiten mit Mundmaske, Atmen und Arbeiten Sie frei!\n<\/p>\n<p><\/p>\n<div class=\"embed-responsive embed-responsive-16by9\" &gt;=\"\">\n<iframe width=\"560\" height=\"315\" src=\"https:\/\/www.youtube-nocookie.com\/embed\/pPXpq0Eo0IU?rel=0\" title=\"Lecteur vid\u00e9o YouTube\" frameborder=\"0\" allow=\"accelerometer; autoplay; clipboard-write; encrypted-media; gyroscope; picture-in-picture\" allowfullscreen=\"\"><\/iframe><\/div>\n<p>Der mitgelieferte Drehteller Rotate &#8216;n&#8217; Hold aus hochwertigem Kunststoff ist sehr robust und gut verarbeitet f\u00fcr eine lange Lebensdauer. Durch seine Drehbarkeit von vollen 360\u00b0 Grad erm\u00f6glicht der Drehteller den nahtlosen Zugriff auf die Objekte und Modellteile von allen Seiten. Die rautenf\u00f6rmige Oberfl\u00e4che und die rutschfesten Gummif\u00fc\u00dfe helfen dabei, gr\u00f6\u00dfere Objekte an Ort und Stelle zu halten.<br \/>\nSo machen Sie im Handumdrehen auch schwerere Ger\u00e4te und Objekte leicht und frei drehbar. <\/p>\n<p>Kleinere Modellteile und Objekte k\u00f6nnen mit Hilfe der mitgelieferten Krokodilklemmen befestigt werden. Die Klemmen lassen sich, f\u00fcr einen sicheren Halt, mit ihrer Eisenstange in daf\u00fcr vorgesehene Bohrungen im Drehteller stecken. <\/p>\n<p>Der Drehteller ist bequem und leicht, durch einfaches Absp\u00fclen mit Wasser, zu reinigen.<\/p>\n<p>Mit einem Durchmesser von ca. 19cm und einer H\u00f6he von ca. 15mm ist der Drehteller vielseitig einsetzbar und f\u00fcr das Arbeiten mit Airbrush Modellen ideal geeignet.<\/p>\n<\/div>\n<h3>De nombreuses bonnes raisons d'acheter ce produit :<\/h3>\n<div class=\"sale_motive\">\n<ul>\n<li>Kompakte Absauganlage zur Tischaufstellung f\u00fcr alle Arten von Spray-Arbeiten<\/li>\n<li>Besonders gut geeignet f\u00fcr Airbrush und Farbauftrag aus Spr\u00fchdosen. Preiswerte und gute L\u00f6sung f\u00fcr Ihr Hobby<\/li>\n<li>Optimal zum Bemalen von kleinen Teilen: Modellautos, Zinnsoldaten, Keramiken usw., auch Dank des mitgelieferten Drehtellers mit Krokodilklemmen, die das Arbeiten erheblich erleichtern.<\/li>\n<li>Leicht transportabel mit Handgriff<\/li>\n<li>Der Spr\u00fchnebel wird angesaugt, \u00fcber einen Filter gereinigt und die Abluft ins Freie abgef\u00fchrt<\/li>\n<\/ul>\n<\/div>","protected":false},"excerpt":{"rendered":"<p>Absauganlage f\u00fcr Farbnebel mit austauschbarer Filtermatte und Tragegriff, inkl. Drehteller und Krokodilklemmen<\/p>","protected":false},"featured_media":31590,"comment_status":"open","ping_status":"closed","template":"","meta":[],"product_cat":[257,256],"product_tag":[],"class_list":{"0":"post-30058","1":"product","2":"type-product","3":"status-publish","4":"has-post-thumbnail","6":"product_cat-zubehoer-profi-airbrush","7":"product_cat-zubehoer-airbrush","9":"first","10":"instock","11":"taxable","12":"shipping-taxable","13":"purchasable","14":"product-type-simple"},"_links":{"self":[{"href":"http:\/\/igel.wovodo.de:8085\/fr\/wp-json\/wp\/v2\/product\/30058","targetHints":{"allow":["GET"]}}],"collection":[{"href":"http:\/\/igel.wovodo.de:8085\/fr\/wp-json\/wp\/v2\/product"}],"about":[{"href":"http:\/\/igel.wovodo.de:8085\/fr\/wp-json\/wp\/v2\/types\/product"}],"replies":[{"embeddable":true,"href":"http:\/\/igel.wovodo.de:8085\/fr\/wp-json\/wp\/v2\/comments?post=30058"}],"version-history":[{"count":2,"href":"http:\/\/igel.wovodo.de:8085\/fr\/wp-json\/wp\/v2\/product\/30058\/revisions"}],"predecessor-version":[{"id":38344,"href":"http:\/\/igel.wovodo.de:8085\/fr\/wp-json\/wp\/v2\/product\/30058\/revisions\/38344"}],"wp:featuredmedia":[{"embeddable":true,"href":"http:\/\/igel.wovodo.de:8085\/fr\/wp-json\/wp\/v2\/media\/31590"}],"wp:attachment":[{"href":"http:\/\/igel.wovodo.de:8085\/fr\/wp-json\/wp\/v2\/media?parent=30058"}],"wp:term":[{"taxonomy":"product_cat","embeddable":true,"href":"http:\/\/igel.wovodo.de:8085\/fr\/wp-json\/wp\/v2\/product_cat?post=30058"},{"taxonomy":"product_tag","embeddable":true,"href":"http:\/\/igel.wovodo.de:8085\/fr\/wp-json\/wp\/v2\/product_tag?post=30058"}],"curies":[{"name":"wp","href":"https:\/\/api.w.org\/{rel}","templated":true}]}}