{"id":30045,"date":"2024-10-31T14:05:34","date_gmt":"2024-10-31T13:05:34","guid":{"rendered":"http:\/\/igel.wovodo.de:8085\/product\/profi-airbrush-carry-iii-color-ii-mit-4-farben-set\/"},"modified":"2025-01-27T12:28:23","modified_gmt":"2025-01-27T11:28:23","slug":"profi-airbrush-carry-iii-color-ii-mit-4-farben-set","status":"publish","type":"product","link":"http:\/\/igel.wovodo.de:8085\/fr\/product\/profi-airbrush-carry-iii-color-ii-mit-4-farben-set\/","title":{"rendered":"Profi-AirBrush Carry III Color II mit 4 Farben Set"},"content":{"rendered":"<div class=\"sale_application\"><b><br \/>\n<b><\/p>\n<p>Id\u00e9al pour la cosm\u00e9tique et la beaut\u00e9 (airbrush nail art, maquillage, coloration des cheveux, soins capillaires, spray tanning), l'art corporel (body painting, tatouage, cr\u00e9ation de masques), les loisirs (fleurs\/arrangements floraux, mod\u00e9lisme, c\u00e9ramique\/ poterie, textiles), les petits designs automobiles (bouchons de r\u00e9servoir\/casques), les illustrations techniques\/retouches de photos et la d\u00e9coration de produits alimentaires (g\u00e2teaux\/cupcakes). Les possibilit\u00e9s d'a\u00e9rographie sont pratiquement illimit\u00e9es.<\/p>\n<p><\/b><br \/>\n<\/b> <\/div>\n<div class=\"sale_description\">\n<p>Dieses Airbrush Kompressor <b>Airbrush Kompressor Carry III <\/b>ist ideal f\u00fcr den Einstieg in das Hobby der Airbrushtechnik. Die Vielseitigkeit der Ausstattung bietet Ihnen die M\u00f6glichkeit, fast alle Anwendungen auszuprobieren und gleich richtig zu betreiben. Neben dem im Set enthaltenen&nbsp;<b> Farben Set<\/b> sind auch weitere <b>Farb-Sets <\/b>zum <b>g\u00fcnstigen Preis<\/b> frachtfrei lieferbar. Insbesondere m\u00f6chten wir Ihnen die 100ml Sunless- Tanning-Lotion zum Kennenlernpreis empfehlen. Das <b>Airbrush Kompressor Carry II <\/b> ist f\u00fcr das Arbeiten mit allen handels\u00fcblichen Airbrush Farben geeignet. Die Anwendungsgebiete gehen \u00fcber Nagel Design, Tattoo, Lebensmittel-Dekoration wie Torten, Cup-Cake, Blumen und Gestecke, bis zu feinen Modellbau-Projekten. Mit nur 47dB erm\u00f6glicht er angenehmes Arbeiten auch in kleineren, geschlossenen R\u00e4umen.<\/p>\n<p>Die Airbrush-Pistole <strong>&#8220;Single-Action-Gun 207 D 0,3&#8221;<\/strong> ist ein Zweistoff-Zerst\u00e4uber, der nach dem Prinzip einer Strahlpumpe arbeitet, wobei Druckluft als Treibmittel verwendet wird. In Abh\u00e4ngigkeit von der St\u00e4rke des Luftstroms und der Menge der Farbe, kann man mit einer Airbushpistole feinste Linien aber auch gro\u00dfe Fl\u00e4chen malen. Man kann Farbe deckend aufspr\u00fchen aber auch einen transparenten Farbfilm airbrushen.<\/p>\n<p><strong>Bestellen Sie HIER das Zubeh\u00f6r zum SUPER-G\u00dcNSTIGEN Peis gleich mit und sparen noch die Versandkosten!<\/strong><\/p>\n<\/div>\n<h3>De nombreuses bonnes raisons d'acheter ce produit :<\/h3>\n<div class=\"sale_motive\">\n<ul>\n<li><b>Ideales Einsteiger-Set<\/b> zum Kennenlernen der Airbrush-Technik zum <b>Top prix !<\/b><\/li>\n<li>in <b>3 Power-Stufen<\/b> leicht regelbare Kompressorleistung<\/li>\n<li><b>Universal-Airbrush-Pistole<\/b> &#8220;Double-Action-Gun&#8221; mit 0,3 D\u00fcse <\/li>\n<li><b>Transportabel<\/b> &amp; schnell einsatzbereit: Optimal f\u00fcr den mobilen Einsatz!<\/li>\n<li>\u00d6l- und wartungsfreier Kompressor<\/li>\n<li>Kompressor-Anschluss: T\u00fclle f\u00fcr Standardschlauch (passend f\u00fcr alle g\u00e4ngigen Airbrushpistolen)<\/li>\n<li><strong>fl\u00fcsterleiser Betrieb ca. 47dB<\/strong> (Zum Vergleich: ein normales Gespr\u00e4ch in 1m Abstand = 60dB)<\/li>\n<\/ul>\n<\/div>","protected":false},"excerpt":{"rendered":"<p>mini Airbrush Kompressor Set, ideal f\u00fcr Makeup, Nailart\/Naildesign, Kosmetik, Body-Painting, Body Art, Spray Tanning!<\/p>","protected":false},"featured_media":36740,"comment_status":"open","ping_status":"closed","template":"","meta":[],"product_cat":[213],"product_tag":[],"class_list":{"0":"post-30045","1":"product","2":"type-product","3":"status-publish","4":"has-post-thumbnail","6":"product_cat-airbrush-sets-mit-farben","8":"first","9":"instock","10":"taxable","11":"shipping-taxable","12":"purchasable","13":"product-type-simple"},"_links":{"self":[{"href":"http:\/\/igel.wovodo.de:8085\/fr\/wp-json\/wp\/v2\/product\/30045","targetHints":{"allow":["GET"]}}],"collection":[{"href":"http:\/\/igel.wovodo.de:8085\/fr\/wp-json\/wp\/v2\/product"}],"about":[{"href":"http:\/\/igel.wovodo.de:8085\/fr\/wp-json\/wp\/v2\/types\/product"}],"replies":[{"embeddable":true,"href":"http:\/\/igel.wovodo.de:8085\/fr\/wp-json\/wp\/v2\/comments?post=30045"}],"version-history":[{"count":1,"href":"http:\/\/igel.wovodo.de:8085\/fr\/wp-json\/wp\/v2\/product\/30045\/revisions"}],"predecessor-version":[{"id":34665,"href":"http:\/\/igel.wovodo.de:8085\/fr\/wp-json\/wp\/v2\/product\/30045\/revisions\/34665"}],"wp:featuredmedia":[{"embeddable":true,"href":"http:\/\/igel.wovodo.de:8085\/fr\/wp-json\/wp\/v2\/media\/36740"}],"wp:attachment":[{"href":"http:\/\/igel.wovodo.de:8085\/fr\/wp-json\/wp\/v2\/media?parent=30045"}],"wp:term":[{"taxonomy":"product_cat","embeddable":true,"href":"http:\/\/igel.wovodo.de:8085\/fr\/wp-json\/wp\/v2\/product_cat?post=30045"},{"taxonomy":"product_tag","embeddable":true,"href":"http:\/\/igel.wovodo.de:8085\/fr\/wp-json\/wp\/v2\/product_tag?post=30045"}],"curies":[{"name":"wp","href":"https:\/\/api.w.org\/{rel}","templated":true}]}}