{"id":30008,"date":"2024-10-31T14:05:10","date_gmt":"2024-10-31T13:05:10","guid":{"rendered":"http:\/\/igel.wovodo.de:8085\/product\/airbrush-airbrush-koerper-selbstbraeunungs-lotion-3er-set\/"},"modified":"2025-01-27T12:28:13","modified_gmt":"2025-01-27T11:28:13","slug":"airbrush-airbrush-koerper-selbstbraeunungs-lotion-3er-set","status":"publish","type":"product","link":"http:\/\/igel.wovodo.de:8085\/fr\/product\/airbrush-airbrush-koerper-selbstbraeunungs-lotion-3er-set\/","title":{"rendered":"Airbrush Airbrush K\u00f6rper-Selbstbr\u00e4unungs Lotion 3er Set"},"content":{"rendered":"<div class=\"sale_application\"><strong>Ideal f\u00fcr Airbrush-Tanning<\/strong> <\/div>\n<div class=\"sale_description\">\n<p>Mit unserer <strong>Airbrush K\u00f6rper-Selbstbr\u00e4unungs-Lotion<\/strong> f\u00fcr Sunless Self Tanning mit Airbrush erhalten Sie den Zauber und den Laufsteg-Glamour aus Hollywood! Gesunde, sch\u00f6ne und nahtlose Br\u00e4une, ganz wie die Stars!<\/p>\n<p>Die Airbrush Tan Lotion wurde speziell f\u00fcr Anwendungen mit Airbrushkompressor und Airbrushpistole entwickelt.<\/p>\n<p> Unsere Selbstbr\u00e4unungs-Lotion ist einfach, sicher und effizient in der Anwendung: Im Gegensatz zur Br\u00e4une durch Sonneneinwirkung oder Solarium-Besuche gehen Sie mit unserer Selbstbr\u00e4unungslotion keine gesundheitlichen Risiken ein. Eine Anwendung ersetzt ca. 6 sch\u00e4dliche UV-Strahlen-Br\u00e4unungen im Sonnenstudio. Die Spr\u00fchbr\u00e4une pflegt Ihre Haut und l\u00e4sst sie nat\u00fcrlich braun aussehen &#8211; ohne &#8220;Orange-Effekt&#8221;, ohne &#8220;Streifenh\u00f6rncheneffekt&#8221;.<\/p>\n<p> Enth\u00e4lt 12% DHA f\u00fcr eine intensive Br\u00e4une!<\/p>\n<\/div>\n<h3>De nombreuses bonnes raisons d'acheter ce produit :<\/h3>\n<div class=\"sale_motive\">\n<ul>\n<li>einfach und sicher in der Anwendung<\/li>\n<li>speziell f\u00fcr die Anwendung mit Airbrush-Kompressor und Airbrushpistole entwickelt<\/li>\n<li>nat\u00fcrlich wirkende Br\u00e4une ohne gesundheitliches Risiko<\/li>\n<li>pflegt und sch\u00fctzt die Haut<\/li>\n<li>ersetzt bis zu 6 Br\u00e4unungen im Studio<\/li>\n<li>professionelles, gleichm\u00e4\u00dfiges Ergebnis &#8211; ohne Streifen, ohne Flecken, ohne Orange-Effekt<\/li>\n<li>f\u00fcr Profis sowie auch f\u00fcr Einsteiger geeignet<\/li>\n<\/div>","protected":false},"excerpt":{"rendered":"<p>Glamour\u00f6se Hollywood-Star-Br\u00e4une aus der Flasche &#8211; speziell f\u00fcr Airbrushpistolen entwickelt, 12% DHA<\/p>","protected":false},"featured_media":31227,"comment_status":"open","ping_status":"closed","template":"","meta":[],"product_cat":[238,235],"product_tag":[],"class_list":{"0":"post-30008","1":"product","2":"type-product","3":"status-publish","4":"has-post-thumbnail","6":"product_cat-airbrush-tanning","7":"product_cat-airbrush-farben","9":"first","10":"instock","11":"taxable","12":"shipping-taxable","13":"purchasable","14":"product-type-simple"},"_links":{"self":[{"href":"http:\/\/igel.wovodo.de:8085\/fr\/wp-json\/wp\/v2\/product\/30008","targetHints":{"allow":["GET"]}}],"collection":[{"href":"http:\/\/igel.wovodo.de:8085\/fr\/wp-json\/wp\/v2\/product"}],"about":[{"href":"http:\/\/igel.wovodo.de:8085\/fr\/wp-json\/wp\/v2\/types\/product"}],"replies":[{"embeddable":true,"href":"http:\/\/igel.wovodo.de:8085\/fr\/wp-json\/wp\/v2\/comments?post=30008"}],"version-history":[{"count":1,"href":"http:\/\/igel.wovodo.de:8085\/fr\/wp-json\/wp\/v2\/product\/30008\/revisions"}],"predecessor-version":[{"id":34629,"href":"http:\/\/igel.wovodo.de:8085\/fr\/wp-json\/wp\/v2\/product\/30008\/revisions\/34629"}],"wp:featuredmedia":[{"embeddable":true,"href":"http:\/\/igel.wovodo.de:8085\/fr\/wp-json\/wp\/v2\/media\/31227"}],"wp:attachment":[{"href":"http:\/\/igel.wovodo.de:8085\/fr\/wp-json\/wp\/v2\/media?parent=30008"}],"wp:term":[{"taxonomy":"product_cat","embeddable":true,"href":"http:\/\/igel.wovodo.de:8085\/fr\/wp-json\/wp\/v2\/product_cat?post=30008"},{"taxonomy":"product_tag","embeddable":true,"href":"http:\/\/igel.wovodo.de:8085\/fr\/wp-json\/wp\/v2\/product_tag?post=30008"}],"curies":[{"name":"wp","href":"https:\/\/api.w.org\/{rel}","templated":true}]}}