{"id":28968,"date":"2024-10-07T15:09:10","date_gmt":"2024-10-07T13:09:10","guid":{"rendered":"http:\/\/igel.wovodo.de:8085\/?page_id=28968"},"modified":"2024-11-08T09:42:23","modified_gmt":"2024-11-08T08:42:23","slug":"hinweise-zur-batterieentsorgung-und-gewaehrleistung","status":"publish","type":"page","link":"http:\/\/igel.wovodo.de:8085\/fr\/hinweise-zur-batterieentsorgung-und-gewaehrleistung\/","title":{"rendered":"Hinweise zur Batterieentsorgung und Gew\u00e4hrleistung"},"content":{"rendered":"<div data-elementor-type=\"wp-page\" data-elementor-id=\"28968\" class=\"elementor elementor-28968\" data-elementor-post-type=\"page\">\n\t\t\t\t<div class=\"wd-negative-gap elementor-element elementor-element-3481f47e e-flex e-con-boxed e-con e-parent\" data-id=\"3481f47e\" data-element_type=\"container\">\n\t\t\t\t\t<div class=\"e-con-inner\">\n\t\t\t\t<div class=\"elementor-element elementor-element-5eeadc7 elementor-widget elementor-widget-heading\" data-id=\"5eeadc7\" data-element_type=\"widget\" data-widget_type=\"heading.default\">\n\t\t\t\t<div class=\"elementor-widget-container\">\n\t\t\t<h2 class=\"elementor-heading-title elementor-size-default\">Hinweise zur Batterieentsorgung<\/h2>\t\t<\/div>\n\t\t\t\t<\/div>\n\t\t\t\t<div class=\"elementor-element elementor-element-70825e34 color-scheme-inherit text-left elementor-widget elementor-widget-text-editor\" data-id=\"70825e34\" data-element_type=\"widget\" data-widget_type=\"text-editor.default\">\n\t\t\t\t<div class=\"elementor-widget-container\">\n\t\t\t\t\t\t\t<p>Im Zusammenhang mit dem Vertrieb von Batterien oder mit der Lieferung von Ger\u00e4ten, die Batterien enthalten, sind wir verpflichtet, Sie auf folgendes hinzuweisen:<br \/>Sie sind zur R\u00fcckgabe gebrauchter Batterien als Endnutzer gesetzlich verpflichtet. Sie k\u00f6nnen Altbatterien, die wir als Neubatterien im Sortiment f\u00fchren oder gef\u00fchrt haben, unentgeltlich an unserem Versandlager (Versandadresse) zur\u00fcckgeben.<\/p>\t\t\t\t\t\t<\/div>\n\t\t\t\t<\/div>\n\t\t\t\t<div class=\"elementor-element elementor-element-0b3da39 color-scheme-inherit text-left elementor-widget elementor-widget-text-editor\" data-id=\"0b3da39\" data-element_type=\"widget\" data-widget_type=\"text-editor.default\">\n\t\t\t\t<div class=\"elementor-widget-container\">\n\t\t\t\t\t\t\t<p><b>Die auf den Batterien abgebildeten Symbole haben folgende Bedeutung:<\/b><\/p><p><img decoding=\"async\" class=\"wp-image-28969 alignright\" src=\"http:\/\/igel.wovodo.de:8085\/wp-content\/uploads\/2024\/10\/nicht_in_den_Muell.png\" alt=\"\" width=\"78\" height=\"115\" srcset=\"http:\/\/igel.wovodo.de:8085\/wp-content\/uploads\/2024\/10\/nicht_in_den_Muell.png 100w, http:\/\/igel.wovodo.de:8085\/wp-content\/uploads\/2024\/10\/nicht_in_den_Muell-48x71.png 48w\" sizes=\"(max-width: 78px) 100vw, 78px\" \/> Das Symbol der durchgekreuzten M\u00fclltonne bedeutet, dass die Batterie nicht in den Hausm\u00fcll gegeben werden darf. \u00a0<\/p><ul><li><b>Pb<\/b> = Batterie enth\u00e4lt mehr als 0,004 Masseprozent Blei.<\/li><li><b>Cd<\/b> = Batterie enth\u00e4lt mehr als 0,002 Masseprozent Cadmium.<\/li><li><b>Hg<\/b> = Batterie enth\u00e4lt mehr als 0,0005 Masseprozent Quecksilber.<\/li><\/ul><p>Bitte beachten Sie die vorstehenden Hinweise.<\/p>\t\t\t\t\t\t<\/div>\n\t\t\t\t<\/div>\n\t\t\t\t<div class=\"elementor-element elementor-element-869098b color-scheme-inherit text-left elementor-widget elementor-widget-text-editor\" data-id=\"869098b\" data-element_type=\"widget\" data-widget_type=\"text-editor.default\">\n\t\t\t\t<div class=\"elementor-widget-container\">\n\t\t\t\t\t\t\t<p><strong>Informationspflichten gem\u00e4\u00df \u00a718 Abs. 2 Elektro- und Elektronikger\u00e4tegesetz:<\/strong> <a title=\"BMU: Daten zu Elektro- und Elektronikger\u00e4ten in Deutschland\" href=\"https:\/\/www.bmu.de\/themen\/wasser-abfall-boden\/abfallwirtschaft\/statistiken\/elektro-und-elektronikaltgeraete\/\" target=\"_blank\" rel=\"noopener\">https:\/\/www.bmu.de\/themen\/wasser-abfall-boden\/abfallwirtschaft\/statistiken\/elektro-und-elektronikaltgeraete\/<\/a><\/p>\t\t\t\t\t\t<\/div>\n\t\t\t\t<\/div>\n\t\t\t\t<div class=\"elementor-element elementor-element-da94724 elementor-widget elementor-widget-spacer\" data-id=\"da94724\" data-element_type=\"widget\" data-widget_type=\"spacer.default\">\n\t\t\t\t<div class=\"elementor-widget-container\">\n\t\t\t\t\t<div class=\"elementor-spacer\">\n\t\t\t<div class=\"elementor-spacer-inner\"><\/div>\n\t\t<\/div>\n\t\t\t\t<\/div>\n\t\t\t\t<\/div>\n\t\t\t\t\t<\/div>\n\t\t\t\t<\/div>\n\t\t<div class=\"wd-negative-gap elementor-element elementor-element-52a6bd6 e-flex e-con-boxed e-con e-parent\" data-id=\"52a6bd6\" data-element_type=\"container\">\n\t\t\t\t\t<div class=\"e-con-inner\">\n\t\t\t\t<div class=\"elementor-element elementor-element-256298b elementor-widget elementor-widget-heading\" data-id=\"256298b\" data-element_type=\"widget\" data-widget_type=\"heading.default\">\n\t\t\t\t<div class=\"elementor-widget-container\">\n\t\t\t<h2 class=\"elementor-heading-title elementor-size-default\">Wenn der AKKU nach einigen Monaten nicht mehr geht<\/h2>\t\t<\/div>\n\t\t\t\t<\/div>\n\t\t\t\t<div class=\"elementor-element elementor-element-09933bd color-scheme-inherit text-left elementor-widget elementor-widget-text-editor\" data-id=\"09933bd\" data-element_type=\"widget\" data-widget_type=\"text-editor.default\">\n\t\t\t\t<div class=\"elementor-widget-container\">\n\t\t\t\t\t\t\t<p>Es gibt sehr viele physikalische Gr\u00fcnde, die die Lebensdauer von Akkus entscheidend beeinflussen. Akkus haben dadurch bedingt nur eine begrenzte Lebensdauer, die stark von ihrer Behandlung abh\u00e4ngt.<br \/>Akkus sind daher in der Regel vom Umtausch ausgeschlossen, da sie Verschlei\u00dfteile sind. Denn wenn ein Akku nicht regelm\u00e4\u00dfig aufgeladen wird und \u00fcber l\u00e4ngere Zeit ungenutzt bleibt, wird er funktionsunt\u00fcchtig. In solchen F\u00e4llen greift die gesetzliche Gew\u00e4hrleistung von 24 Monaten nicht. Leider kann man bei den Akkus die &#8220;Vorbehandlung&#8221; nicht feststellen, sodass die Anspr\u00fcche bzgl. kostenlosem Umtausch i.d. Regel abgelehnt werden m\u00fcssen.<\/p>\t\t\t\t\t\t<\/div>\n\t\t\t\t<\/div>\n\t\t\t\t<div class=\"elementor-element elementor-element-8dc82e2 color-scheme-inherit text-left elementor-widget elementor-widget-text-editor\" data-id=\"8dc82e2\" data-element_type=\"widget\" data-widget_type=\"text-editor.default\">\n\t\t\t\t<div class=\"elementor-widget-container\">\n\t\t\t\t\t\t\t<p>Bei richtiger Lagerung und regelm\u00e4\u00dfiger vollst\u00e4ndiger Ladung (ohne Inbetriebnahme und Gebrauch) gilt die gesetzliche Gew\u00e4hrleistung, welche besagt:<\/p>\n<p><i>\u201eNutzen Sie den Accu, so unterliegt dieser keinem Umtausch, da es sich um ein Verbrauchsteil handelt, welches bereits nach wenigen Wochen oder Tagen Verschlei\u00df-Erscheinungen zeigen kann. Das h\u00e4ngt direkt mit Ihrer Art und Weise der Nutzung zusammen. Da die Nutzung i.d.Regel nicht nachvollzogen werden kann, kann in solchen F\u00e4llen keine Funktions-Garantie gegeben werden.\u201c<\/i><\/p>\n<p>\u00a0<\/p>\t\t\t\t\t\t<\/div>\n\t\t\t\t<\/div>\n\t\t\t\t\t<\/div>\n\t\t\t\t<\/div>\n\t\t<div class=\"wd-negative-gap elementor-element elementor-element-f5e3b8a e-flex e-con-boxed e-con e-parent\" data-id=\"f5e3b8a\" data-element_type=\"container\">\n\t\t\t\t\t<div class=\"e-con-inner\">\n\t\t\t\t<div class=\"elementor-element elementor-element-d2388c1 elementor-widget elementor-widget-video\" data-id=\"d2388c1\" data-element_type=\"widget\" data-settings=\"{&quot;youtube_url&quot;:&quot;https:\\\/\\\/www.youtube.com\\\/watch?v=cRFi6BvjBjU&quot;,&quot;video_type&quot;:&quot;youtube&quot;,&quot;controls&quot;:&quot;yes&quot;}\" data-widget_type=\"video.default\">\n\t\t\t\t<div class=\"elementor-widget-container\">\n\t\t\t\t\t<div class=\"elementor-wrapper elementor-open-inline\">\n\t\t\t<div class=\"elementor-video\"><\/div>\t\t<\/div>\n\t\t\t\t<\/div>\n\t\t\t\t<\/div>\n\t\t\t\t<div class=\"elementor-element elementor-element-ad1da0b elementor-widget elementor-widget-heading\" data-id=\"ad1da0b\" data-element_type=\"widget\" data-widget_type=\"heading.default\">\n\t\t\t\t<div class=\"elementor-widget-container\">\n\t\t\t<h3 class=\"elementor-heading-title elementor-size-default\">Warum Akkus schneller altern und bei einigen Temperaturen versagen<\/h3>\t\t<\/div>\n\t\t\t\t<\/div>\n\t\t\t\t<div class=\"elementor-element elementor-element-7bf5351 elementor-widget elementor-widget-wd_text_block\" data-id=\"7bf5351\" data-element_type=\"widget\" data-widget_type=\"wd_text_block.default\">\n\t\t\t\t<div class=\"elementor-widget-container\">\n\t\t\t\t\t<div class=\"wd-text-block reset-last-child text-left\">\n\t\t\t\n\t\t\t<ul>\n<li><b>Bei hohen Temperaturen:<\/b><br \/>Akkus altern schneller, wenn sie hohen Temperaturen ausgesetzt sind, da die chemischen Prozesse im Inneren des Akkus beschleunigt werden, dies f\u00fchrt zu einer schnelleren Degradation der Materialien und einer verk\u00fcrzten Lebensdauer.<\/li>\n<li><b>Bei K\u00e4lte und Frost:<\/b><br \/>Bei niedrigen Temperaturen sinkt die Leistungsf\u00e4higkeit von Akkus, da die chemischen Reaktionen langsamer ablaufen. Dies kann dazu f\u00fchren, dass der Akku seine Ladung nicht mehr halten kann und schneller entladen wird.<\/li>\n<li><b>Bei zu schwacher Ladung:<\/b><br \/>Wenn Akkus \u00fcber l\u00e4ngere Zeit nicht vollst\u00e4ndig geladen werden, kann dies zu einer Tiefentladung f\u00fchren, die den Akku dauerhaft sch\u00e4digt. Auch eine einmalige Tiefentladung kann den Akku bereits sch\u00e4digen.<\/li>\n<\/ul>\n\t\t\t\t\t<\/div>\n\t\t\t\t<\/div>\n\t\t\t\t<\/div>\n\t\t\t\t<div class=\"elementor-element elementor-element-d98b46f elementor-widget elementor-widget-heading\" data-id=\"d98b46f\" data-element_type=\"widget\" data-widget_type=\"heading.default\">\n\t\t\t\t<div class=\"elementor-widget-container\">\n\t\t\t<h4 class=\"elementor-heading-title elementor-size-default\">Ein kleines Beispiel:<\/h4>\t\t<\/div>\n\t\t\t\t<\/div>\n\t\t\t\t<div class=\"elementor-element elementor-element-94394ce elementor-widget elementor-widget-wd_text_block\" data-id=\"94394ce\" data-element_type=\"widget\" data-widget_type=\"wd_text_block.default\">\n\t\t\t\t<div class=\"elementor-widget-container\">\n\t\t\t\t\t<div class=\"wd-text-block reset-last-child text-left\">\n\t\t\t\n\t\t\t<ul>\n<li>Jeder kennt das Problem mit der Autobatterie. Die Batterie hat Schwierigkeiten bei Frost das Auto zu starten, weil die chemischen Reaktionen in der Batterie langsamer ablaufen.<br \/>ODER<\/li>\n<li>Steht ein Auto zu lange ungenutzt in der Garage und die Batterie wird nicht regelm\u00e4\u00dfig und vollst\u00e4ndig geladen, kann es zu einer Tiefentladung kommen, was die Batterie unbrauchbar macht.<\/li>\n<\/ul>\n\t\t\t\t\t<\/div>\n\t\t\t\t<\/div>\n\t\t\t\t<\/div>\n\t\t\t\t<div class=\"elementor-element elementor-element-c68714c elementor-widget elementor-widget-wd_text_block\" data-id=\"c68714c\" data-element_type=\"widget\" data-widget_type=\"wd_text_block.default\">\n\t\t\t\t<div class=\"elementor-widget-container\">\n\t\t\t\t\t<div class=\"wd-text-block reset-last-child text-left\">\n\t\t\t\n\t\t\t<p>Gerade bei Solar-Gartenbrunnen ist das \u00dcberwintern eine Herausforderung, die oft falsch umgesetzt wird.<\/p>\n<p>Nach dem die Herbstsonne den Akku nicht mehr geladen hat und dieser nicht mehr funktioniert, wird der Gartenbrunnen vor dem Frost weggepackt. Dabei ist oft der Akku schon entladen und \u00fcber den Winter kommt es zu der Tiefentladung. Dann kann leider die Fr\u00fchlingssonne nicht mehr helfen und der Akku mu\u00df getauscht werden.<\/p>\n<p>Diese Faktoren erkl\u00e4ren schnell, warum Akkus bei extremen Temperaturen und unregelm\u00e4\u00dfiger Nutzung schneller altern und ausfallen k\u00f6nnen und somit eine Gew\u00e4hrleistung in der Regel oft nicht greifen kann.<\/p>\n<p>Der Solar-Gartenbrunnen sollte \u00fcber den Winter im warmen gelagert und \u00fcber die Zeit regelm\u00e4\u00dfig geladen werden. <a href=\"https:\/\/www.profi-pumpe.de\/advanced_search_result.php?categories_id=&amp;inc_subcat=1&amp;keywords=Ersatzakku\" target=\"_self\">Ersatzakkus finden Sie bei uns im Shop.<\/a><\/p>\n\t\t\t\t\t<\/div>\n\t\t\t\t<\/div>\n\t\t\t\t<\/div>\n\t\t\t\t\t<\/div>\n\t\t\t\t<\/div>\n\t\t\t\t<\/div>","protected":false},"excerpt":{"rendered":"<p>Hinweise zur Batterieentsorgung Im Zusammenhang mit dem Vertrieb von Batterien oder mit der Lieferung von Ger\u00e4ten, die Batterien enthalten, sind<\/p>","protected":false},"author":3,"featured_media":0,"parent":0,"menu_order":0,"comment_status":"closed","ping_status":"closed","template":"","meta":{"footnotes":""},"class_list":["post-28968","page","type-page","status-publish","hentry"],"_links":{"self":[{"href":"http:\/\/igel.wovodo.de:8085\/fr\/wp-json\/wp\/v2\/pages\/28968","targetHints":{"allow":["GET"]}}],"collection":[{"href":"http:\/\/igel.wovodo.de:8085\/fr\/wp-json\/wp\/v2\/pages"}],"about":[{"href":"http:\/\/igel.wovodo.de:8085\/fr\/wp-json\/wp\/v2\/types\/page"}],"author":[{"embeddable":true,"href":"http:\/\/igel.wovodo.de:8085\/fr\/wp-json\/wp\/v2\/users\/3"}],"replies":[{"embeddable":true,"href":"http:\/\/igel.wovodo.de:8085\/fr\/wp-json\/wp\/v2\/comments?post=28968"}],"version-history":[{"count":12,"href":"http:\/\/igel.wovodo.de:8085\/fr\/wp-json\/wp\/v2\/pages\/28968\/revisions"}],"predecessor-version":[{"id":34300,"href":"http:\/\/igel.wovodo.de:8085\/fr\/wp-json\/wp\/v2\/pages\/28968\/revisions\/34300"}],"wp:attachment":[{"href":"http:\/\/igel.wovodo.de:8085\/fr\/wp-json\/wp\/v2\/media?parent=28968"}],"curies":[{"name":"wp","href":"https:\/\/api.w.org\/{rel}","templated":true}]}}