{"id":40300,"date":"2025-01-31T13:08:38","date_gmt":"2025-01-31T12:08:38","guid":{"rendered":"http:\/\/igel.wovodo.de:8085\/?post_type=product&#038;p=40300"},"modified":"2025-02-03T15:05:05","modified_gmt":"2025-02-03T14:05:05","slug":"test-adblue-230v-pumpen-set-selbstansaugend-mit-display-zapfpistole-und-schlauch","status":"publish","type":"product","link":"http:\/\/igel.wovodo.de:8085\/es\/product\/test-adblue-230v-pumpen-set-selbstansaugend-mit-display-zapfpistole-und-schlauch\/","title":{"rendered":"TEST &#8211; AdBlue\u00ae 230V-Pumpen SET, selbstansaugend mit Display-Zapfpistole und Schlauch"},"content":{"rendered":"<p>Das ideale Pumpenset f\u00fcr jeden Fuhrpark, KFZ-Werkst\u00e4tten, Tankstellen u.a! Hiermit bef\u00fcllen Sie m\u00fchelos jegliche Art von Fahrzeugen und Maschinen. <b>Unsere AdBlue\u00ae-Pumpen sind langlebig und robust. Die Dichtungen sind aus Viton gefertigt.<\/b> Die Installation ist einfach und schnell auszuf\u00fchren. Sie haben die Wahl zwischen Pumpen, die mit einer Spannung von 230V, bzw. 12\/24V arbeiten. So gibt es f\u00fcr jeden Bedarf die richtige Pumpe. Mit den 12\/24V-Pumpen sind Sie unabh\u00e4ngig vom Stromnetz, denn mit Batteriepumpen ist ein Umpumpen von unterwegs oder von Fahrzeug zu Fahrzeug m\u00f6glich. Mit der 230Volt-Pumpe f\u00fcr AdBlue\u00ae, Urea und Wasser, pumpen Sie kraftvoll bis zu 2.400l\/h.<\/p>\n<p><b>Unsere Zapfpistolen f\u00fcr Adblue\u00ae sind Sicher, zuverl\u00e4ssig und effizient<\/b><br \/>\nUnsere hochwertigen Adblue\u00ae Zapfpistolen sind ein unverzichtbares Werkzeug f\u00fcr die Betankung von Fahrzeugen und Maschinen mit Adblue\u00ae.<br \/>\nDiese automatische Zapfpistole, mit automatischer Abschaltung und Display, erm\u00f6glicht eine einfache und sichere Adblue\u00ae-Entnahme und kann in PKWs, LKWs, Nutzfahrzeugen und Maschinen mit einer F\u00f6rderleistung von 5 bis 65 l\/min verwendet werden.<br \/>\nUnsere Zapfpistolen sind gut verarbeitet, langlebig und werden Sie \u00fcber sehr lange Zeit begleiten.<\/p>\n<div class=\"sale_description\">\n<p>Der Knickstabiler-PVC-Schlauch ist innen und au\u00dfen glatt, flexibel, cadmiumfrei, hat eine gute chemische Best\u00e4ndigkeit und ist resistent gegen\u00fcber \u00d6l und Benzin. Er eignet sich als <b>Diesel-Schlauch, Wasser-Schlauch (auch Regenwasser), Heiz- und Schmier\u00f6l-Schlauch, Luft-Schlauch, Petroleum-Schlauch und F\u00e4kalien-Schlauch<\/b>. (Best\u00e4ndigkeit: siehe Best\u00e4ndigkeitsliste PVC)<\/p>\n<p>Der PVC-Schlauch kann in folgenden Bereichen Anwendung finden: In der Lebensmittelindustrie, chemischen Industrie, holz- und kunststoffverarbeitenden Industrie, L\u00fcftungstechnik, pharmazeutischen Industrie, Fotoindustrie, Medizin sowie zur F\u00f6rderung von Isolationsmaterial und im Maschinenbau.<\/p>\n<p>Der PU-Schlauch mit Hart-PVC-Spirale ist von einer stabilen Qualit\u00e4t und dennoch flexibel.<br \/>\n<b>Der Innendurchmesser betr\u00e4gt 20mm zum Anschluss mit 3\/4\u2033-T\u00fcllen. Der Au\u00dfendurchmesser betr\u00e4gt 24,4mm. Die Wandst\u00e4rke liegt bei ca. 0,30mm und der Temperaturbereich bei -20\u00b0C bis +90\u00b0C. Der Spiralschlauch f\u00fcr Diesel und vieles mehr h\u00e4lt einem Druck bis zu 6 bar stand.<\/b><\/p>\n<\/div>","protected":false},"excerpt":{"rendered":"<p>Das ideale Pumpenset f\u00fcr jeden Fuhrpark, KFZ-Werkst\u00e4tten, Tankstellen u.a! Hiermit bef\u00fcllen Sie m\u00fchelos jegliche Art von Fahrzeugen und Maschinen. Unsere<\/p>","protected":false},"featured_media":40303,"comment_status":"closed","ping_status":"closed","template":"","meta":[],"product_cat":[117],"product_tag":[],"class_list":{"0":"post-40300","1":"product","2":"type-product","3":"status-publish","4":"has-post-thumbnail","6":"product_cat-all","8":"first","9":"instock","10":"sale","11":"featured","12":"taxable","13":"shipping-taxable","14":"purchasable","15":"product-type-wooco"},"_links":{"self":[{"href":"http:\/\/igel.wovodo.de:8085\/es\/wp-json\/wp\/v2\/product\/40300","targetHints":{"allow":["GET"]}}],"collection":[{"href":"http:\/\/igel.wovodo.de:8085\/es\/wp-json\/wp\/v2\/product"}],"about":[{"href":"http:\/\/igel.wovodo.de:8085\/es\/wp-json\/wp\/v2\/types\/product"}],"replies":[{"embeddable":true,"href":"http:\/\/igel.wovodo.de:8085\/es\/wp-json\/wp\/v2\/comments?post=40300"}],"version-history":[{"count":1,"href":"http:\/\/igel.wovodo.de:8085\/es\/wp-json\/wp\/v2\/product\/40300\/revisions"}],"predecessor-version":[{"id":40301,"href":"http:\/\/igel.wovodo.de:8085\/es\/wp-json\/wp\/v2\/product\/40300\/revisions\/40301"}],"wp:featuredmedia":[{"embeddable":true,"href":"http:\/\/igel.wovodo.de:8085\/es\/wp-json\/wp\/v2\/media\/40303"}],"wp:attachment":[{"href":"http:\/\/igel.wovodo.de:8085\/es\/wp-json\/wp\/v2\/media?parent=40300"}],"wp:term":[{"taxonomy":"product_cat","embeddable":true,"href":"http:\/\/igel.wovodo.de:8085\/es\/wp-json\/wp\/v2\/product_cat?post=40300"},{"taxonomy":"product_tag","embeddable":true,"href":"http:\/\/igel.wovodo.de:8085\/es\/wp-json\/wp\/v2\/product_tag?post=40300"}],"curies":[{"name":"wp","href":"https:\/\/api.w.org\/{rel}","templated":true}]}}