{"id":36709,"date":"2024-12-03T18:15:55","date_gmt":"2024-12-03T17:15:55","guid":{"rendered":"http:\/\/igel.wovodo.de:8085\/product\/solar-brunnen-b-ware-spiral-kaskade-mit-li-ion-akku-und-led-licht\/"},"modified":"2025-01-27T12:32:56","modified_gmt":"2025-01-27T11:32:56","slug":"solar-brunnen-b-ware-spiral-kaskade-mit-li-ion-akku-und-led-licht","status":"publish","type":"product","link":"http:\/\/igel.wovodo.de:8085\/es\/product\/solar-brunnen-b-ware-spiral-kaskade-mit-li-ion-akku-und-led-licht\/","title":{"rendered":"Solar &#8211; Brunnen &#8220;B-Ware &#8220;SPIRAL-KASKADE&#8221;&#8221; mit Li-Ion-Akku und LED-Licht"},"content":{"rendered":"<div class=\"sale_application\">\n<ul>\n<li>Solarbetriebener Garten-Brunnen mit 5W Solarpanel und LiIon-Akku<\/li>\n<\/ul><\/div>\n<div class=\"sale_description\"> <font color=\"FF0000\"><b>B-Ware:<\/b><\/p>\n<ul>\n<li>leichte optische Fehler (z.B. kleine Kratzer etc.)<\/li>\n<li>voll funktionsf\u00e4higes Produkt<\/li>\n<li>reduzierte gesetzliche Gew\u00e4hrleistung auf max. 1 Jahr<\/li>\n<\/ul>\n<p><\/font><\/p>\n<p>Das <span class=\"high\">Solarbrunnen-Set <strong>B-Ware &#8220;SPIRAL-KASKADE&#8221; <\/strong><\/span> setzt die Kraft der Sonne in flie\u00dfendes Wasser um. Hochwertige Komponenten bringen das Wasser in Bewegung, sobald das Sonnenlicht die Solarfl\u00e4che erreicht. Je st\u00e4rker die Sonne, umso intensiver wird das Wasserspiel! Das beruhigende Rauschen des Wassers gibt jedem Garten eine besondere Note und das im Sonnenlicht funkelnde Wasser ist stets der perfekte Blickfang. Flie\u00dfendes Wasser sorgt f\u00fcr noch mehr Wohlgef\u00fchl in Ihrem Garten &#8211; und f\u00fcr ein angenehmes Mikroklima an hei\u00dfen Sommertagen. So ist der solarbetriebene Zierbrunnen nicht nur dekorativ, sondern auch n\u00fctzlich.<\/p>\n<p class=\"high\"><strong>Solarbrunnen-Set B-Ware &#8220;SPIRAL-KASKADE&#8221; &#8211; Das Lebensgef\u00fchl f\u00fcr Ihre Sonnen-Oase!<\/strong> <\/p>\n<div class=\"embed-responsive embed-responsive-16by9\">\n<p>  <iframe width=\"560\" height=\"315\" src=\"https:\/\/www.youtube-nocookie.com\/embed\/3iyCAHKlD0c?si=VG0BOv11W9QCktqh&#038;rel=0\" title=\"Reproductor de v\u00eddeo YouTube\" frameborder=\"0\" allow=\"accelerometer; autoplay; clipboard-write; encrypted-media; gyroscope; picture-in-picture; web-share\" referrerpolicy=\"strict-origin-when-cross-origin\" allowfullscreen=\"\"><\/iframe><\/p>\n<\/div>\n<p>Die Tauchpumpe hat einen integrierten Filter, der die Pumpe sch\u00fctzt. Das Solar-Panel ist mit einem hochwertigen, stabilen Alu-Rahmen ausgestattet.&nbsp;Das innovative Solar-Pumpensystem des Solar-Gartenbrunnens garantiert Ihnen jahrelange Freude. Es hat eine Lebensdauer \u00fcber 60.000 Stunden, in denen Sie die sch\u00f6nen Wasserl\u00e4ufe bewundern k\u00f6nnen, ohne an die stetig wachsenden Strompreise denken zu m\u00fcssen. <\/p>\n<p><strong>Produkt-Info zum Li-Ion-Akku:<\/strong><\/p>\n<p>Die innovativen Li-Ion-Akkus haben keinen Memory-Effekt. Das ist besonders bei h\u00e4ufigen Auf- und Entladevorg\u00e4ngen wie bei Solarteichpumpen enorm wichtig, um langfristig die <strong>optimale Akku-Kapazit\u00e4t<\/strong> zu erreichen. Die Li-Ion-Akkus sind wesentlich besser bez\u00fcglich Temperaturschwankungen als herk\u00f6mmliche Akkus. Es erwartet Sie ein l\u00e4nger andauerndes und lebendigeres Wasserspiel. Die Funktion des Solar-Brunnens startet bereits bei minimaler Aufladung &#8211; automatisch! Als <strong>Schutz vor Tiefentladung<\/strong> erfolgt eine automatische Abschaltung bei Erreichen des Mindest-Endladezustands. <strong>Kein Akku-Wechsel erforderlich!<\/strong> <b><font color=\"#048610\">Insgesamt haben die Li-Ion-Akkus im Vergleich zu herk\u00f6mmlichen Akkus eine 3 mal l\u00e4ngere Laufzeit und eine bis zu 10-FACHE Lebensdauer beim Betrieb mit Solarteichpumpen!<br \/><\/font><\/b><\/p>\n<p><b><\/p>\n<p style=\"font-size:11px;\"><b>Aviso legal:<\/b> Nuestros productos se colorean individualmente a mano, por lo que no pueden evitarse las desviaciones de color. Adem\u00e1s, debido a las condiciones de iluminaci\u00f3n durante la fotograf\u00eda del producto y a los diferentes ajustes de la pantalla, es posible que el color del producto no se reproduzca con autenticidad, por lo que no es motivo de reclamaci\u00f3n.<\/p>\n<p><\/b><\/p>\n<p><b>Nota:<\/b> Frost kann zu Sch\u00e4den am Gartenbrunnen und der Pumpe f\u00fchren. Bei Frostgefahr muss der <b>Gartenbrunnen und die Pumpe entleert werden<\/b>, mit klarem Wasser gesp\u00fclt und trocken eingelagert werden. Dann haben Sie sehr lange Freude daran!<\/p>\n<\/div>\n<h3>Muchas buenas razones para comprar este producto:<\/h3>\n<div class=\"sale_motive\">\n<ul>\n<li><font color=\"#FF0000\"><b>1 Jahre Garantie, Lebensdauer \u00fcber 60.000 Betriebsstunden* (Hinweis weiter unten)<\/b><\/font>\n<\/li>\n<li>Das beruhigende Rauschen des Wassers im Garten, auf dem Balkon oder der Terrasse\n<\/li>\n<li>max. F\u00f6rdermenge 250 l\/h<\/li>\n<li>steckfertiges Solarpumpensystem &#8211; sofort einsatzbereit<\/li>\n<li>hochwertiges Solarpanelmit einer Leistung von 5 Watt<\/li>\n<li>integrierter Filter sch\u00fctzt die Pumpe (l\u00e4sst sich leicht reinigen)<\/li>\n<li>einstellbarer Winkel des Solarmoduls und 5 Meter Anschlusskabel machen eine optimale Platzierung des Panels im sonnigen Bereich m\u00f6glich<\/li>\n<p><b>* Garantie gilt nur f\u00fcr Teichpumpe, nicht f\u00fcr Figure, Solarpanel, oder Kabel<\/b><\/p>\n<\/ul>\n<\/div>","protected":false},"excerpt":{"rendered":"<p>Solar &#8211; Brunnen B-Ware &#8220;SPIRAL-KASKADE&#8221; mit Li-Ion-Akku &amp; LED Licht<\/p>","protected":false},"featured_media":37636,"comment_status":"open","ping_status":"closed","template":"","meta":[],"product_cat":[179],"product_tag":[],"class_list":{"0":"post-36709","1":"product","2":"type-product","3":"status-publish","4":"has-post-thumbnail","6":"product_cat-b-ware-garten-u-zimmer-brunnen","8":"first","9":"instock","10":"sale","11":"taxable","12":"shipping-taxable","13":"purchasable","14":"product-type-simple"},"_links":{"self":[{"href":"http:\/\/igel.wovodo.de:8085\/es\/wp-json\/wp\/v2\/product\/36709","targetHints":{"allow":["GET"]}}],"collection":[{"href":"http:\/\/igel.wovodo.de:8085\/es\/wp-json\/wp\/v2\/product"}],"about":[{"href":"http:\/\/igel.wovodo.de:8085\/es\/wp-json\/wp\/v2\/types\/product"}],"replies":[{"embeddable":true,"href":"http:\/\/igel.wovodo.de:8085\/es\/wp-json\/wp\/v2\/comments?post=36709"}],"version-history":[{"count":4,"href":"http:\/\/igel.wovodo.de:8085\/es\/wp-json\/wp\/v2\/product\/36709\/revisions"}],"predecessor-version":[{"id":38829,"href":"http:\/\/igel.wovodo.de:8085\/es\/wp-json\/wp\/v2\/product\/36709\/revisions\/38829"}],"wp:featuredmedia":[{"embeddable":true,"href":"http:\/\/igel.wovodo.de:8085\/es\/wp-json\/wp\/v2\/media\/37636"}],"wp:attachment":[{"href":"http:\/\/igel.wovodo.de:8085\/es\/wp-json\/wp\/v2\/media?parent=36709"}],"wp:term":[{"taxonomy":"product_cat","embeddable":true,"href":"http:\/\/igel.wovodo.de:8085\/es\/wp-json\/wp\/v2\/product_cat?post=36709"},{"taxonomy":"product_tag","embeddable":true,"href":"http:\/\/igel.wovodo.de:8085\/es\/wp-json\/wp\/v2\/product_tag?post=36709"}],"curies":[{"name":"wp","href":"https:\/\/api.w.org\/{rel}","templated":true}]}}