{"id":35502,"date":"2024-11-14T17:00:40","date_gmt":"2024-11-14T16:00:40","guid":{"rendered":"http:\/\/igel.wovodo.de:8085\/product\/b-ware-durchflusswaechter-presflo-2-15bar-einschaltdruck-automatic-controller-verkabelt-mit-intelligenten-selbst-ueberwachungsfunktionen\/"},"modified":"2025-01-27T12:29:01","modified_gmt":"2025-01-27T11:29:01","slug":"b-ware-durchflusswaechter-presflo-2-15bar-einschaltdruck-automatic-controller-verkabelt-mit-intelligenten-selbst-ueberwachungsfunktionen","status":"publish","type":"product","link":"http:\/\/igel.wovodo.de:8085\/es\/product\/b-ware-durchflusswaechter-presflo-2-15bar-einschaltdruck-automatic-controller-verkabelt-mit-intelligenten-selbst-ueberwachungsfunktionen\/","title":{"rendered":"B-Ware Durchflussw\u00e4chter PRESFLO-2\u00ae &#8211; 1,5bar Einschaltdruck &#8211; Automatic-Controller verkabelt mit intelligenten Selbst-\u00dcberwachungsfunktionen"},"content":{"rendered":"<div class=\"sale_application\">\n<ul>\n<li>Automatisches Ein- und Ausschalten von Tauch- und Kreiselpumpen\n<li>Geeignet f\u00fcr Einbau in Pumpensch\u00e4chte und Zisternen <\/div>\n<div class=\"sale_description\"> <font color=\"FF0000\"><b>B-Ware:<\/b><\/p>\n<ul>\n<li>leichte optische Fehler (z.B. kleine Kratzer etc.)<\/li>\n<li>voll funktionsf\u00e4higes Produkt<\/li>\n<li>reduzierte gesetzliche Gew\u00e4hrleistung auf max. 1 Jahr<\/li>\n<\/ul>\n<p><\/font><\/p>\n<p>Der Durchflussw\u00e4chter PRESFLO-2\u00ae &#8211; 1,5bar Einschaltdruck automatisiert und steuert das Einschalten der Kreisel- bzw. Tauchpumpe. Er \u00fcberwacht den Druck im Rohrsystem von der Pumpe bis zum Verbraucher. Bei einer Wasserentnahme aus dem Rohrsystem nimmt der Druck ab. F\u00e4llt der Druck unter den eingestellten Betriebsdruck, schaltet der Durchflussw\u00e4chter das angeschlossene Ger\u00e4t (z.B. Kreiselpumpe) an. Diese versorgt die Verbraucher wieder mit Wasser. Wird der Verbraucher geschlossen, verringert sich der Durchfluss und die Pumpe wird abgeschaltet. Sollte nach Einschalten der Pumpe kein Wasser vorhanden sein, schaltet der Durchflussw\u00e4chter wieder die Pumpe automatisch aus (Trockenlaufschutz).<\/p>\n<p>Die Ger\u00e4te-Software \u00fcberwacht die Einschaltintervalle. Bei zu h\u00e4ufigen &#8220;Ein-&#8221; und &#8220;Ausschaltvorg\u00e4ngen&#8221; in regelm\u00e4\u00dfigen Abst\u00e4nden wird die Pumpe nach einer fest eingestellten Zeit f\u00fcr eine bestimmte Pausenzeit ausgeschaltet. Nach Ablauf der Pausenzeit wird die Pumpe eingeschaltet und die Schaltvorg\u00e4nge beobachtet und ausgewertet. F\u00fcr viele Pumpenanwendungen ist es wichtig, da\u00df wenn eine St\u00f6rung in der Pumpe vorkommt (warum auch immer, z.b. durch Schmutzeintritt!, was manchmal unvermeidlich ist!), da\u00df die Pumpe nicht taktet, sondern sich sicher VORHER abschaltet. Genau das macht die PRESFLO-2\u00ae-Steuerung! Alle anderen preiswerten Schalt-Ger\u00e4te haben diese Schutz-Funktion NICHT!\n<\/p>\n<p>Im Durchflussw\u00e4chter ist ein R\u00fcckschlagventil integriert. Dieses verhindert das Leerlaufen des Rohrsystems zur\u00fcck \u00fcber die Pumpe. Daher darf kein weiteres R\u00fcckschlagventil zwischen Pumpe und Durchflussw\u00e4chter installiert werden. Das kann zu Fehlern und sogar zu Besch\u00e4digungen an der Pumpe f\u00fchren. PRESFLO-2\u00ae &#8211; 1,5bar Einschaltdruck-Pumpensteuerungen d\u00fcrfen nur bei Pumpen mit Einphasenmotor verwendet werden.<\/p>\n<p>Die ganze Elektronik ist wasserdicht versiegelt, was einen wesentlich verbesserten Kondeswasserschutz bedeutet.<\/p>\n<p><b>Unsere Tipps:<\/b><\/p>\n<p>Bei Einsatz von jeglichen Pumpen-Schaltger\u00e4ten empfehlen wir dringend vor dem Schaltger\u00e4t stets einen effektiven Vorfilter\/ Kartuschenfilter einzusetzen. Dadurch lassen sich Probleme, die auf die Wasser-Verschmutzung zur\u00fcck zu f\u00fchren sind, deutlich reduzieren. (Alle markt\u00fcblichen professionellen Schaltger\u00e4te haben eingangsseitig ein R\u00fcckschlagventil. Setzt sich ein Schmutzkorn genau zwischen den Dichtfl\u00e4chen ab, funktionieren die Schaltger\u00e4te nicht mehr einwandfrei. Die Pumpe taktet, d.h. sie geht ?an? und gleich wieder ?aus?. Die Pumpe wird hei\u00df und geht nach kurzer Zeit durch \u00dcberhitzung kaputt. Durch einen Vorfilter\/ Kartuschenfilter l\u00e4sst sich dem vorbeugen.)<\/p>\n<p>Ein tropfender Wasserhahn oder ein nicht 100%-dichtes WC-Ventil verursachen das gleiche Takten der Pumpe<br \/>\nDie intelligente Selbst\u00fcberwachung der PRESFLO\u00ae  registriert das Takten der Pumpe und unterbricht den Pumpen-Betrieb, um Sch\u00e4den zu vermeiden. So werden Sch\u00e4den durch geplatzte Wasser-Leitungen und \u00fcberlaufende Keller sicher vermieden! <\/p>\n<\/div>\n<h3>Muchas buenas razones para comprar este producto:<\/h3>\n<div class=\"sale_motive\">\n<ul>\n<li>Automatisches Einschalten der Pumpe (bei Bedarf)\n<\/li>\n<li>integrierter Trockenlaufschutz\n<\/li>\n<li>eingebautes R\u00fcckschlagventil\n<\/li>\n<li>intelligente Selbst-\u00dcberwachungsfunktionen\n<\/li>\n<li>leicht zu handhaben\n<\/li>\n<li>schonender und energiesparender Betrieb der Pumpe\n<\/li>\n<li>hochwertige EU-Produktion<\/li>\n<\/ul>\n<\/div>","protected":false},"excerpt":{"rendered":"<p>Intelligente Pumpensteuerung mit Selbst-\u00dcberwachungsfunktionen<br \/>\n  f\u00fcr Tauch-, Kreisel-, Gartenpumpen<br \/>\n  Mit integriertem Trockenlaufschutz | Mit R\u00fcckschlagventil | Verkabelt<\/p>\n<p><b>QUALIT\u00c4T &#8211; made in EU!<\/b><\/p>","protected":false},"featured_media":33105,"comment_status":"open","ping_status":"closed","template":"","meta":[],"product_cat":[393,392],"product_tag":[],"class_list":{"0":"post-35502","1":"product","2":"type-product","3":"status-publish","4":"has-post-thumbnail","6":"product_cat-b-ware-durchflusswaechter","7":"product_cat-b-ware-pumpensteuerung","9":"first","10":"instock","11":"sale","12":"taxable","13":"shipping-taxable","14":"purchasable","15":"product-type-simple"},"_links":{"self":[{"href":"http:\/\/igel.wovodo.de:8085\/es\/wp-json\/wp\/v2\/product\/35502","targetHints":{"allow":["GET"]}}],"collection":[{"href":"http:\/\/igel.wovodo.de:8085\/es\/wp-json\/wp\/v2\/product"}],"about":[{"href":"http:\/\/igel.wovodo.de:8085\/es\/wp-json\/wp\/v2\/types\/product"}],"replies":[{"embeddable":true,"href":"http:\/\/igel.wovodo.de:8085\/es\/wp-json\/wp\/v2\/comments?post=35502"}],"version-history":[{"count":1,"href":"http:\/\/igel.wovodo.de:8085\/es\/wp-json\/wp\/v2\/product\/35502\/revisions"}],"predecessor-version":[{"id":38989,"href":"http:\/\/igel.wovodo.de:8085\/es\/wp-json\/wp\/v2\/product\/35502\/revisions\/38989"}],"wp:featuredmedia":[{"embeddable":true,"href":"http:\/\/igel.wovodo.de:8085\/es\/wp-json\/wp\/v2\/media\/33105"}],"wp:attachment":[{"href":"http:\/\/igel.wovodo.de:8085\/es\/wp-json\/wp\/v2\/media?parent=35502"}],"wp:term":[{"taxonomy":"product_cat","embeddable":true,"href":"http:\/\/igel.wovodo.de:8085\/es\/wp-json\/wp\/v2\/product_cat?post=35502"},{"taxonomy":"product_tag","embeddable":true,"href":"http:\/\/igel.wovodo.de:8085\/es\/wp-json\/wp\/v2\/product_tag?post=35502"}],"curies":[{"name":"wp","href":"https:\/\/api.w.org\/{rel}","templated":true}]}}