{"id":30873,"date":"2024-10-31T14:14:02","date_gmt":"2024-10-31T13:14:02","guid":{"rendered":"http:\/\/igel.wovodo.de:8085\/product\/bau-tauchpumpe-bau-star-7500-4\/"},"modified":"2025-01-27T12:32:48","modified_gmt":"2025-01-27T11:32:48","slug":"bau-tauchpumpe-bau-star-7500-4","status":"publish","type":"product","link":"http:\/\/igel.wovodo.de:8085\/es\/product\/bau-tauchpumpe-bau-star-7500-4\/","title":{"rendered":"Bomba sumergible para obras BAU-STAR 7500-4"},"content":{"rendered":"<div class=\"sale_application\">\n<ul>\n<li>380 Volt Schmutzwasser-Tauchpumpe<\/li>\n<li>perfekt zum Auspumpen \u00fcberschwemmter Fl\u00e4chen!<\/li>\n<li>Schmutzwasser-Tauchpumpe (Partikelgr\u00f6\u00dfe bis 35mm)<\/li>\n<li>Trockenhaltung von Baustellen, Unterf\u00fchrungen und Sch\u00e4chten<\/li>\n<li>in der Industrie, auf dem Bauernhof oder im gro\u00dfen Haushalt<\/li>\n<li>Aus- und Umpumpen von gro\u00dfen Wasseransammlungen in Baugruben<\/li>\n<li>zur Kellerentw\u00e4sserung<\/li>\n<li>Umw\u00e4lzen von gro\u00dfen Wasseransammlungen<\/li>\n<li>zur Entw\u00e4sserung von Teichen, Wasserl\u00f6chern bzw. Wassergruben<\/li>\n<li>Beh\u00e4lter-Umf\u00fcllung<\/li>\n<\/ul><\/div>\n<div class=\"sale_description\">\n<p>Die Bau-Star 7500-4 ist eine extrem <b>leistungsstarke Schmutzwasser-Tauchpumpe<\/b> f\u00fcr das 380-Volt Stromnetz. Die Abwasserpumpe ist mit einem <b>verschlei\u00dfarmem Asynchronmotor und hochwertigen Gleitringdichtungen<\/b> ausgestattet. Das Laufrad und das Spiralgeh\u00e4use dieser Tauchpumpe  sind speziell f\u00fcr Schmutz- und Abwasser entwickelt und sorgen f\u00fcr ein optimales Zusammenspiel bei der Bew\u00e4ltigung der hohen Anforderungen im Schmutzwasserbereich.<\/p>\n<p><p>Bei einer Leistungsaufnahme von 7500 Watt schafft sie eine <b>sehr hohe F\u00f6rdermenge von 100.000 Litern pro Stunde<\/b>. Durch die integrierte Zug\u00f6se ist sie mobil und schnell einsatzbereit. Mit einer maximalen Partikelgr\u00f6\u00dfe von 35mm ist der Anwendungsbereich der Tauchpumpe f\u00fcr Schmutz- und Abwasser sehr vielseitig und breit.<br \/>\nDie Bau-Tauchpumpe ist ideal zum Auspumpen \u00fcberschwemmter Fl\u00e4chen, wie z.B. zur Kellerentw\u00e4sserung, zur Trockenhaltung von Baustellen, zum Umw\u00e4lzen von gro\u00dfen Wasseransammlungen bis hin zur Beh\u00e4lter-Umf\u00fcllung geeignet. Die Bau-Star 7500-4 ist unentbehrlich in der Industrie, auf dem Bauernhof oder in gro\u00dfen Haushalten.<\/p>\n<\/div>\n<h3>Muchas buenas razones para comprar este producto:<\/h3>\n<div class=\"sale_motive\">\n<ul>\n<li>extrem robuste, stabile Ausf\u00fchrung durch spezielles Geh\u00e4use und Laufrad<\/li>\n<li>hohe F\u00f6rdermenge: 100.000l\/h<\/li>\n<li>leistungsstark: 380\/400 Volt | 7500 Watt\n<li>hohe F\u00f6rdermengen mit hohem Druck (max. 2bar)<\/li>\n<li>max. Partikelgr\u00f6\u00dfe von 35mm und pH-Wert zwischen 6 &#8211; 8<\/li>\n<li>Transportable y listo para usar r\u00e1pidamente<\/li>\n<li>integrierter Motorschutzschalter (\u00dcberhitzungsschutz)<\/li>\n<li>durch hochwertigen Asynchronmotor wesentlich h\u00f6here Lebensdauer<\/li>\n<li>mechanische Carbon-Wellendichtung<\/li>\n<\/ul>\n<\/div>","protected":false},"excerpt":{"rendered":"<p>Leistungsstarke Abwasser-Schmutzwasserpumpe<br \/>\n  max. Druck: 2 bar | max. F\u00f6rdermenge: 100.000 l\/h | max. F\u00f6rderh\u00f6he (Hmax.) 20 m<\/p>\n<p><b>Jetzt k\u00f6nnen Sie vorsorgen gegen \u00dcberflutungen!<br \/>\n  Mit hochwertigem Asynchronmotor<\/b><\/p>","protected":false},"featured_media":39808,"comment_status":"open","ping_status":"closed","template":"","meta":[],"product_cat":[279],"product_tag":[],"class_list":{"0":"post-30873","1":"product","2":"type-product","3":"status-publish","4":"has-post-thumbnail","6":"product_cat-schmutzwasserpumpe","8":"first","9":"instock","10":"sale","11":"taxable","12":"shipping-taxable","13":"purchasable","14":"product-type-simple"},"_links":{"self":[{"href":"http:\/\/igel.wovodo.de:8085\/es\/wp-json\/wp\/v2\/product\/30873","targetHints":{"allow":["GET"]}}],"collection":[{"href":"http:\/\/igel.wovodo.de:8085\/es\/wp-json\/wp\/v2\/product"}],"about":[{"href":"http:\/\/igel.wovodo.de:8085\/es\/wp-json\/wp\/v2\/types\/product"}],"replies":[{"embeddable":true,"href":"http:\/\/igel.wovodo.de:8085\/es\/wp-json\/wp\/v2\/comments?post=30873"}],"version-history":[{"count":1,"href":"http:\/\/igel.wovodo.de:8085\/es\/wp-json\/wp\/v2\/product\/30873\/revisions"}],"predecessor-version":[{"id":35478,"href":"http:\/\/igel.wovodo.de:8085\/es\/wp-json\/wp\/v2\/product\/30873\/revisions\/35478"}],"wp:featuredmedia":[{"embeddable":true,"href":"http:\/\/igel.wovodo.de:8085\/es\/wp-json\/wp\/v2\/media\/39808"}],"wp:attachment":[{"href":"http:\/\/igel.wovodo.de:8085\/es\/wp-json\/wp\/v2\/media?parent=30873"}],"wp:term":[{"taxonomy":"product_cat","embeddable":true,"href":"http:\/\/igel.wovodo.de:8085\/es\/wp-json\/wp\/v2\/product_cat?post=30873"},{"taxonomy":"product_tag","embeddable":true,"href":"http:\/\/igel.wovodo.de:8085\/es\/wp-json\/wp\/v2\/product_tag?post=30873"}],"curies":[{"name":"wp","href":"https:\/\/api.w.org\/{rel}","templated":true}]}}