{"id":30871,"date":"2024-10-31T14:14:01","date_gmt":"2024-10-31T13:14:01","guid":{"rendered":"http:\/\/igel.wovodo.de:8085\/product\/solar-teichpumpe-froschkoenig\/"},"modified":"2025-01-27T12:32:48","modified_gmt":"2025-01-27T11:32:48","slug":"solar-teichpumpe-froschkoenig","status":"publish","type":"product","link":"http:\/\/igel.wovodo.de:8085\/es\/product\/solar-teichpumpe-froschkoenig\/","title":{"rendered":"Bomba solar para estanque \"Frog King"},"content":{"rendered":"<div class=\"sale_description\">\n<p>Das <b>Solar Teichpumpen-Set &#8220;Froschk\u00f6nig&#8221;<\/b> setzt die Kraft der Sonne in flie\u00dfendes Wasser um. Hochwertige Komponenten bringen das Wasser in Bewegung, sobald das Sonnenlicht die Solarfl\u00e4che erreicht. Je st\u00e4rker die Sonne, umso intensiver wird das Wasserspiel! Das beruhigende Rauschen des Wassers gibt jedem Teich eine besondere Note und das im Sonnenlicht funkelnde Wasser ist stets der perfekte Blickfang. Flie\u00dfendes Wasser sorgt f\u00fcr noch mehr Wohlgef\u00fchl in Ihrem Garten und sorgt f\u00fcr ein angenehmes Mikroklima an hei\u00dfen Sommertagen.<\/p>\n<p>Der Froschk\u00f6nig besticht durch seine formsch\u00f6ne Nachbildung und Oberfl\u00e4che die den Eindruck einer Kupferfigur mit leichtem Gr\u00fcnspan Ansatz entstehen l\u00e4sst. Die Solar betriebene Pumpe f\u00f6rdert das Wasser aus dem Mund des &#8220;Froschk\u00f6nigs&#8221; in weitem Bogen wieder in das Gew\u00e4sser zur\u00fcck. Dieses Wasserspiel sieht nicht nur gut aus, es sorgt auch f\u00fcr eine gute Sauerstoffversorgung in Ihrem Teich.<\/p>\n<p><b>Solar Teichpumpen-Set &#8220;Froschk\u00f6nig&#8221; &#8211; Das Lebensgef\u00fchl f\u00fcr Ihre Sonnen-Oase!<\/b><\/p>\n<p>Das innovative Solar-Pumpensystem garantiert Ihnen jahrelange Freude. Es hat eine Lebensdauer \u00fcber 60.000 Stunden, in denen Sie die sch\u00f6nen Wasserl\u00e4ufe bewundern k\u00f6nnen, ohne an die stetig wachsenden Strompreise denken zu m\u00fcssen.<\/p>\n<p><b>Das solarbetriebene System k\u00f6nnen Sie an jeder Stelle im Garten einsetzen und sind nicht an die 230V-Steckdose gebunden. Das l\u00e4stige Verlegen der 230V-Kabel entf\u00e4llt. Sie k\u00f6nnen das Solarsystem optimal platzieren sowie effektvoll und sicher nutzen. Kein \u00c4rger mehr mit den durch Nagetiere besch\u00e4digten Kabeln und dadurch verursachten Stromausf\u00e4llen.<\/b><\/p>\n<p>*Garantie gilt nur f\u00fcr Teichpumpe, nicht Solarpanel oder Kabel.<\/p>\n<p style=\"font-size:11px;\"><b>Aviso legal:<\/b> Nuestros productos se colorean individualmente a mano, por lo que no pueden evitarse las desviaciones de color. Adem\u00e1s, debido a las condiciones de iluminaci\u00f3n durante la fotograf\u00eda del producto y a los diferentes ajustes de la pantalla, es posible que el color del producto no se reproduzca con autenticidad, por lo que no es motivo de reclamaci\u00f3n.<\/p>\n<\/div>\n<h3>Muchas buenas razones para comprar este producto:<\/h3>\n<div class=\"sale_motive\">\n<ul>\n<li>2 Jahre Garantie, Lebensdauer \u00fcber 60.000 Betriebsstunden* (Hinweis weiter unten)<\/li>\n<li>Das beruhigende Rauschen des Wassers im Garten, auf dem Balkon oder der Terrasse<\/li>\n<li><b>formsch\u00f6ne Kupfernachbildung<\/b><\/li>\n<li>max. F\u00f6rdermenge 180l\/h<\/li>\n<li>steckfertiges Solarpumpensystem &#8211; sofort einsatzbereit<\/li>\n<li>hochwertiges Solarpanel im <font color=\"#FF0000\"><b>stabilen bruchfesten ALU-RAHMEN mit einer Leistung von 1,3 Watt<\/b><\/font><\/li>\n<li>integrierter Filter sch\u00fctzt die Pumpe (l\u00e4sst sich leicht reinigen)<\/li>\n<li>einstellbarer Winkel des Solarmoduls und 5 Meter Anschlusskabel machen eine optimale Platzierung des Panels im sonnigen Bereich m\u00f6glich<\/li>\n<\/ul>\n<\/div>","protected":false},"excerpt":{"rendered":"<p>Solarbetriebener Springbrunnen in Form eines Froschk\u00f6nigs &#8211; 1,3W Solarpanel, max. 180l\/h<\/p>","protected":false},"featured_media":39630,"comment_status":"open","ping_status":"closed","template":"","meta":[],"product_cat":[363,278,430],"product_tag":[],"class_list":{"0":"post-30871","1":"product","2":"type-product","3":"status-publish","4":"has-post-thumbnail","6":"product_cat-solar-teichpumpen","7":"product_cat-brunnen-mit-solar-betrieb","8":"product_cat-solar-teichdekoration","10":"first","11":"instock","12":"taxable","13":"shipping-taxable","14":"purchasable","15":"product-type-simple"},"_links":{"self":[{"href":"http:\/\/igel.wovodo.de:8085\/es\/wp-json\/wp\/v2\/product\/30871","targetHints":{"allow":["GET"]}}],"collection":[{"href":"http:\/\/igel.wovodo.de:8085\/es\/wp-json\/wp\/v2\/product"}],"about":[{"href":"http:\/\/igel.wovodo.de:8085\/es\/wp-json\/wp\/v2\/types\/product"}],"replies":[{"embeddable":true,"href":"http:\/\/igel.wovodo.de:8085\/es\/wp-json\/wp\/v2\/comments?post=30871"}],"version-history":[{"count":1,"href":"http:\/\/igel.wovodo.de:8085\/es\/wp-json\/wp\/v2\/product\/30871\/revisions"}],"predecessor-version":[{"id":35476,"href":"http:\/\/igel.wovodo.de:8085\/es\/wp-json\/wp\/v2\/product\/30871\/revisions\/35476"}],"wp:featuredmedia":[{"embeddable":true,"href":"http:\/\/igel.wovodo.de:8085\/es\/wp-json\/wp\/v2\/media\/39630"}],"wp:attachment":[{"href":"http:\/\/igel.wovodo.de:8085\/es\/wp-json\/wp\/v2\/media?parent=30871"}],"wp:term":[{"taxonomy":"product_cat","embeddable":true,"href":"http:\/\/igel.wovodo.de:8085\/es\/wp-json\/wp\/v2\/product_cat?post=30871"},{"taxonomy":"product_tag","embeddable":true,"href":"http:\/\/igel.wovodo.de:8085\/es\/wp-json\/wp\/v2\/product_tag?post=30871"}],"curies":[{"name":"wp","href":"https:\/\/api.w.org\/{rel}","templated":true}]}}