{"id":30868,"date":"2024-10-31T14:13:58","date_gmt":"2024-10-31T13:13:58","guid":{"rendered":"http:\/\/igel.wovodo.de:8085\/product\/230v-gartenbrunnen-holz-krug-mit-led-licht\/"},"modified":"2025-01-27T12:32:46","modified_gmt":"2025-01-27T11:32:46","slug":"230v-gartenbrunnen-holz-krug-mit-led-licht","status":"publish","type":"product","link":"http:\/\/igel.wovodo.de:8085\/es\/product\/230v-gartenbrunnen-holz-krug-mit-led-licht\/","title":{"rendered":"230V &#8211; Gartenbrunnen HOLZ-KRUG mit LED-Licht"},"content":{"rendered":"<div class=\"sale_application\">\n<p>LED-Gartenbrunnen f\u00fcr den Innen- und Au\u00dfenbereich mit 230\/12V-Netzadapter<\/p>\n<\/p><\/div>\n<div class=\"sale_description\"> <strong>Decorativo y beneficioso<\/strong><\/p>\n<p>Der Brunnen <b>HOLZ-KRUG<\/b> mit 3 austauschbaren LED-Lichtern (3*1) ist f\u00fcr den Innen- und Au\u00dfenbereich geeignet. Betrieben wird der stilvolle Wasserbrunnen mit einem 230\/12-Volt Netzadapter. Mit den naturgetreuen Holzkr\u00fcgen sorgt der Gartenbrunnen f\u00fcr eine harmonische Atmosph\u00e4re. Das Lebenselixier Wasser belebt Wohnzimmer, Esszimmer, Flure und Eingangsbereiche, Winterg\u00e4rten oder Balkone, Terrassen und G\u00e4rten im privaten wie gewerblichen Umfeld.<\/p>\n<p>\n<strong>Der perfekte Blickfang: die LED-Beleuchtung<\/strong><\/p>\n<p>Der Garten- und Zimmerbrunnen ist sowohl bei Tag als auch bei Nacht der perfekte Hingucker. Die mitgelieferte LED-Beleuchtung entfaltet aber erst in der Nacht ihre komplette Pracht. Die austauschbaren LED-Lichter erstrahlen in einem warmen Wei\u00df.<\/p>\n<p> <br \/>\n<strong>Werthaltig, best\u00e4ndig &amp; betriebssicher<\/strong><\/p>\n<p>Der Wasserbrunnen ist f\u00fcr den 230-Volt-Betrieb vorgesehen. Die Pumpe und die LEDs werden mit sicherer 12V-Niederspannung betrieben (Adapter im Lieferumfang enthalten). Alle Kabelverbindungen sind verpolungssicher, wasserdicht und absolut funktionssicher. Dank praktischer Steckverbindungen sind alle Komponenten jederzeit austauschbar. So k\u00f6nnen Sie den Wasserbrunnen mit der effektvollen LED-Beleuchtung und das flie\u00dfende Wasser jahrelang genie\u00dfen!<\/p>\n<p><\/p>\n<p style=\"font-size:11px;\"><b>Aviso legal:<\/b> Nuestros productos se colorean individualmente a mano, por lo que no pueden evitarse las desviaciones de color. Adem\u00e1s, debido a las condiciones de iluminaci\u00f3n durante la fotograf\u00eda del producto y a los diferentes ajustes de la pantalla, es posible que el color del producto no se reproduzca con autenticidad, por lo que no es motivo de reclamaci\u00f3n.<\/p>\n<p><p><b>Nota:<\/b> Frost kann zu Sch\u00e4den am Gartenbrunnen und der Pumpe f\u00fchren. Bei Frostgefahr muss der <b>Gartenbrunnen und die Pumpe entleert werden<\/b>, mit klarem Wasser gesp\u00fclt und trocken eingelagert werden. Dann haben Sie sehr lange Freude daran!<\/p>\n<\/div>\n<h3>Muchas buenas razones para comprar este producto:<\/h3>\n<div class=\"sale_motive\">\n<ul>\n<li>Steckfertiger, sofort einsatzbereiter Gartenbrunnen<\/li>\n<li>mejora la calidad del aire<\/li>\n<li>modernes Design mit interessanter Struktur<\/li>\n<li>Mit LED-Licht f\u00fcr den Nachtbetrieb<\/li>\n<li>tiene un efecto tonificante sobre los sentidos<\/li>\n<li>n\u00fctzlich und dekorativ<\/li>\n<li>Fuentes de jard\u00edn de interior y exterior<\/li>\n<li>Con conexi\u00f3n de 230 V\/12 V<\/li>\n<li>Komplett-Set inkl. Pumpe und LED-Beleuchtung<\/li>\n<\/ul>\n<\/div>","protected":false},"excerpt":{"rendered":"<p> Gartenbrunnen &#8220;HOLZ-KRUG&#8221; mit 3 austauschbaren LED-Lichtern (3*1)<br \/>\nin wirklichkeitsgetreuer Holzoptik<\/p>","protected":false},"featured_media":37770,"comment_status":"open","ping_status":"closed","template":"","meta":[],"product_cat":[318,358,254,319],"product_tag":[],"class_list":{"0":"post-30868","1":"product","2":"type-product","3":"status-publish","4":"has-post-thumbnail","6":"product_cat-gartenbrunnen","7":"product_cat-holzoptik","8":"product_cat-brunnen-mit-230-v-betrieb","9":"product_cat-zimmerbrunnen","11":"first","12":"instock","13":"sale","14":"taxable","15":"shipping-taxable","16":"purchasable","17":"product-type-simple"},"_links":{"self":[{"href":"http:\/\/igel.wovodo.de:8085\/es\/wp-json\/wp\/v2\/product\/30868","targetHints":{"allow":["GET"]}}],"collection":[{"href":"http:\/\/igel.wovodo.de:8085\/es\/wp-json\/wp\/v2\/product"}],"about":[{"href":"http:\/\/igel.wovodo.de:8085\/es\/wp-json\/wp\/v2\/types\/product"}],"replies":[{"embeddable":true,"href":"http:\/\/igel.wovodo.de:8085\/es\/wp-json\/wp\/v2\/comments?post=30868"}],"version-history":[{"count":2,"href":"http:\/\/igel.wovodo.de:8085\/es\/wp-json\/wp\/v2\/product\/30868\/revisions"}],"predecessor-version":[{"id":38816,"href":"http:\/\/igel.wovodo.de:8085\/es\/wp-json\/wp\/v2\/product\/30868\/revisions\/38816"}],"wp:featuredmedia":[{"embeddable":true,"href":"http:\/\/igel.wovodo.de:8085\/es\/wp-json\/wp\/v2\/media\/37770"}],"wp:attachment":[{"href":"http:\/\/igel.wovodo.de:8085\/es\/wp-json\/wp\/v2\/media?parent=30868"}],"wp:term":[{"taxonomy":"product_cat","embeddable":true,"href":"http:\/\/igel.wovodo.de:8085\/es\/wp-json\/wp\/v2\/product_cat?post=30868"},{"taxonomy":"product_tag","embeddable":true,"href":"http:\/\/igel.wovodo.de:8085\/es\/wp-json\/wp\/v2\/product_tag?post=30868"}],"curies":[{"name":"wp","href":"https:\/\/api.w.org\/{rel}","templated":true}]}}