{"id":30835,"date":"2024-10-31T14:13:38","date_gmt":"2024-10-31T13:13:38","guid":{"rendered":"http:\/\/igel.wovodo.de:8085\/product\/verbindungs-set-fuer-regentonnen-grau\/"},"modified":"2025-01-27T12:32:29","modified_gmt":"2025-01-27T11:32:29","slug":"verbindungs-set-fuer-regentonnen-grau","status":"publish","type":"product","link":"http:\/\/igel.wovodo.de:8085\/es\/product\/verbindungs-set-fuer-regentonnen-grau\/","title":{"rendered":"Verbindungs-Set f\u00fcr Regentonnen-grau"},"content":{"rendered":"<div class=\"sale_description\">\n<h3>Unsere Produktvorteile = Ihr Nutzen<\/h3>\n<p>Mit diesem Set kann man beliebig viele Regentonnen verbinden und so das Gesamtvolumen erh\u00f6hen. Ideal f\u00fcr die Bew\u00e4sserung gro\u00dfer G\u00e4rten, in denen mehr Wasservorrat gebraucht wird.<\/p>\n<\/div>","protected":false},"excerpt":{"rendered":"<p>Set bestehend aus: PE-Well-Schlauch in grau ca. 60cm lang (E 3,2cm 5\/4 Zoll), 2 Stk. Wanddurchf\u00fchrung 3,2 cm (5\/4 Zoll) und komplettem Anschluss-Zubeh\u00f6r.<\/p>","protected":false},"featured_media":34067,"comment_status":"open","ping_status":"closed","template":"","meta":[],"product_cat":[285,335,382,302,282,329,388,390,421,219],"product_tag":[],"class_list":{"0":"post-30835","1":"product","2":"type-product","3":"status-publish","4":"has-post-thumbnail","6":"product_cat-fallrohr-filter","7":"product_cat-regentonne-saeule","8":"product_cat-regentonne-amphore-maja","9":"product_cat-zubehoer-regentonnen-regentonne24","10":"product_cat-zubehoer-regentonnen","11":"product_cat-regentonne-brunnen","12":"product_cat-regentonne-baum","13":"product_cat-regentonne-nizza","14":"product_cat-regentonne-fels","15":"product_cat-regentonne-eichenfass","17":"first","18":"instock","19":"taxable","20":"shipping-taxable","21":"purchasable","22":"product-type-simple"},"_links":{"self":[{"href":"http:\/\/igel.wovodo.de:8085\/es\/wp-json\/wp\/v2\/product\/30835","targetHints":{"allow":["GET"]}}],"collection":[{"href":"http:\/\/igel.wovodo.de:8085\/es\/wp-json\/wp\/v2\/product"}],"about":[{"href":"http:\/\/igel.wovodo.de:8085\/es\/wp-json\/wp\/v2\/types\/product"}],"replies":[{"embeddable":true,"href":"http:\/\/igel.wovodo.de:8085\/es\/wp-json\/wp\/v2\/comments?post=30835"}],"version-history":[{"count":1,"href":"http:\/\/igel.wovodo.de:8085\/es\/wp-json\/wp\/v2\/product\/30835\/revisions"}],"predecessor-version":[{"id":35444,"href":"http:\/\/igel.wovodo.de:8085\/es\/wp-json\/wp\/v2\/product\/30835\/revisions\/35444"}],"wp:featuredmedia":[{"embeddable":true,"href":"http:\/\/igel.wovodo.de:8085\/es\/wp-json\/wp\/v2\/media\/34067"}],"wp:attachment":[{"href":"http:\/\/igel.wovodo.de:8085\/es\/wp-json\/wp\/v2\/media?parent=30835"}],"wp:term":[{"taxonomy":"product_cat","embeddable":true,"href":"http:\/\/igel.wovodo.de:8085\/es\/wp-json\/wp\/v2\/product_cat?post=30835"},{"taxonomy":"product_tag","embeddable":true,"href":"http:\/\/igel.wovodo.de:8085\/es\/wp-json\/wp\/v2\/product_tag?post=30835"}],"curies":[{"name":"wp","href":"https:\/\/api.w.org\/{rel}","templated":true}]}}