{"id":30810,"date":"2024-10-31T14:13:21","date_gmt":"2024-10-31T13:13:21","guid":{"rendered":"http:\/\/igel.wovodo.de:8085\/product\/solar-teichbrunnen-meerjungfrau-am-teich\/"},"modified":"2025-01-27T12:32:22","modified_gmt":"2025-01-27T11:32:22","slug":"solar-teichbrunnen-meerjungfrau-am-teich","status":"publish","type":"product","link":"http:\/\/igel.wovodo.de:8085\/es\/product\/solar-teichbrunnen-meerjungfrau-am-teich\/","title":{"rendered":"Solar &#8211; Teichbrunnen &#8220;Meerjungfrau am Teich&#8221;"},"content":{"rendered":"<div class=\"sale_description\">\n<p>Das Solar-Teichpumpen-Set &#8220;Meerjungfrau am Teich&#8221; setzt die Kraft der Sonne in flie\u00dfendes Wasser um. Es schafft durch das Wasserspiel eine beruhigende Ger\u00e4uschkulisse im Garten, auf dem Balkon oder der Terrasse und wertet die Umgebung optisch auf. Ein Hingucker und mehr als nur Dekoration! Die Meerjungfrau und das Rauschen des Wassers verleihen Ihrem Au\u00dfenbereich eine besondere Note und das im Sonnenlicht funkelnde Wasser ist stets der perfekte Blickfang. Flie\u00dfendes Wasser sorgt f\u00fcr noch mehr Wohlgef\u00fchl in Ihrem Garten und schafft ein angenehmes Mikroklima an hei\u00dfen Sommertagen.\n<\/p>\n<p><b>Solar-Teichpumpen-Set &#8220;Meerjungfrau am Teich&#8221; &#8211; Das Lebensgef\u00fchl f\u00fcr Ihre Sonnen-Oase!<br \/>\n  <\/b><\/p>\n<div class=\"embed-responsive embed-responsive-16by9\" &gt;=\"\">\n<iframe src=\"https:\/\/www.youtube-nocookie.com\/embed\/SEzVbOJrGUw?rel=0\" title=\"Reproductor de v\u00eddeo YouTube\" allow=\"accelerometer; autoplay; clipboard-write; encrypted-media; gyroscope; picture-in-picture\" allowfullscreen=\"\" width=\"560\" height=\"315\" frameborder=\"0\"><\/iframe>\n<\/div>\n<p>Hochwertige Komponenten bringen das Wasser in Bewegung, sobald das Sonnenlicht die Solarfl\u00e4che erreicht. Je st\u00e4rker die Sonne, desto intensiver wird das solarbetriebene Wasserspiel! Das Solar-Panel l\u00e4sst sich separat aufstellen und kann leicht und flexibel entsprechend der Sonneneinstrahlung ausgerichtet werden. Das Solar-Panel ist mit einem stabilen, bruchfesten Alu-Rahmen ausgestattet. Die kr\u00e4ftige Pumpe f\u00f6rdert das Wasser in die Muschel, aus der es dann an mehreren Stellen wieder in das Gew\u00e4sser zur\u00fcck f\u00e4llt. Das innovative Solar-Pumpensystem garantiert Ihnen jahrelange Freude. Es hat eine Lebensdauer \u00fcber 60.000 Stunden, in denen Sie die sch\u00f6nen Wasserl\u00e4ufe bewundern k\u00f6nnen, ohne an die stetig wachsenden Strompreise denken zu m\u00fcssen.\n<\/p>\n<p>Das solarbetriebene System k\u00f6nnen Sie an jeder Stelle im Garten einsetzen und sind nicht an die 230V-Steckdose gebunden. Das l\u00e4stige Verlegen der 230V-Kabel entf\u00e4llt. Sie k\u00f6nnen das Solarsystem optimal platzieren sowie effektvoll und sicher nutzen. Kein \u00c4rger mehr mit den durch Nagetiere besch\u00e4digten Kabeln und dadurch verursachten Stromausf\u00e4llen.\n<\/p>\n<p><strong>Produkt-Info zum Li-Ion-Akku:<\/strong><\/p>\n<p>Die innovativen Li-Ion-Akkus haben keinen Memory-Effekt. Das ist besonders bei h\u00e4ufigen Auf- und Entladevorg\u00e4ngen wie bei Solarteichpumpen enorm wichtig, um langfristig die <strong>optimale Akku-Kapazit\u00e4t<\/strong> zu erreichen. Die Li-Ion-Akkus sind wesentlich besser bez\u00fcglich Temperaturschwankungen als herk\u00f6mmliche Akkus. Es erwartet Sie ein l\u00e4nger andauerndes und lebendigeres Wasserspiel. Die Funktion des Solar-Brunnens startet bereits bei minimaler Aufladung &#8211; automatisch! Als <strong>Schutz vor Tiefentladung<\/strong> erfolgt eine automatische Abschaltung bei Erreichen des Mindest-Endladezustands. <strong>Kein Akku-Wechsel erforderlich!<\/strong> <b><font color=\"#048610\">Insgesamt haben die Li-Ion-Akkus im Vergleich zu herk\u00f6mmlichen Akkus eine 3 mal l\u00e4ngere Laufzeit und eine bis zu 10-FACHE Lebensdauer beim Betrieb mit Solarteichpumpen!<br \/><\/font><\/b><\/p>\n<p><b>Akku im Solarpanel nicht gen\u00fcgend aufgeladen ist, da dieses bei Auslieferung nur bis zu 30% Kapazit\u00e4t hat.<br \/>\nBitte lassen Sie das Solarpanel erst einmal 2 Tage aufladen, bevor Sie es benutzen.<\/b><\/p>\n<p style=\"font-size:11px;\"><b>Aviso legal:<\/b> Nuestros productos se colorean individualmente a mano, por lo que no pueden evitarse las desviaciones de color. Adem\u00e1s, debido a las condiciones de iluminaci\u00f3n durante la fotograf\u00eda del producto y a los diferentes ajustes de la pantalla, es posible que el color del producto no se reproduzca con autenticidad, por lo que no es motivo de reclamaci\u00f3n.<\/p>\n<p><p><b>Nota:<\/b> Frost kann zu Sch\u00e4den am Gartenbrunnen und der Pumpe f\u00fchren. Bei Frostgefahr muss der <b>Gartenbrunnen und die Pumpe entleert werden<\/b>, mit klarem Wasser gesp\u00fclt und trocken eingelagert werden. Dann haben Sie sehr lange Freude daran!<\/p>\n<\/p>\n<\/div>\n<h3>Muchas buenas razones para comprar este producto:<\/h3>\n<div class=\"sale_motive\">\n<ul>\n<li>steckfertiges Solarpumpensystem &#8211; sofort einsatzbereit<\/li>\n<li>2 Jahre Garantie, Lebensdauer \u00fcber 60.000 Betriebsstunden* (Hinweis weiter unten)<\/li>\n<li>das beruhigende Rauschen des Wassers im Gartenteich<\/li>\n<li>LED-Beleuchtung &amp; Li-Ion-Akku mit einer Leistung von 2,5 Watt<\/li>\n<li>hochwertiges Solarpanel im stabilen bruchfesten ALU-RAHMEN<\/li>\n<li>integrierter Filter sch\u00fctzt die Pumpe (l\u00e4sst sich leicht reinigen)<\/li>\n<li>Solar-Modul mit einstellbarem Winkel &amp; 5 m Anschlusskabel f\u00fcr optimale Platzierung<\/li>\n<\/ul>\n<\/ul>\n<p><strong>*<\/strong>Garantie gilt nur f\u00fcr Teichpumpe, nicht f\u00fcr Figure, Solarpanel oder Kabel.<\/p>\n<\/p><\/div>","protected":false},"excerpt":{"rendered":"<p>Solarbrunnen f\u00fcr Ihren Garten, Balkon oder Terrasse<br \/>mit Li-Ion-Akku, 2,5W Solarpanel, max. 250l\/h<\/p>","protected":false},"featured_media":33473,"comment_status":"open","ping_status":"closed","template":"","meta":[],"product_cat":[318,278],"product_tag":[],"class_list":{"0":"post-30810","1":"product","2":"type-product","3":"status-publish","4":"has-post-thumbnail","6":"product_cat-gartenbrunnen","7":"product_cat-brunnen-mit-solar-betrieb","9":"first","10":"instock","11":"sale","12":"taxable","13":"shipping-taxable","14":"purchasable","15":"product-type-simple"},"_links":{"self":[{"href":"http:\/\/igel.wovodo.de:8085\/es\/wp-json\/wp\/v2\/product\/30810","targetHints":{"allow":["GET"]}}],"collection":[{"href":"http:\/\/igel.wovodo.de:8085\/es\/wp-json\/wp\/v2\/product"}],"about":[{"href":"http:\/\/igel.wovodo.de:8085\/es\/wp-json\/wp\/v2\/types\/product"}],"replies":[{"embeddable":true,"href":"http:\/\/igel.wovodo.de:8085\/es\/wp-json\/wp\/v2\/comments?post=30810"}],"version-history":[{"count":4,"href":"http:\/\/igel.wovodo.de:8085\/es\/wp-json\/wp\/v2\/product\/30810\/revisions"}],"predecessor-version":[{"id":38800,"href":"http:\/\/igel.wovodo.de:8085\/es\/wp-json\/wp\/v2\/product\/30810\/revisions\/38800"}],"wp:featuredmedia":[{"embeddable":true,"href":"http:\/\/igel.wovodo.de:8085\/es\/wp-json\/wp\/v2\/media\/33473"}],"wp:attachment":[{"href":"http:\/\/igel.wovodo.de:8085\/es\/wp-json\/wp\/v2\/media?parent=30810"}],"wp:term":[{"taxonomy":"product_cat","embeddable":true,"href":"http:\/\/igel.wovodo.de:8085\/es\/wp-json\/wp\/v2\/product_cat?post=30810"},{"taxonomy":"product_tag","embeddable":true,"href":"http:\/\/igel.wovodo.de:8085\/es\/wp-json\/wp\/v2\/product_tag?post=30810"}],"curies":[{"name":"wp","href":"https:\/\/api.w.org\/{rel}","templated":true}]}}