{"id":30752,"date":"2024-10-31T14:12:45","date_gmt":"2024-10-31T13:12:45","guid":{"rendered":"http:\/\/igel.wovodo.de:8085\/product\/230v-gartenbrunnen-4-amphoren-mit-led-licht\/"},"modified":"2025-01-27T12:31:59","modified_gmt":"2025-01-27T11:31:59","slug":"230v-gartenbrunnen-4-amphoren-mit-led-licht","status":"publish","type":"product","link":"http:\/\/igel.wovodo.de:8085\/es\/product\/230v-gartenbrunnen-4-amphoren-mit-led-licht\/","title":{"rendered":"230V &#8211; Gartenbrunnen 4-AMPHOREN mit LED-Licht"},"content":{"rendered":"<div class=\"sale_application\">\n<ul>\n<li>LED-Gartenbrunnen f&uuml;r den Innen- und Au&szlig;enbereich in ansprechender, wirklichkeitsgetreuer Dekoration<\/li>\n<\/ul><\/div>\n<div class=\"sale_description\">\n<p><strong>Decorativo y beneficioso<\/strong><\/p>\n<p>Der Wasserbrunnen &#8220;4-AMPHOREN&#8221; ist f\u00fcr den Innen- und Au\u00dfenbereich geeignet. Betrieben wird der stilvolle Garten- und Zimmerbrunnen mit einem 230\/12-Volt Netzadapter. Mit den wirklichkeitsgetreuen Tonkr\u00fcgen sorgt der Indoor- und Outdoor-Brunnen f\u00fcr eine nat\u00fcrliche Atmosph\u00e4re und Entspannung. Das Lebenselixier Wasser belebt Wohnzimmer, Esszimmer, Flure und Eingangsbereiche, Winterg\u00e4rten oder Balkone, Terrassen und G\u00e4rten im privaten wie gewerblichen Umfeld.<\/p>\n<p><strong>Steckfertiges Komplett-Set<\/strong><\/p>\n<p>Der Zimmer- und Gartenbrunnen kommt als Komplett-Set und l\u00e4sst sich leicht instandsetzen.<\/p>\n<div class=\"embed-responsive embed-responsive-16by9\">\n<iframe src=\"https:\/\/www.youtube-nocookie.com\/embed\/88emFyuHdaw?rel=0\" title=\"Reproductor de v\u00eddeo YouTube\" allow=\"accelerometer; autoplay; clipboard-write; encrypted-media; gyroscope; picture-in-picture\" allowfullscreen=\"\" width=\"560\" height=\"315\" frameborder=\"0\"><\/iframe>\n<\/div>\n<p><strong>Perfekter Blickfang<\/strong><\/p>\n<p>Der Gartenbrunnen ist sowohl bei Tag als auch bei Nacht der perfekte Blickfang. Die mitgelieferte LED-Beleuchtung sorgt f\u00fcr die perfekte Illumination. Die LED-Lichter des austauschbaren LED-Rings erstrahlen in einem warmen Wei\u00df.<\/p>\n<p><strong>Werthaltig, best\u00e4ndig &amp; betriebssicher<\/strong><\/p>\n<p>Der wirkungsvolle Zierbrunnen <b>&#8220;4-AMPHOREN&#8221;<\/b> ist f\u00fcr den 230-Volt-Betrieb vorgesehen. Die Pumpe und die LEDs werden mit sicherer 12V-Niederspannung betrieben (Adapter im Lieferumfang enthalten). Alle Kabelverbindungen sind verpolungssicher, wasserdicht und absolut funktionssicher. Dank praktischer Steckverbindungen sind alle Komponenten jederzeit austauschbar. So k\u00f6nnen Sie den Wasserbrunnen <b>&#8220;4-AMPHOREN&#8221;<\/b> und das flie\u00dfende Wasser jahrelang genie\u00dfen!<\/p>\n<p><b>Nota:<\/b> Frost kann zu Sch\u00e4den am Gartenbrunnen und der Pumpe f\u00fchren. Bei Frostgefahr muss der <b>Gartenbrunnen und die Pumpe entleert werden<\/b>, mit klarem Wasser gesp\u00fclt und trocken eingelagert werden. Dann haben Sie sehr lange Freude daran!<\/p>\n<\/div>\n<h3>Muchas buenas razones para comprar este producto:<\/h3>\n<div class=\"sale_motive\">\n<ul>\n<li>Steckfertiger, sofort einsatzbereiter Gartenbrunnen<\/li>\n<li>tiene un efecto tonificante sobre los sentidos<\/li>\n<li>mejora la calidad del aire<\/li>\n<li>klassisch-antike Amphorengruppe<\/li>\n<li>stilvolle kupferne Tonschalen-Dekoration<\/li>\n<li>Fuentes de jard\u00edn de interior y exterior<\/li>\n<li>Con conexi\u00f3n de 230 V\/12 V<\/li>\n<li>Inkl. 2 Watt Pumpe<\/li>\n<li>Inkl. LED-Ring in warmem Wei\u00df (austauschbar)<\/li>\n<\/ul>\n<\/div>","protected":false},"excerpt":{"rendered":"<p>Gartenbrunnen &#8220;4-AMPHOREN&#8221; mit austauschbarem LED-Ring (3*1)<br \/>\n  in ansprechender, wirklichkeitsgetreuer Dekoration<\/p>","protected":false},"featured_media":38590,"comment_status":"open","ping_status":"closed","template":"","meta":[],"product_cat":[318,254,319],"product_tag":[],"class_list":{"0":"post-30752","1":"product","2":"type-product","3":"status-publish","4":"has-post-thumbnail","6":"product_cat-gartenbrunnen","7":"product_cat-brunnen-mit-230-v-betrieb","8":"product_cat-zimmerbrunnen","10":"first","11":"instock","12":"taxable","13":"shipping-taxable","14":"purchasable","15":"product-type-simple"},"_links":{"self":[{"href":"http:\/\/igel.wovodo.de:8085\/es\/wp-json\/wp\/v2\/product\/30752","targetHints":{"allow":["GET"]}}],"collection":[{"href":"http:\/\/igel.wovodo.de:8085\/es\/wp-json\/wp\/v2\/product"}],"about":[{"href":"http:\/\/igel.wovodo.de:8085\/es\/wp-json\/wp\/v2\/types\/product"}],"replies":[{"embeddable":true,"href":"http:\/\/igel.wovodo.de:8085\/es\/wp-json\/wp\/v2\/comments?post=30752"}],"version-history":[{"count":4,"href":"http:\/\/igel.wovodo.de:8085\/es\/wp-json\/wp\/v2\/product\/30752\/revisions"}],"predecessor-version":[{"id":38792,"href":"http:\/\/igel.wovodo.de:8085\/es\/wp-json\/wp\/v2\/product\/30752\/revisions\/38792"}],"wp:featuredmedia":[{"embeddable":true,"href":"http:\/\/igel.wovodo.de:8085\/es\/wp-json\/wp\/v2\/media\/38590"}],"wp:attachment":[{"href":"http:\/\/igel.wovodo.de:8085\/es\/wp-json\/wp\/v2\/media?parent=30752"}],"wp:term":[{"taxonomy":"product_cat","embeddable":true,"href":"http:\/\/igel.wovodo.de:8085\/es\/wp-json\/wp\/v2\/product_cat?post=30752"},{"taxonomy":"product_tag","embeddable":true,"href":"http:\/\/igel.wovodo.de:8085\/es\/wp-json\/wp\/v2\/product_tag?post=30752"}],"curies":[{"name":"wp","href":"https:\/\/api.w.org\/{rel}","templated":true}]}}