{"id":30708,"date":"2024-10-31T14:12:18","date_gmt":"2024-10-31T13:12:18","guid":{"rendered":"http:\/\/igel.wovodo.de:8085\/product\/230v-gartenbrunnen-wein-amphore-mit-led-licht\/"},"modified":"2025-01-27T12:31:45","modified_gmt":"2025-01-27T11:31:45","slug":"230v-gartenbrunnen-wein-amphore-mit-led-licht","status":"publish","type":"product","link":"http:\/\/igel.wovodo.de:8085\/es\/product\/230v-gartenbrunnen-wein-amphore-mit-led-licht\/","title":{"rendered":"230V &#8211; Gartenbrunnen WEIN-AMPHORE mit LED-Licht"},"content":{"rendered":"<div class=\"sale_application\">\n<ul>\n<li>LED-Gartenbrunnen f\u00fcr den Innen- und Au\u00dfenbereich mit 230\/12V-Netzadapter<\/li>\n<\/ul><\/div>\n<div class=\"sale_description\">\n<p><b>Decorativo y beneficioso<\/b><\/p>\n<p>En <b>230V &#8211; Gartenbrunnen WEIN-AMPHORE mit LED-Licht<\/b> ist f\u00fcr den Innen- und Au\u00dfenbereich geeignet. Betrieben wird der Garten- und Zimmerbrunnen mit einem 230\/12-Volt Netzadapter. Der entz\u00fcckende Brunnen sorgt f\u00fcr eine sch\u00f6ne Atmosph\u00e4re und Entspannung. Mit den kompakten Ma\u00dfen findet der Deko-Brunnen \u00fcberall Platz. Das Lebenselixier Wasser belebt Wohnzimmer, Esszimmer, Flure und Eingangsbereiche, Winterg\u00e4rten oder Balkone, Terrassen und G\u00e4rten im privaten wie gewerblichen Umfeld.<\/p>\n<p><b>Perfekter Blickfang<\/b><\/p>\n<p>Der Gartenbrunnen ist sowohl bei Tag als auch bei Nacht der perfekte Blickfang. Die mitgelieferte LED-Beleuchtung sorgt f\u00fcr die perfekte Illumination. Die LED-Lichter des LED-Rings erstrahlen in einem warmen Wei\u00df.<\/p>\n<p><b>Steckfertiges Komplett-Set<\/b><\/p>\n<p>Der Zimmer- und Gartenbrunnen kommt als Komplett-Set und l\u00e4sst sich leicht instandsetzen.<\/p>\n<p><b>Werthaltig, best\u00e4ndig &amp; betriebssicher<\/b><\/p>\n<p>Der rustikale Zierbrunnen WEIN-AMPHORE  ist f\u00fcr den 230-Volt-Betrieb vorgesehen. Die Pumpe und die LEDs werden mit sicherer 12V-Niederspannung betrieben (Adapter im Lieferumfang enthalten). Alle Kabelverbindungen sind verpolungssicher, wasserdicht, absolut funktionssicher. Dank praktischer Steckverbindungen sind alle Komponenten jederzeit austauschbar. So k\u00f6nnen Sie den Wasserbrunnen WEIN-AMPHORE  und das flie\u00dfende Wasser jahrelang genie\u00dfen!<\/p>\n<p style=\"font-size:11px;\"><b>Aviso legal:<\/b> Nuestros productos se colorean individualmente a mano, por lo que no pueden evitarse las desviaciones de color. Adem\u00e1s, debido a las condiciones de iluminaci\u00f3n durante la fotograf\u00eda del producto y a los diferentes ajustes de la pantalla, es posible que el color del producto no se reproduzca con autenticidad, por lo que no es motivo de reclamaci\u00f3n.<\/p>\n<\/p>\n<p><b>Nota:<\/b> Frost kann zu Sch\u00e4den am Gartenbrunnen und der Pumpe f\u00fchren. Bei Frostgefahr muss der <b>Gartenbrunnen und die Pumpe entleert werden<\/b>, mit klarem Wasser gesp\u00fclt und trocken eingelagert werden. Dann haben Sie sehr lange Freude daran!<\/p>\n<\/p><\/div>\n<h3>Muchas buenas razones para comprar este producto:<\/h3>\n<div class=\"sale_motive\">\n<ul>\n<li>steckfertiger, sofort einsatzbereiter Gartenbrunnen WEIN-AMPHORE<\/li>\n<li>tiene un efecto tonificante sobre los sentidos<\/li>\n<li>mejora la calidad del aire<\/li>\n<li>Decorativo y \u00fatil<\/li>\n<li>Fuentes de jard\u00edn de interior y exterior<\/li>\n<li>Con conexi\u00f3n de 230 V\/12 V<\/li>\n<li>Komplett-Set inkl. Pumpe und LED-Beleuchtung<\/li>\n<\/ul>\n<\/div>","protected":false},"excerpt":{"rendered":"<p>Gartenbrunnen WEIN-AMPHORE mit austauschbarem LED-Ring (1*6) und 230\/12V-Netzadapter. F\u00fcr den Innen- und Au\u00dfenbereich.<\/p>","protected":false},"featured_media":37721,"comment_status":"open","ping_status":"closed","template":"","meta":[],"product_cat":[318,254,319],"product_tag":[],"class_list":{"0":"post-30708","1":"product","2":"type-product","3":"status-publish","4":"has-post-thumbnail","6":"product_cat-gartenbrunnen","7":"product_cat-brunnen-mit-230-v-betrieb","8":"product_cat-zimmerbrunnen","10":"first","11":"instock","12":"sale","13":"taxable","14":"shipping-taxable","15":"purchasable","16":"product-type-simple"},"_links":{"self":[{"href":"http:\/\/igel.wovodo.de:8085\/es\/wp-json\/wp\/v2\/product\/30708","targetHints":{"allow":["GET"]}}],"collection":[{"href":"http:\/\/igel.wovodo.de:8085\/es\/wp-json\/wp\/v2\/product"}],"about":[{"href":"http:\/\/igel.wovodo.de:8085\/es\/wp-json\/wp\/v2\/types\/product"}],"replies":[{"embeddable":true,"href":"http:\/\/igel.wovodo.de:8085\/es\/wp-json\/wp\/v2\/comments?post=30708"}],"version-history":[{"count":2,"href":"http:\/\/igel.wovodo.de:8085\/es\/wp-json\/wp\/v2\/product\/30708\/revisions"}],"predecessor-version":[{"id":38770,"href":"http:\/\/igel.wovodo.de:8085\/es\/wp-json\/wp\/v2\/product\/30708\/revisions\/38770"}],"wp:featuredmedia":[{"embeddable":true,"href":"http:\/\/igel.wovodo.de:8085\/es\/wp-json\/wp\/v2\/media\/37721"}],"wp:attachment":[{"href":"http:\/\/igel.wovodo.de:8085\/es\/wp-json\/wp\/v2\/media?parent=30708"}],"wp:term":[{"taxonomy":"product_cat","embeddable":true,"href":"http:\/\/igel.wovodo.de:8085\/es\/wp-json\/wp\/v2\/product_cat?post=30708"},{"taxonomy":"product_tag","embeddable":true,"href":"http:\/\/igel.wovodo.de:8085\/es\/wp-json\/wp\/v2\/product_tag?post=30708"}],"curies":[{"name":"wp","href":"https:\/\/api.w.org\/{rel}","templated":true}]}}