{"id":30679,"date":"2024-10-31T14:11:59","date_gmt":"2024-10-31T13:11:59","guid":{"rendered":"http:\/\/igel.wovodo.de:8085\/product\/tauchpumpe-regen-star-super-350-mit-integriertem-vorfilter\/"},"modified":"2025-01-27T12:31:38","modified_gmt":"2025-01-27T11:31:38","slug":"tauchpumpe-regen-star-super-350-mit-integriertem-vorfilter","status":"publish","type":"product","link":"http:\/\/igel.wovodo.de:8085\/es\/product\/tauchpumpe-regen-star-super-350-mit-integriertem-vorfilter\/","title":{"rendered":"Tauchpumpe Regen-Star SUPER 350 &#8211; mit integriertem Vorfilter!"},"content":{"rendered":"<div class=\"sale_application\">\n<ul>\n<li><b>passt f\u00fcr IBC Container<\/b>\n<\/li>\n<li>Klarwasser-Regentonnenpumpe\n<\/li>\n<li>Bachlauf-Umw\u00e4lzung\n<\/li>\n<li>Beh\u00e4lter-Umf\u00fcllung\n<\/li>\n<li>zur Kellerentw\u00e4sserung\n<\/li>\n<li>im Bach- oder Flusslauf<\/li>\n<li>auch im Teich einsetzbar <\/li>\n<\/ul><\/div>\n<div class=\"sale_description\">\n<p>Die Regentonnenpumpe <b>Regen-Star Super 350 Watt<\/b> ist in ihrer Bauart eine sehr zuverl\u00e4ssige und solide Tauchpumpe, deren Zubeh\u00f6r sie ideal macht als Wasserpumpe f\u00fcr Regentonnen, Regenf\u00e4sser oder Regentanks. Durch das leichte Gewicht der Regentonnen-Pumpe und den integrierten Tragegriff ist die Wasserpumpe mobil und schnell einsatzbereit. Die Pumpe f\u00fcr Regentonnen bietet eine h\u00f6here Lebensdauer als herk\u00f6mmliche Pumpen. Das liegt an den hochwertigen mechanischen Dichtungen, dem integrierten Filter-Sieb und dem hochwertig gekapselten Elektromotor der Klarwasser-Regentonnenpumpe.<\/p>\n<p>Die Regentonnenpumpe mit Filter ist vielseitig einsetzbar, nicht nur als Pumpe f\u00fcr Regenf\u00e4sser. Regen-Star Super 350 Watt eignet sich auch hervorragend zur Bachlauf-Umw\u00e4lzung, zur Kellerentw\u00e4sserung und zur Beh\u00e4lter-Umf\u00fcllung im Bach- oder Flusslauf. Desweiteren ist die Regenfass-Pumpe f\u00fcr Teiche geeignet.<\/p>\n<p>Die Regentonnen-Tauchpumpe hat einen Druck bis zu 1,2bar und bef\u00f6rdert <b><font color =\"#FF0000\">bis zu 2400l\/h<\/font><\/b> bei einer <b><font color =\"#FF0000\">Leistungsaufnahme von 350 Watt<\/font><\/b>. F\u00fcr die Regenwassernutzung ist sie optimal, da sie flach absaugend ist (ca. 25mm) und somit die Regentonne fast leerpumpt. Ihr leicht zu reinigendes integriertes Filter-Sieb verl\u00e4ngert einerseits die Lebensdauer der Regentonnenpumpe, andererseits sorgt es f\u00fcr stets sauberes Wasser im Regenwasserbeh\u00e4lter.<\/p>\n<p>Aber die Pumpe f\u00fcr Regentonnen sowie vielf\u00e4ltige Nutzungsm\u00f6glichkeiten in Haus und Garten bietet noch mehr: Sie ist wird <b>inklusive Schwimmerschalter und inklusive Absperrhahn geliefert<\/b>. Au\u00dferdem hat die Regentonnenpumpe mit Schwimmer ein abgewinkeltes Anschlussrohr zum praktischen Einh\u00e4ngen der Pumpe in den Regenwasserbeh\u00e4lter. Die Regentonnen-Tauchpumpe ist aber auch ohne Anschlussrohr einsetzbar.<\/p>\n<p>Die transportable und schnell einsatzbereite Pumpe f\u00fcr Regentonnen verf\u00fcgt \u00fcber ein <b>hochwertiges Kunststoffgeh\u00e4use<\/b> und einen <b>hochwertig gekapselten Elektromotor<\/b> mit einer Leistung von 350 Watt. Mit dem 10m langen Gummi-Kabel d\u00fcrfte auch der Anschluss an eine Stromquelle kein Problem sein.<\/p>\n<p>Besonders komfortabel ist die Schnellkupplung der Regenfasspumpe: <b>Die Quick-Anschl\u00fcsse sind leicht, ohne Kraftaufwand und ohne Werkzeug montierbar<\/b>. Die Anschl\u00fcsse am Anschlussrohr und an der Pumpe betragen jeweils 1 Zoll.<\/p>\n<p>Die hochwertigen mechanischen Dichtungen und der sch\u00fctzende Vorfilter gew\u00e4hrleisten eine hohe Lebensdauer.<\/p>\n<\/div>\n<h3>Muchas buenas razones para comprar este producto:<\/h3>\n<div class=\"sale_motive\">\n<h2>Muchas buenas razones para comprar este producto:<\/h2>\n<ul>\n<li>Regentonnen-Tauchpumpe mit 1,2bar und 2400l\/h bei einer Leistungsaufnahme von 350W<\/li>\n<li><b>flachabsaugend (ca. 25mm) macht die Regentonne fast leer<\/b><\/li>\n<li>integriertes leicht zu reinigendes Filtersieb verl\u00e4ngert die Lebensdauer<\/li>\n<li>solide und zuverl\u00e4ssig<\/li>\n<li><b>inklusive Schwimmerschalter<\/b><\/li>\n<li><b>inklusive Absperrhahn<\/b><\/li>\n<li>abgewinkeltes Anschlussrohr zum Einh\u00e4ngen der Pumpe ins Regenwasserbeh\u00e4lter (auch ohne Anschlussrohr einsetzbar)<\/li>\n<li>Transportable y listo para usar r\u00e1pidamente<\/li>\n<li>hochwertiges Kunststoffgeh\u00e4use<\/li>\n<\/ul>\n<\/div>","protected":false},"excerpt":{"rendered":"<p>passt f\u00fcr IBC Container Klarwasser-Regentonnenpumpe Bachlauf-Umw\u00e4lzung Beh\u00e4lter-Umf\u00fcllung zur Kellerentw\u00e4sserung im Bach- oder Flusslauf auch im Teich einsetzbar Die Regentonnenpumpe Regen-Star<\/p>","protected":false},"featured_media":33690,"comment_status":"open","ping_status":"closed","template":"","meta":[],"product_cat":[335,382,282,329,469,466,388,390,421,219],"product_tag":[],"class_list":{"0":"post-30679","1":"product","2":"type-product","3":"status-publish","4":"has-post-thumbnail","6":"product_cat-regentonne-saeule","7":"product_cat-regentonne-amphore-maja","8":"product_cat-zubehoer-regentonnen","9":"product_cat-regentonne-brunnen","10":"product_cat-regentonnenpumpe","11":"product_cat-regentonne-exklusiv","12":"product_cat-regentonne-baum","13":"product_cat-regentonne-nizza","14":"product_cat-regentonne-fels","15":"product_cat-regentonne-eichenfass","17":"first","18":"instock","19":"taxable","20":"shipping-taxable","21":"purchasable","22":"product-type-simple"},"_links":{"self":[{"href":"http:\/\/igel.wovodo.de:8085\/es\/wp-json\/wp\/v2\/product\/30679","targetHints":{"allow":["GET"]}}],"collection":[{"href":"http:\/\/igel.wovodo.de:8085\/es\/wp-json\/wp\/v2\/product"}],"about":[{"href":"http:\/\/igel.wovodo.de:8085\/es\/wp-json\/wp\/v2\/types\/product"}],"replies":[{"embeddable":true,"href":"http:\/\/igel.wovodo.de:8085\/es\/wp-json\/wp\/v2\/comments?post=30679"}],"version-history":[{"count":1,"href":"http:\/\/igel.wovodo.de:8085\/es\/wp-json\/wp\/v2\/product\/30679\/revisions"}],"predecessor-version":[{"id":35289,"href":"http:\/\/igel.wovodo.de:8085\/es\/wp-json\/wp\/v2\/product\/30679\/revisions\/35289"}],"wp:featuredmedia":[{"embeddable":true,"href":"http:\/\/igel.wovodo.de:8085\/es\/wp-json\/wp\/v2\/media\/33690"}],"wp:attachment":[{"href":"http:\/\/igel.wovodo.de:8085\/es\/wp-json\/wp\/v2\/media?parent=30679"}],"wp:term":[{"taxonomy":"product_cat","embeddable":true,"href":"http:\/\/igel.wovodo.de:8085\/es\/wp-json\/wp\/v2\/product_cat?post=30679"},{"taxonomy":"product_tag","embeddable":true,"href":"http:\/\/igel.wovodo.de:8085\/es\/wp-json\/wp\/v2\/product_tag?post=30679"}],"curies":[{"name":"wp","href":"https:\/\/api.w.org\/{rel}","templated":true}]}}