{"id":30585,"date":"2024-10-31T14:11:03","date_gmt":"2024-10-31T13:11:03","guid":{"rendered":"http:\/\/igel.wovodo.de:8085\/product\/230v-zimmerbrunnen-altan-mit-led-licht\/"},"modified":"2025-01-27T12:31:11","modified_gmt":"2025-01-27T11:31:11","slug":"230v-zimmerbrunnen-altan-mit-led-licht","status":"publish","type":"product","link":"http:\/\/igel.wovodo.de:8085\/es\/product\/230v-zimmerbrunnen-altan-mit-led-licht\/","title":{"rendered":"230V &#8211; Zimmerbrunnen ALTAN mit LED-Licht"},"content":{"rendered":"<div class=\"sale_application\">\n<ul>\n<li>LED-Zimmerbrunnen f\u00fcr den Innenbereich mit 230\/12V-Netzadapter<\/li>\n<\/ul><\/div>\n<div class=\"sale_description\">\n<div><strong>Decorativo y beneficioso<\/strong><\/p>\n<p>Der Brunnen <b>230V &#8211; Zimmerbrunnen ALTAN mit LED-Licht<\/b> mit 1 austauschbarem LED-Licht (1*1) ist f\u00fcr den Innenbereich geeignet. Betrieben wird der stilvolle Wasserbrunnen mit einem 230\/12-Volt Netzadapter. Der moderne Zimmerbrunnen sorgt f\u00fcr eine harmonische Atmosph\u00e4re und Entspannung. Das Lebenselixier Wasser belebt Wohnzimmer, Esszimmer, Flure und Eingangsbereiche im privaten wie gewerblichen Umfeld.<\/p>\n<p><\/p>\n<div class=\"embed-responsive embed-responsive-16by9\">\n<iframe width=\"560\" height=\"315\" src=\"https:\/\/www.youtube-nocookie.com\/embed\/DLYVmjClaK8?si=JGW7FWuKVaJ5Al76&#038;rel=0\" title=\"Reproductor de v\u00eddeo YouTube\" frameborder=\"0\" allow=\"accelerometer; autoplay; clipboard-write; encrypted-media; gyroscope; picture-in-picture; web-share\" allowfullscreen=\"\"><\/iframe>\n<\/div>\n<p><strong>Der perfekte Blickfang<\/strong><\/p>\n<p>Der Zimmerbrunnen ist sowohl bei Tag als auch bei Nacht der perfekte Hingucker. Die mitgelieferte LED-Beleuchtung sorgt f\u00fcr die perfekte Illumination. Das LED-Licht erstrahlt in einem warmen Wei\u00df.<\/p>\n<p> <br \/>\n<strong>Werthaltig, best\u00e4ndig &amp; betriebssicher<\/strong><\/p>\n<p>Der Wasserbrunnen ist f\u00fcr den 230-Volt-Betrieb vorgesehen. Die Pumpe und das LED-Licht werden mit sicherer 12V-Niederspannung betrieben (Adapter im Lieferumfang enthalten). Alle Kabelverbindungen sind verpolungssicher, wasserdicht und absolut funktionssicher. Dank praktischer Steckverbindungen sind alle Komponenten jederzeit austauschbar. So k\u00f6nnen Sie den Wasserbrunnen mit der effektvollen LED-Beleuchtung und das flie\u00dfende Wasser jahrelang genie\u00dfen!<\/p>\n<p><\/p>\n<p style=\"font-size:11px;\"><b>Aviso legal:<\/b> Nuestros productos se colorean individualmente a mano, por lo que no pueden evitarse las desviaciones de color. Adem\u00e1s, debido a las condiciones de iluminaci\u00f3n durante la fotograf\u00eda del producto y a los diferentes ajustes de la pantalla, es posible que el color del producto no se reproduzca con autenticidad, por lo que no es motivo de reclamaci\u00f3n.<\/p>\n<\/div>\n<\/div>\n<h3>Muchas buenas razones para comprar este producto:<\/h3>\n<div class=\"sale_motive\">\n<ul>\n<li>Steckfertiger, sofort einsatzbereiter Zimmerbrunnen<\/li>\n<li>2 Jahre Garantie, Lebensdauer \u00fcber 60.000 Betriebsstunden<b>* (Hinweis weiter unten)<\/b><\/li>\n<li>tiene un efecto tonificante sobre los sentidos<\/li>\n<li>mejora la calidad del aire<\/li>\n<li>moderne Skulptur in Stein-Optik<\/li>\n<li>n\u00fctzlich und dekorativ<\/li>\n<li>Indoor-Brunnen<\/li>\n<li>Con conexi\u00f3n de 230 V\/12 V<\/li>\n<li>Inkl. 2 Watt Pumpe<\/li>\n<li>Inkl. LED-Lichter in warmem Wei\u00df (austauschbar)<\/li>\n<\/ul>\n<p>*Garantie gilt nur f\u00fcr die Pumpe, nicht f\u00fcr die Figur oder die Kabel.<\/p>\n<\/div>","protected":false},"excerpt":{"rendered":"<p>Zimmerbrunnen &#8220;ALTAN&#8221; mit 1 austauschbarem LED-Licht (1*1)<br \/>\nin wirklichkeitsgetreuer Steinoptik<\/p>","protected":false},"featured_media":37701,"comment_status":"open","ping_status":"closed","template":"","meta":[],"product_cat":[319,403],"product_tag":[],"class_list":{"0":"post-30585","1":"product","2":"type-product","3":"status-publish","4":"has-post-thumbnail","6":"product_cat-zimmerbrunnen","7":"product_cat-klein","9":"first","10":"instock","11":"taxable","12":"shipping-taxable","13":"purchasable","14":"product-type-simple"},"_links":{"self":[{"href":"http:\/\/igel.wovodo.de:8085\/es\/wp-json\/wp\/v2\/product\/30585","targetHints":{"allow":["GET"]}}],"collection":[{"href":"http:\/\/igel.wovodo.de:8085\/es\/wp-json\/wp\/v2\/product"}],"about":[{"href":"http:\/\/igel.wovodo.de:8085\/es\/wp-json\/wp\/v2\/types\/product"}],"replies":[{"embeddable":true,"href":"http:\/\/igel.wovodo.de:8085\/es\/wp-json\/wp\/v2\/comments?post=30585"}],"version-history":[{"count":6,"href":"http:\/\/igel.wovodo.de:8085\/es\/wp-json\/wp\/v2\/product\/30585\/revisions"}],"predecessor-version":[{"id":39941,"href":"http:\/\/igel.wovodo.de:8085\/es\/wp-json\/wp\/v2\/product\/30585\/revisions\/39941"}],"wp:featuredmedia":[{"embeddable":true,"href":"http:\/\/igel.wovodo.de:8085\/es\/wp-json\/wp\/v2\/media\/37701"}],"wp:attachment":[{"href":"http:\/\/igel.wovodo.de:8085\/es\/wp-json\/wp\/v2\/media?parent=30585"}],"wp:term":[{"taxonomy":"product_cat","embeddable":true,"href":"http:\/\/igel.wovodo.de:8085\/es\/wp-json\/wp\/v2\/product_cat?post=30585"},{"taxonomy":"product_tag","embeddable":true,"href":"http:\/\/igel.wovodo.de:8085\/es\/wp-json\/wp\/v2\/product_tag?post=30585"}],"curies":[{"name":"wp","href":"https:\/\/api.w.org\/{rel}","templated":true}]}}