{"id":30449,"date":"2024-10-31T14:09:39","date_gmt":"2024-10-31T13:09:39","guid":{"rendered":"http:\/\/igel.wovodo.de:8085\/product\/saug-druckschlauch-1-zoll-schwarz-15m\/"},"modified":"2025-01-27T12:30:31","modified_gmt":"2025-01-27T11:30:31","slug":"saug-druckschlauch-1-zoll-schwarz-15m","status":"publish","type":"product","link":"http:\/\/igel.wovodo.de:8085\/es\/product\/saug-druckschlauch-1-zoll-schwarz-15m\/","title":{"rendered":"Saug- \/ Druckschlauch 1 Zoll schwarz 15m"},"content":{"rendered":"<div class=\"sale_application\">\n<ul>\n<li>Ansaugen von nicht aggressiven Fl\u00fcssigkeiten <\/li>\n<li>Bef\u00fcllen von Tanks aller Art <\/li>\n<li>Bew\u00e4ssern des Gartens <\/li>\n<\/ul><\/div>\n<div class=\"sale_description\">\n<p>Der Saug- bzw. Druckschlauch besteht aus einem abriebfestem und lichtdurchl\u00e4ssigem PVC-Material. Au\u00dferdem ist er sehr knickstabil und kann in Leerrohren auch unter der Erde verlegt werden. Aus dem Grund kann er f\u00fcr verschiedenste Zwecke verwendet werden. Einmal als Saugschlauch f\u00fcr beispielsweise Kreiselpumpe und auch als Druckschlauch zum Bef\u00fcllen eines Wasserbeh\u00e4lters.<\/p>\n<\/p><\/div>\n<h3>Muchas buenas razones para comprar este producto:<\/h3>\n<div class=\"sale_motive\">\n<ul>\n<li><b>robustes und knickstabiles Material mit PVC-Spirale<\/b><\/li>\n<li>lichtdurchl\u00e4ssig <\/li>\n<li>unter der Erde verlegbar (in Leerrohren) <\/li>\n<li>Abfederung von Druckst\u00f6\u00dfen <\/li>\n<\/ul>\n<\/div>","protected":false},"excerpt":{"rendered":"<p>Hochwertiger Qualit\u00e4tsschlauch mit dicker Wandst\u00e4rke \/ PVC-Spirale \/ max. Druck von 6 bar \/ L\u00e4nge: 15m<\/p>","protected":false},"featured_media":32917,"comment_status":"open","ping_status":"closed","template":"","meta":[],"product_cat":[347],"product_tag":[],"class_list":{"0":"post-30449","1":"product","2":"type-product","3":"status-publish","4":"has-post-thumbnail","6":"product_cat-1-zoll","8":"first","9":"instock","10":"taxable","11":"shipping-taxable","12":"purchasable","13":"product-type-simple"},"_links":{"self":[{"href":"http:\/\/igel.wovodo.de:8085\/es\/wp-json\/wp\/v2\/product\/30449","targetHints":{"allow":["GET"]}}],"collection":[{"href":"http:\/\/igel.wovodo.de:8085\/es\/wp-json\/wp\/v2\/product"}],"about":[{"href":"http:\/\/igel.wovodo.de:8085\/es\/wp-json\/wp\/v2\/types\/product"}],"replies":[{"embeddable":true,"href":"http:\/\/igel.wovodo.de:8085\/es\/wp-json\/wp\/v2\/comments?post=30449"}],"version-history":[{"count":1,"href":"http:\/\/igel.wovodo.de:8085\/es\/wp-json\/wp\/v2\/product\/30449\/revisions"}],"predecessor-version":[{"id":35064,"href":"http:\/\/igel.wovodo.de:8085\/es\/wp-json\/wp\/v2\/product\/30449\/revisions\/35064"}],"wp:featuredmedia":[{"embeddable":true,"href":"http:\/\/igel.wovodo.de:8085\/es\/wp-json\/wp\/v2\/media\/32917"}],"wp:attachment":[{"href":"http:\/\/igel.wovodo.de:8085\/es\/wp-json\/wp\/v2\/media?parent=30449"}],"wp:term":[{"taxonomy":"product_cat","embeddable":true,"href":"http:\/\/igel.wovodo.de:8085\/es\/wp-json\/wp\/v2\/product_cat?post=30449"},{"taxonomy":"product_tag","embeddable":true,"href":"http:\/\/igel.wovodo.de:8085\/es\/wp-json\/wp\/v2\/product_tag?post=30449"}],"curies":[{"name":"wp","href":"https:\/\/api.w.org\/{rel}","templated":true}]}}