{"id":30430,"date":"2024-10-31T14:09:29","date_gmt":"2024-10-31T13:09:29","guid":{"rendered":"http:\/\/igel.wovodo.de:8085\/product\/tauchpumpe-long-life-clean-star-400\/"},"modified":"2025-01-27T12:30:25","modified_gmt":"2025-01-27T11:30:25","slug":"tauchpumpe-long-life-clean-star-400","status":"publish","type":"product","link":"http:\/\/igel.wovodo.de:8085\/es\/product\/tauchpumpe-long-life-clean-star-400\/","title":{"rendered":"Tauchpumpe LONG-LIFE CLEAN-STAR 400"},"content":{"rendered":"<div class=\"sale_application\">\n<ul>\n<li>Bachlauf-Umw\u00e4lzung<\/li>\n<li>Im Wasserbeh\u00e4lter<\/li>\n<li>zur Kellerentw\u00e4sserung<\/li>\n<li>Beh\u00e4lter-Umf\u00fcllung<\/li>\n<li>im Bach- oder Flusslauf<\/li>\n<li>auch im Teich einsetzbar<\/li>\n<\/ul><\/div>\n<div class=\"sale_description\">\n<p>Schnell transportable, mobile, flachsaugende Klarwasserpumpe mit Schwimmerschalter und Tragegriff. <b>Die Long-Life Clean-Star 400<\/b> ist in ihrer Bauart eine sehr zuverl\u00e4ssige und solide Tauchpumpe. Trotz ihrer geringen Leistungsaufnahme schafft sie eine F\u00f6rdermenge von <b>7000l\/h<\/b>. Durch ihr leichtes Gewicht und den integrierten Tragegriff ist sie mobil und schnell einsatzbereit.<\/p>\n<p>Der besondere Clou ist der <b>integrierte Schwimmerschalter<\/b>. Dieser ist auch abschaltbar und muss nicht extra fixiert bzw. justiert werden, wie bei herk\u00f6mmlichen Pumpen. Dadurch wird die Schaltfunktion nicht wie bei herk\u00f6mmlichen Schwimmerschaltern durch \u00e4u\u00dfere Einfl\u00fcsse beintr\u00e4chtigt bzw. verhindert. Durch die Keramik-Welle mit mechanisch verst\u00e4rktem Dichtungssystem bietet die Pumpe eine erh\u00f6hte Lebensdauer gegen\u00fcber herk\u00f6mmlichen Pumpen. Sie eignet sich besonders in kleinen \u00d6ffnungen in welchen andere Schwimmerschalter nicht mehr zuverl\u00e4ssig schalten k\u00f6nnen.<\/p>\n<\/div>\n<h3>Muchas buenas razones para comprar este producto:<\/h3>\n<div class=\"sale_motive\">\n<ul>\n<li><b>SUPER -LONGLIFE durch Keramik-Welle mit mechanischem verst\u00e4rkten Dichtungssystem<\/b><\/li>\n<li>F\u00f6rdermenge von 7000l\/h bei einer Leistungsaufnahme von 400W<\/li>\n<li>flach absaugend<\/li>\n<li>integrierter abschaltbarer Schwimmerschalter<\/li>\n<li>solide und zuverl\u00e4ssige Klarwasser-Pumpe<\/li>\n<li>verschiedene Anschl\u00fcsse an der Druckseite<\/li>\n<li>Transportable y listo para usar r\u00e1pidamente<\/li>\n<li>hochwertiges Kunststoffgeh\u00e4use<\/li>\n<\/ul>\n<\/div>","protected":false},"excerpt":{"rendered":"<p>Bachlauf-Umw\u00e4lzung Im Wasserbeh\u00e4lter zur Kellerentw\u00e4sserung Beh\u00e4lter-Umf\u00fcllung im Bach- oder Flusslauf auch im Teich einsetzbar Schnell transportable, mobile, flachsaugende Klarwasserpumpe mit<\/p>","protected":false},"featured_media":39840,"comment_status":"open","ping_status":"closed","template":"","meta":[],"product_cat":[365],"product_tag":[],"class_list":{"0":"post-30430","1":"product","2":"type-product","3":"status-publish","4":"has-post-thumbnail","6":"product_cat-klarwasserpumpe-tauchpumpen","8":"first","9":"instock","10":"taxable","11":"shipping-taxable","12":"purchasable","13":"product-type-simple"},"_links":{"self":[{"href":"http:\/\/igel.wovodo.de:8085\/es\/wp-json\/wp\/v2\/product\/30430","targetHints":{"allow":["GET"]}}],"collection":[{"href":"http:\/\/igel.wovodo.de:8085\/es\/wp-json\/wp\/v2\/product"}],"about":[{"href":"http:\/\/igel.wovodo.de:8085\/es\/wp-json\/wp\/v2\/types\/product"}],"replies":[{"embeddable":true,"href":"http:\/\/igel.wovodo.de:8085\/es\/wp-json\/wp\/v2\/comments?post=30430"}],"version-history":[{"count":1,"href":"http:\/\/igel.wovodo.de:8085\/es\/wp-json\/wp\/v2\/product\/30430\/revisions"}],"predecessor-version":[{"id":35045,"href":"http:\/\/igel.wovodo.de:8085\/es\/wp-json\/wp\/v2\/product\/30430\/revisions\/35045"}],"wp:featuredmedia":[{"embeddable":true,"href":"http:\/\/igel.wovodo.de:8085\/es\/wp-json\/wp\/v2\/media\/39840"}],"wp:attachment":[{"href":"http:\/\/igel.wovodo.de:8085\/es\/wp-json\/wp\/v2\/media?parent=30430"}],"wp:term":[{"taxonomy":"product_cat","embeddable":true,"href":"http:\/\/igel.wovodo.de:8085\/es\/wp-json\/wp\/v2\/product_cat?post=30430"},{"taxonomy":"product_tag","embeddable":true,"href":"http:\/\/igel.wovodo.de:8085\/es\/wp-json\/wp\/v2\/product_tag?post=30430"}],"curies":[{"name":"wp","href":"https:\/\/api.w.org\/{rel}","templated":true}]}}