{"id":30394,"date":"2024-10-31T14:09:04","date_gmt":"2024-10-31T13:09:04","guid":{"rendered":"http:\/\/igel.wovodo.de:8085\/product\/5-tiefbrunnenpumpe-brunnen-star-1500-4-400-zzgl-zubehoer-auswahl-inverter\/"},"modified":"2025-01-27T12:30:14","modified_gmt":"2025-01-27T11:30:14","slug":"5-tiefbrunnenpumpe-brunnen-star-1500-4-400-zzgl-zubehoer-auswahl-inverter","status":"publish","type":"product","link":"http:\/\/igel.wovodo.de:8085\/es\/product\/5-tiefbrunnenpumpe-brunnen-star-1500-4-400-zzgl-zubehoer-auswahl-inverter\/","title":{"rendered":"5&#8243; Tiefbrunnenpumpe BRUNNEN-STAR 1500-4\/400 zzgl. Zubeh\u00f6r-Auswahl INVERTER"},"content":{"rendered":"<div class=\"sale_application\">\n<ul>\n<li>f\u00fcr private und industrielle Anwendungen<\/li>\n<li>zur Hauswasserversorgung<\/li>\n<li>zur Bew\u00e4sserung<\/li>\n<li>zur Beregnung<\/li>\n<li>f\u00fcr Anwendungen im Umweltschutz<\/li>\n<li>bei Grundwasserabsenkung<\/li>\n<li>para llenar recipientes<\/li>\n<li>Automatische, energiesparende, selbst\u00fcberwachende Inverter-Pumpensteuerung<\/li>\n<li>Die bedarfsgeregelte Pumpenleistung f\u00fchrt zu einer enormen Energie-Einsparung von bis zu 85%<\/li>\n<\/ul><\/div>\n<div class=\"sale_description\">\n<p>Die robuste, stabile Tiefbrunnenpumpe aus rostfreiem Edelsstahl f\u00fcr tiefe Brunnenbohrungen erbringt eine Leistung von 1500 Watt und ist f\u00fcr eine Spannung von 400 Volt ausgelegt. Mit dieser robusten Tiefbrunnenpumpe ist die F\u00f6rderung von Wasser aus extrem tiefen Bohrungen, Brunnen bzw. Wasserreservoirs kein Problem. Sie f\u00f6rdert dies mit hohem Druck weiter an die Abnahmestelle.<\/p>\n<p>Die leistungsstarke Tiefbrunnenpumpe hat einen hochwertigen gekapselten Motor und erbringt F\u00f6rdermenge von bis zu 16.000l\/h. Die maximale F\u00f6rderh\u00f6he betr\u00e4gt 62m und der maximale F\u00f6rderdruck liegt bei 6,2bar. Bitte beachten Sie, dass die F\u00f6rderleistung bei steigender F\u00f6rderh\u00f6he entsprechend abnimmt.<br \/>\nDie Kabell\u00e4nge betr\u00e4gt 15m.<\/p>\n<p>Bei gleicher elektrischer Leistung f\u00f6dert diese Pumpe dank besonderen Bauweise wesentlich mehr Wasser als andere Pumpen mit vergleichbarem Energie-Verbrauch. Daher bezeichnen wir diese Pumpe als echte ENERGIE-SPARPUMPE!<\/p>\n<\/div>\n<h3>Muchas buenas razones para comprar este producto:<\/h3>\n<div class=\"sale_motive\">\n<ul>\n<li>Automatisches bedarfsorientiertes Ein- und Ausschalten der Pumpe<\/li>\n<li>ENERGIESPARENDER Pumpen-Betrieb: Bis zu 85% Energieeinsparung bei Pumpen-Betrieb mit wechselnder Belastung<\/li>\n<li>Sorgt f\u00fcr konstanten Wasserdruck in den Leitungen<\/li>\n<li>Druckminderer-Funktion: reduziert den maximalen Pumpendruck auf den eingestellten Druck im Leitungssystem<\/li>\n<li>Wassergek\u00fchlter Inverter: kann auch bei eingeschr\u00e4nkter Luftk\u00fchlung eingesetzt werden<\/li>\n<li>Minimiert die durchschnittliche Ger\u00e4uschentwicklung<\/li>\n<li>Vermeidet gef\u00e4hrliche Druckschl\u00e4ge in den Wasserleitungen<\/li>\n<li>Erh\u00f6ht wesentlich die Pumpenlebensdauer<\/li>\n<li>integrierter Trockenlaufschutz mit einstellbarem Auto-Start<\/li>\n<li>eingebautes R\u00fcckschlagventil<\/li>\n<li>intelligente Selbst-\u00dcberwachungsfunktionen<\/li>\n<li>leicht zu bedienen durch voreingestellte Standard-Werte<\/li>\n<\/ul>\n<\/div>","protected":false},"excerpt":{"rendered":"<p>Leistungsstarke Brunnenpumpe<br \/>\n  5 Zoll | 380-400V | 1500W<br \/>\n  Hmax. 62m | Qmax. 16.000l\/h | Pmax. 6,2bar<\/p>","protected":false},"featured_media":39931,"comment_status":"open","ping_status":"closed","template":"","meta":[],"product_cat":[446,326,301,299,226],"product_tag":[],"class_list":{"0":"post-30394","1":"product","2":"type-product","3":"status-publish","4":"has-post-thumbnail","6":"product_cat-5-u-6-brunnenpumpen-brunnenpumpen-mit-druckschalter-inverter","7":"product_cat-5-u-6-brunnenpumpen","8":"product_cat-400-volt-brunnenpumpen","9":"product_cat-klarwasserpumpe","10":"product_cat-brunnenpumpen-mit-druckschalter-inverter","12":"first","13":"instock","14":"featured","15":"taxable","16":"shipping-taxable","17":"purchasable","18":"product-type-simple"},"_links":{"self":[{"href":"http:\/\/igel.wovodo.de:8085\/es\/wp-json\/wp\/v2\/product\/30394","targetHints":{"allow":["GET"]}}],"collection":[{"href":"http:\/\/igel.wovodo.de:8085\/es\/wp-json\/wp\/v2\/product"}],"about":[{"href":"http:\/\/igel.wovodo.de:8085\/es\/wp-json\/wp\/v2\/types\/product"}],"replies":[{"embeddable":true,"href":"http:\/\/igel.wovodo.de:8085\/es\/wp-json\/wp\/v2\/comments?post=30394"}],"version-history":[{"count":4,"href":"http:\/\/igel.wovodo.de:8085\/es\/wp-json\/wp\/v2\/product\/30394\/revisions"}],"predecessor-version":[{"id":39500,"href":"http:\/\/igel.wovodo.de:8085\/es\/wp-json\/wp\/v2\/product\/30394\/revisions\/39500"}],"wp:featuredmedia":[{"embeddable":true,"href":"http:\/\/igel.wovodo.de:8085\/es\/wp-json\/wp\/v2\/media\/39931"}],"wp:attachment":[{"href":"http:\/\/igel.wovodo.de:8085\/es\/wp-json\/wp\/v2\/media?parent=30394"}],"wp:term":[{"taxonomy":"product_cat","embeddable":true,"href":"http:\/\/igel.wovodo.de:8085\/es\/wp-json\/wp\/v2\/product_cat?post=30394"},{"taxonomy":"product_tag","embeddable":true,"href":"http:\/\/igel.wovodo.de:8085\/es\/wp-json\/wp\/v2\/product_tag?post=30394"}],"curies":[{"name":"wp","href":"https:\/\/api.w.org\/{rel}","templated":true}]}}