{"id":30349,"date":"2024-10-31T14:08:38","date_gmt":"2024-10-31T13:08:38","guid":{"rendered":"http:\/\/igel.wovodo.de:8085\/product\/pe-well-schlauch-5-4-zoll-ca-275cm-lang-grau\/"},"modified":"2025-01-27T12:29:55","modified_gmt":"2025-01-27T11:29:55","slug":"pe-well-schlauch-5-4-zoll-ca-275cm-lang-grau","status":"publish","type":"product","link":"http:\/\/igel.wovodo.de:8085\/es\/product\/pe-well-schlauch-5-4-zoll-ca-275cm-lang-grau\/","title":{"rendered":"PE-Well-Schlauch, (5\/4 Zoll) ca. 275cm lang, grau"},"content":{"rendered":"<div class=\"sale_description\">\n<p>Knickstabiler <b>5\/4 Zoll PE-Well-Schlauch<\/b> passend zum Filter T33 mit Anschn\u00e4belung zwecks besserer Anschlu\u00dfm\u00f6glichkeit zur Wanddurchf\u00fchrung.<\/p>\n<\/div>\n<h3>Muchas buenas razones para comprar este producto:<\/h3>\n<div class=\"sale_motive\">\n<ul>\n<li>frostbest\u00e4ndiger &amp; knickstabiler PE-Well-Schlauch<\/li>\n<li>passend zum Filter T33<\/li>\n<li>in zwei Farben erh\u00e4ltlich<\/li>\n<li>in verschiedenen L\u00e4ngen erh\u00e4ltlich<\/li>\n<li>optimales Zubeh\u00f6r zur Regenwassernutzung in Haus &amp; Garten<\/li>\n<li>mit Anschn\u00e4belung zwecks besserer Anschlu\u00dfm\u00f6glichkeit zur Wanddurchf\u00fchrung<\/li>\n<\/ul>\n<\/div>","protected":false},"excerpt":{"rendered":"<p>Knickstabiler 5\/4 Zoll PE-Well-Schlauch passend zum Filter T33 mit Anschn\u00e4belung zwecks besserer Anschlu\u00dfm\u00f6glichkeit zur Wanddurchf\u00fchrung. Viele gute Gr\u00fcnde, warum Sie<\/p>","protected":false},"featured_media":31197,"comment_status":"open","ping_status":"closed","template":"","meta":[],"product_cat":[284,286,282],"product_tag":[],"class_list":{"0":"post-30349","1":"product","2":"type-product","3":"status-publish","4":"has-post-thumbnail","6":"product_cat-5-4-zoll","7":"product_cat-einzelteile-fallrohr-filter","8":"product_cat-zubehoer-regentonnen","10":"first","11":"instock","12":"taxable","13":"shipping-taxable","14":"purchasable","15":"product-type-simple"},"_links":{"self":[{"href":"http:\/\/igel.wovodo.de:8085\/es\/wp-json\/wp\/v2\/product\/30349","targetHints":{"allow":["GET"]}}],"collection":[{"href":"http:\/\/igel.wovodo.de:8085\/es\/wp-json\/wp\/v2\/product"}],"about":[{"href":"http:\/\/igel.wovodo.de:8085\/es\/wp-json\/wp\/v2\/types\/product"}],"replies":[{"embeddable":true,"href":"http:\/\/igel.wovodo.de:8085\/es\/wp-json\/wp\/v2\/comments?post=30349"}],"version-history":[{"count":1,"href":"http:\/\/igel.wovodo.de:8085\/es\/wp-json\/wp\/v2\/product\/30349\/revisions"}],"predecessor-version":[{"id":34964,"href":"http:\/\/igel.wovodo.de:8085\/es\/wp-json\/wp\/v2\/product\/30349\/revisions\/34964"}],"wp:featuredmedia":[{"embeddable":true,"href":"http:\/\/igel.wovodo.de:8085\/es\/wp-json\/wp\/v2\/media\/31197"}],"wp:attachment":[{"href":"http:\/\/igel.wovodo.de:8085\/es\/wp-json\/wp\/v2\/media?parent=30349"}],"wp:term":[{"taxonomy":"product_cat","embeddable":true,"href":"http:\/\/igel.wovodo.de:8085\/es\/wp-json\/wp\/v2\/product_cat?post=30349"},{"taxonomy":"product_tag","embeddable":true,"href":"http:\/\/igel.wovodo.de:8085\/es\/wp-json\/wp\/v2\/product_tag?post=30349"}],"curies":[{"name":"wp","href":"https:\/\/api.w.org\/{rel}","templated":true}]}}