{"id":30255,"date":"2024-10-31T14:07:43","date_gmt":"2024-10-31T13:07:43","guid":{"rendered":"http:\/\/igel.wovodo.de:8085\/product\/230v-gartenbrunnen-modern-lichtgrau-mit-led-licht\/"},"modified":"2025-01-27T12:29:24","modified_gmt":"2025-01-27T11:29:24","slug":"230v-gartenbrunnen-modern-lichtgrau-mit-led-licht","status":"publish","type":"product","link":"http:\/\/igel.wovodo.de:8085\/es\/product\/230v-gartenbrunnen-modern-lichtgrau-mit-led-licht\/","title":{"rendered":"230V &#8211; Gartenbrunnen MODERN lichtgrau mit LED-Licht"},"content":{"rendered":"<div class=\"sale_description\">\n<p><strong>Decorativo y beneficioso<\/strong><br \/>\n  Der Gartenbrunnen MODERN LICHTGRAU mit LED-Beleuchtung ist f\u00fcr den Innen- und Au\u00dfenbereich geeignet. Betrieben wird der stilvolle Gartenbrunnen mit einem 230\/12-Volt Netzadapter. Mit der wirklichkeitsgetreuen Stein-Dekoration des Brunnens und den klaren, geometrischen Formen sorgt der Gartenbrunnen f\u00fcr eine harmonische Atmosph\u00e4re und Entspannung. Das Lebenselixier Wasser belebt Wohnzimmer, Esszimmer, Flure und Eingangsbereiche, Winterg\u00e4rten oder Balkone, Terrassen und G\u00e4rten im privaten wie gewerblichen Umfeld.<\/p>\n<p><strong>Perfekter Blickfang<\/strong><br \/>\n  Der Gartenbrunnen ist sowohl bei Tag als auch bei Nacht der perfekte Hingucker. Die mitgelieferte LED-Beleuchtung sorgt f\u00fcr die perfekte Illumination. Die LED-Lichter des austauschbaren LED-Rings erstrahlen in klassischem Wei\u00df.<\/p>\n<p><strong>Werthaltig, best\u00e4ndig &amp; betriebssicher<\/strong><br \/>\n  Der moderne Zierbrunnen ist f\u00fcr den 230-Volt-Betrieb vorgesehen. Die Pumpe und die LEDs werden mit sicherer 12V-Niederspannung betrieben (Adapter im Lieferumfang enthalten). Alle Kabelverbindungen sind verpolungssicher, wasserdicht und absolut funktionssicher. Dank praktischer Steckverbindungen sind alle Komponenten jederzeit austauschbar. So k\u00f6nnen Sie den formsch\u00f6nen Wasserbrunnen und das beruhigende, flie\u00dfende Wasser jahrelang genie\u00dfen!<\/p>\n<p style=\"font-size:11px;\"><b>Aviso legal:<\/b> Nuestros productos se colorean individualmente a mano, por lo que no pueden evitarse las desviaciones de color. Adem\u00e1s, debido a las condiciones de iluminaci\u00f3n durante la fotograf\u00eda del producto y a los diferentes ajustes de la pantalla, es posible que el color del producto no se reproduzca con autenticidad, por lo que no es motivo de reclamaci\u00f3n.<\/p>\n<p><p><b>Nota:<\/b> Frost kann zu Sch\u00e4den am Gartenbrunnen und der Pumpe f\u00fchren. Bei Frostgefahr muss der <b>Gartenbrunnen und die Pumpe entleert werden<\/b>, mit klarem Wasser gesp\u00fclt und trocken eingelagert werden. Dann haben Sie sehr lange Freude daran!<\/p>\n<\/p><\/div>\n<h3>Muchas buenas razones para comprar este producto:<\/h3>\n<div class=\"sale_motive\">\n<ul>\n<li>Steckfertiger, sofort einsatzbereiter Gartenbrunnen<\/li>\n<li>Dekorativer &amp; n\u00fctzlicher Brunnen f\u00fcr Innen und Au\u00dfen<\/li>\n<li>Moderne, harmonische Form<\/li>\n<li>zeitlos &amp; elegant in angenehmer lichtgrauer Farbe<\/li>\n<li>t\u00e4uschend echte Steinoptik<\/li>\n<li>wirkt belebend auf die Sinne und verbessert die Luftqualit\u00e4t<\/li>\n<li>Inkl. LED-Beleuchtung<\/li>\n<li>Inkl. 12V-Pumpe mit 2W Watt<\/li>\n<\/ul><\/div>","protected":false},"excerpt":{"rendered":"<p>Gartenbrunnen MODERN lichtgrau mit austauschbarem LED-Ring<br \/>\n  in naturgetreuer Stein-Dekoration<\/p>\n<p><strong>f\u00fcr den Innen- und Au\u00dfenbereich<\/strong><\/p>","protected":false},"featured_media":39483,"comment_status":"open","ping_status":"closed","template":"","meta":[],"product_cat":[318,254,320,319,413],"product_tag":[],"class_list":{"0":"post-30255","1":"product","2":"type-product","3":"status-publish","4":"has-post-thumbnail","6":"product_cat-gartenbrunnen","7":"product_cat-brunnen-mit-230-v-betrieb","8":"product_cat-moderne-zeitlose-deko","9":"product_cat-zimmerbrunnen","10":"product_cat-harmonische-kugeln","12":"first","13":"instock","14":"taxable","15":"shipping-taxable","16":"purchasable","17":"product-type-simple"},"_links":{"self":[{"href":"http:\/\/igel.wovodo.de:8085\/es\/wp-json\/wp\/v2\/product\/30255","targetHints":{"allow":["GET"]}}],"collection":[{"href":"http:\/\/igel.wovodo.de:8085\/es\/wp-json\/wp\/v2\/product"}],"about":[{"href":"http:\/\/igel.wovodo.de:8085\/es\/wp-json\/wp\/v2\/types\/product"}],"replies":[{"embeddable":true,"href":"http:\/\/igel.wovodo.de:8085\/es\/wp-json\/wp\/v2\/comments?post=30255"}],"version-history":[{"count":2,"href":"http:\/\/igel.wovodo.de:8085\/es\/wp-json\/wp\/v2\/product\/30255\/revisions"}],"predecessor-version":[{"id":38680,"href":"http:\/\/igel.wovodo.de:8085\/es\/wp-json\/wp\/v2\/product\/30255\/revisions\/38680"}],"wp:featuredmedia":[{"embeddable":true,"href":"http:\/\/igel.wovodo.de:8085\/es\/wp-json\/wp\/v2\/media\/39483"}],"wp:attachment":[{"href":"http:\/\/igel.wovodo.de:8085\/es\/wp-json\/wp\/v2\/media?parent=30255"}],"wp:term":[{"taxonomy":"product_cat","embeddable":true,"href":"http:\/\/igel.wovodo.de:8085\/es\/wp-json\/wp\/v2\/product_cat?post=30255"},{"taxonomy":"product_tag","embeddable":true,"href":"http:\/\/igel.wovodo.de:8085\/es\/wp-json\/wp\/v2\/product_tag?post=30255"}],"curies":[{"name":"wp","href":"https:\/\/api.w.org\/{rel}","templated":true}]}}