{"id":30137,"date":"2024-10-31T14:06:33","date_gmt":"2024-10-31T13:06:33","guid":{"rendered":"http:\/\/igel.wovodo.de:8085\/product\/profi-airbrush-universal-ii-color-ii-mit-4-farben-set\/"},"modified":"2025-01-27T12:28:51","modified_gmt":"2025-01-27T11:28:51","slug":"profi-airbrush-universal-ii-color-ii-mit-4-farben-set","status":"publish","type":"product","link":"http:\/\/igel.wovodo.de:8085\/es\/product\/profi-airbrush-universal-ii-color-ii-mit-4-farben-set\/","title":{"rendered":"Profi-AirBrush Universal II Color II mit 4 Farben Set"},"content":{"rendered":"<div class=\"sale_application\">\n<b><\/p>\n<p>Ideal para cosm\u00e9tica y belleza (decoraci\u00f3n de u\u00f1as con aer\u00f3grafo, maquillaje, coloraci\u00f3n del cabello, cuidado del cabello, bronceado en spray), arte corporal (pintura corporal, tatuaje, dise\u00f1o de m\u00e1scaras), pasatiempos (flores\/arreglos florales, modelismo, cer\u00e1mica\/alfarer\u00eda, textiles), peque\u00f1os dise\u00f1os de autom\u00f3viles (tapones de gasolina\/cascos), ilustraciones t\u00e9cnicas\/retoques fotogr\u00e1ficos y decoraci\u00f3n de alimentos (tartas\/cupcakes). Las posibilidades de la aerograf\u00eda son pr\u00e1cticamente ilimitadas.<\/p>\n<p><\/b> <\/div>\n<div class=\"sale_description\">\n<p>Sin aceite ni mantenimiento <span class=\"high\">Compresor de aer\u00f3grafo<\/span> ist f\u00fcr Arbeiten mit allen handels\u00fcblichen Airbrush Farben geeignet. Mit nur 47dB erm\u00f6glicht er angenehmes Arbeiten auch in kleineren, geschlossenen R\u00e4umen. Sein kompaktes Design und der integrierte Tragegriff erleichtern den mobilen Einsatz. Die Abschaltautomatik erm\u00f6glicht einen stromsparenden und ger\u00e4tesch\u00fctzenden Betrieb.<\/p>\n<p>Der Airbrush-Kompressor ist mit einem <b>3-Liter Lufttank<\/b> ausgestattet. Durch den integrierten 3l-Lufttank ist ein perfektes Arbeiten durch gleichbleibenden Luftdruck m\u00f6glich. Integriert sind auch <b>Durchfluss- und Druckregler, Manometer und Wasserabschneider<\/b>. Der maximale Arbeitsdruck betr\u00e4gt 6 bar. Der thermisch gesch\u00fctzte Airbrush-Kompressor hat einen Netzschalter und ein Sicherheitsventil.<\/p>\n<p>Der 150-Watt Einzel-Zylinder-Airbrush-Kompressor ist ideal f\u00fcr Airbrush-Pistolen mit geringem Luftdurchlass. Der Anschluss des Airbrush-Kompressors mit einem 1\/8-Zoll-Gewinde ist f\u00fcr alle g\u00e4ngigen Airbrush-Pistolen geeignet.<\/p>\n<p>Der Airbrush-Kompressor ist ideal f\u00fcr alle Airbrush-Anwendungen &#8211; f\u00fcr Hobby und Beruf, f\u00fcr Airbrush-Einsteiger und Airbrush-Profis.<\/p>\n<p>Die Airbrushpistolen sind Zweistoff-Zerst\u00e4uber. Der Zweistoff-Zerst\u00e4uber arbeitet nach dem Prinzip einer Strahlpumpe, wobei Druckluft als Treibmittel verwendet wird. In Abh\u00e4ngigkeit von der St\u00e4rke des Luftstroms und der Menge der Farbe, kann man mit einer Airbushpistole feinste Linien aber auch gro\u00dfe Fl\u00e4chen malen. Man kann Farbe deckend aufspr\u00fchen aber auch einen transparenten Farbfilm airbrushen.<\/p>\n<p>Bei einer Single-Action-Gun wird mit dem Bedienungshebel die Luftmenge und mit einem anderen Regler die Farbmenge gesteuert. Die maximale Farbmenge kann hinten an der R\u00e4ndelschraube (Farbmengen-Regulierschraube) eingestellt werden.<\/p>\n<p>Das Spr\u00fchmuster der <b>Single-Action-Gun 138<\/b> weist mit einem Umfang von 1\/4 &#8211; 1 1\/2 Zoll eine gro\u00dfe Vielseitigkeit aus. F\u00fcr den Einsatz wird ein Adapter ben\u00f6tigt, um die g\u00e4ngigen 1\/4 Zoll Kompressoranschl\u00fcsse auf den kleinern Schlaudurchmesser zu reduzieren.<\/p>\n<p>Bei einer Double-Action Airbrush werden Luft und Farbmenge mit einem Hebel gesteuert. Durch das Herunterdr\u00fccken des Hebels wird die Luftzufuhr reguliert, durch das gleichzeitige Zur\u00fcckziehen des Hebels wird die Farbmenge variiert. Die maximale Farbmenge kann hinten an der R\u00e4ndelschraube (Farbmengen-Regulierschraube) eingestellt werden.<\/p>\n<p>Bei der internen Farbmischung erfolgt die Zusammenf\u00fchrung von Luft und Farbe direkt im Luftstrom und in oder unmittelbar vor der Pistole. Die Technik ist aufwendiger und teurer, liefert aber ein wesentlich besseres Spritzbild. Die 0,2mm D\u00fcse der Double-Action-Gun 134s gestattet Arbeiten bis auf Haarliniengenauigkeit. Mit einer D\u00fcse von 0,5mm ist die Spr\u00fchpistole <b>Double-Action-Gun 182 D 0,5<\/b> besonders f\u00fcr gro\u00dffl\u00e4chige Arbeiten geeignet.<\/p>\n<p>Die 0,2mm D\u00fcse der <b>Double-Action-Gun 134s<\/b> bringt 1 Metal- und 1 Glasfarbmischer mit, was einen schnellen Farbwechsel gew\u00e4hrleistet. Der Metallbeh\u00e4lter kann seitlich an der Spr\u00fchpistole platziert werden.<\/p>\n<\/div>\n<h3>Muchas buenas razones para comprar este producto:<\/h3>\n<div class=\"sale_motive\">\n<ul>\n<li>vielf\u00e4ltige Einsatzgebiete<\/li>\n<li><b>3 Airbrush Pistolen<\/b> erm\u00f6glichen ein breites Spektrum an Lackierarbeiten<\/li>\n<li>Amplia gama de accesorios<\/li>\n<ul>\n<li><strong>energieeffizienter Einzel-Zylinder Kolbenkompressor<\/strong><\/li>\n<li>Transportable y listo para usar r\u00e1pidamente<\/li>\n<li>Ideal f\u00fcr Pistolen mit geringem Luftdurchlass<\/li>\n<li>kompaktes und sch\u00f6nes Design<\/li>\n<li><strong>Autostop Automatik (4 bar-Stop | 3 bar-Start)<\/strong><\/li>\n<li>Sin aceite ni mantenimiento<\/li>\n<li>Trabajo perfecto gracias a la presi\u00f3n de trabajo constante<\/li>\n<li>Conexi\u00f3n: rosca de 0,3 cm (1\/8\u2033) para todas las pistolas de aer\u00f3grafo habituales.<\/li>\n<li>Ideal para uso m\u00f3vil<\/li>\n<li>Protecci\u00f3n t\u00e9rmica<\/li>\n<li><strong>integrierter Durchfluss- und Druckregler, Manometer, Wasserabscheider<\/strong><\/li>\n<li>integrierter Luft-Tank mit Druckluftreserve 3L<\/li>\n<li>Sicherheitsventil<\/li>\n<li><strong>fl\u00fcsterleiser Betrieb ca. 47dB<\/strong> (Zum Vergleich: eine normale Sprache in 1 m Abstand = 60dB)<\/li>\n<\/ul>\n<\/ul><\/div>","protected":false},"excerpt":{"rendered":"<p>Ideal f\u00fcr Kosmetik &#038; Beauty (Airbrush Nail-Art, Makeup, Haart\u00f6nung, Haarpflege, Spray Tanning), K\u00f6rper-Kunst (Body-Painting, Tattoo, Maskengestaltung), Hobby (Blumen\/ Gestecke, Modellbau,<\/p>","protected":false},"featured_media":36769,"comment_status":"open","ping_status":"closed","template":"","meta":[],"product_cat":[213],"product_tag":[],"class_list":{"0":"post-30137","1":"product","2":"type-product","3":"status-publish","4":"has-post-thumbnail","6":"product_cat-airbrush-sets-mit-farben","8":"first","9":"instock","10":"taxable","11":"shipping-taxable","12":"purchasable","13":"product-type-simple"},"_links":{"self":[{"href":"http:\/\/igel.wovodo.de:8085\/es\/wp-json\/wp\/v2\/product\/30137","targetHints":{"allow":["GET"]}}],"collection":[{"href":"http:\/\/igel.wovodo.de:8085\/es\/wp-json\/wp\/v2\/product"}],"about":[{"href":"http:\/\/igel.wovodo.de:8085\/es\/wp-json\/wp\/v2\/types\/product"}],"replies":[{"embeddable":true,"href":"http:\/\/igel.wovodo.de:8085\/es\/wp-json\/wp\/v2\/comments?post=30137"}],"version-history":[{"count":1,"href":"http:\/\/igel.wovodo.de:8085\/es\/wp-json\/wp\/v2\/product\/30137\/revisions"}],"predecessor-version":[{"id":34755,"href":"http:\/\/igel.wovodo.de:8085\/es\/wp-json\/wp\/v2\/product\/30137\/revisions\/34755"}],"wp:featuredmedia":[{"embeddable":true,"href":"http:\/\/igel.wovodo.de:8085\/es\/wp-json\/wp\/v2\/media\/36769"}],"wp:attachment":[{"href":"http:\/\/igel.wovodo.de:8085\/es\/wp-json\/wp\/v2\/media?parent=30137"}],"wp:term":[{"taxonomy":"product_cat","embeddable":true,"href":"http:\/\/igel.wovodo.de:8085\/es\/wp-json\/wp\/v2\/product_cat?post=30137"},{"taxonomy":"product_tag","embeddable":true,"href":"http:\/\/igel.wovodo.de:8085\/es\/wp-json\/wp\/v2\/product_tag?post=30137"}],"curies":[{"name":"wp","href":"https:\/\/api.w.org\/{rel}","templated":true}]}}