{"id":30040,"date":"2024-10-31T14:05:31","date_gmt":"2024-10-31T13:05:31","guid":{"rendered":"http:\/\/igel.wovodo.de:8085\/product\/6-tiefbrunnenpumpe-brunnen-star-3000-4-400v\/"},"modified":"2025-01-27T12:28:22","modified_gmt":"2025-01-27T11:28:22","slug":"6-tiefbrunnenpumpe-brunnen-star-3000-4-400v","status":"publish","type":"product","link":"http:\/\/igel.wovodo.de:8085\/es\/product\/6-tiefbrunnenpumpe-brunnen-star-3000-4-400v\/","title":{"rendered":"6&#8243; Tiefbrunnenpumpe BRUNNEN-STAR 3000-4-400V"},"content":{"rendered":"<div class=\"sale_application\">\n<ul>\n<li>f\u00fcr Tiefbrunnenbohrungen bis ca 55m Tiefe und ab ca 180mm Durchmesser<\/li>\n<li>zur Hauswasserversorgung<\/li>\n<li>zur Bew\u00e4sserung<\/li>\n<li>zur Beregnung<\/li>\n<li>f\u00fcr Anwendungen im Umweltschutz<\/li>\n<li>bei Grundwasserabsenkung<\/li>\n<li>para llenar recipientes<\/li>\n<\/ul><\/div>\n<div class=\"sale_description\">\n<p>Die robuste, stabile Tiefbrunnenpumpe aus rostfreiem Edelsstahl f\u00fcr tiefe Brunnenbohrungen erbringt eine Leistung von 3000 Watt und ist f\u00fcr eine Spannung von 400 Volt ausgelegt. Mit dieser robusten Tiefbrunnenpumpe ist die F\u00f6rderung von Wasser aus extrem tiefen Bohrungen, Brunnen bzw. Wasserreservoirs kein Problem. Sie f\u00f6rdert dies mit hohem Druck weiter an die Abnahmestelle.<\/p>\n<p>Die leistungsstarke Tiefbrunnenpumpe hat einen hochwertigen gekapselten Motor und erbringt F\u00f6rdermenge von bis zu 18.000l\/h. Die maximale F\u00f6rderh\u00f6he betr\u00e4gt 78m und der maximale F\u00f6rderdruck liegt bei 7,8bar. Bitte beachten Sie, dass die F\u00f6rderleistung bei steigender F\u00f6rderh\u00f6he entsprechend abnimmt.<br \/>\nDie Kabell\u00e4nge betr\u00e4gt 15m.<\/p>\n<p>Bei gleicher elektrischer Leistung f\u00f6rdert diese Pumpe dank besonderen Bauweise wesentlich mehr Wasser als andere Pumpen mit vergleichbarem Energie-Verbrauch.<\/p>\n<\/div>\n<h3>Muchas buenas razones para comprar este producto:<\/h3>\n<div class=\"sale_motive\">\n<ul>\n<li>leistungsstark<\/li>\n<li>400 Volt Spannung<\/li>\n<li>robust &amp; stabil<\/li>\n<li>Qmax 18.000l\/h | Pmax 7,8bar | Hmax 78m<\/li>\n<\/ul>\n<\/div>","protected":false},"excerpt":{"rendered":"<p>Leistungsstarke Brunnenpumpe<br \/>\n  6 Zoll | 380-400V | 3000W<br \/>\n  Hmax. 78m | Qmax. 18.000l\/h | Pmax. 7,8bar<\/p>","protected":false},"featured_media":31400,"comment_status":"open","ping_status":"closed","template":"","meta":[],"product_cat":[326,301,325,299],"product_tag":[],"class_list":{"0":"post-30040","1":"product","2":"type-product","3":"status-publish","4":"has-post-thumbnail","6":"product_cat-5-u-6-brunnenpumpen","7":"product_cat-400-volt-brunnenpumpen","8":"product_cat-6-zoll-brunnenpumpen","9":"product_cat-klarwasserpumpe","11":"first","12":"instock","13":"taxable","14":"shipping-taxable","15":"purchasable","16":"product-type-simple"},"_links":{"self":[{"href":"http:\/\/igel.wovodo.de:8085\/es\/wp-json\/wp\/v2\/product\/30040","targetHints":{"allow":["GET"]}}],"collection":[{"href":"http:\/\/igel.wovodo.de:8085\/es\/wp-json\/wp\/v2\/product"}],"about":[{"href":"http:\/\/igel.wovodo.de:8085\/es\/wp-json\/wp\/v2\/types\/product"}],"replies":[{"embeddable":true,"href":"http:\/\/igel.wovodo.de:8085\/es\/wp-json\/wp\/v2\/comments?post=30040"}],"version-history":[{"count":4,"href":"http:\/\/igel.wovodo.de:8085\/es\/wp-json\/wp\/v2\/product\/30040\/revisions"}],"predecessor-version":[{"id":39459,"href":"http:\/\/igel.wovodo.de:8085\/es\/wp-json\/wp\/v2\/product\/30040\/revisions\/39459"}],"wp:featuredmedia":[{"embeddable":true,"href":"http:\/\/igel.wovodo.de:8085\/es\/wp-json\/wp\/v2\/media\/31400"}],"wp:attachment":[{"href":"http:\/\/igel.wovodo.de:8085\/es\/wp-json\/wp\/v2\/media?parent=30040"}],"wp:term":[{"taxonomy":"product_cat","embeddable":true,"href":"http:\/\/igel.wovodo.de:8085\/es\/wp-json\/wp\/v2\/product_cat?post=30040"},{"taxonomy":"product_tag","embeddable":true,"href":"http:\/\/igel.wovodo.de:8085\/es\/wp-json\/wp\/v2\/product_tag?post=30040"}],"curies":[{"name":"wp","href":"https:\/\/api.w.org\/{rel}","templated":true}]}}