{"id":29983,"date":"2024-10-31T14:04:51","date_gmt":"2024-10-31T13:04:51","guid":{"rendered":"http:\/\/igel.wovodo.de:8085\/product\/b-ware-2-brunnenpumpe-brunnen-star-370-5\/"},"modified":"2025-01-27T12:28:06","modified_gmt":"2025-01-27T11:28:06","slug":"b-ware-2-brunnenpumpe-brunnen-star-370-5","status":"publish","type":"product","link":"http:\/\/igel.wovodo.de:8085\/es\/product\/b-ware-2-brunnenpumpe-brunnen-star-370-5\/","title":{"rendered":"B-Ware 2&#8243;-Brunnenpumpe BRUNNEN-STAR 370-5"},"content":{"rendered":"<div class=\"sale_application\"><font color=\"FF0000\"><b>B-Ware:<\/b><\/p>\n<ul>\n<li>leichte optische Fehler (z.B. kleine Kratzer etc.)<\/li>\n<li>voll funktionsf\u00e4higes Produkt<\/li>\n<li>reduzierte gesetzliche Gew\u00e4hrleistung auf max. 1 Jahr<\/li>\n<\/ul>\n<p><\/font><\/p>\n<ul>\n<li> Tiefbrunnenbohrungen bis ca 25-35m Tiefe und ab ca 60mm Durchmesser<\/li>\n<li>f\u00fcr private und industrielle Anwendungen\n<\/li>\n<li>zur Hauswasserversorgung\n<\/li>\n<li>zur Bew\u00e4sserung\n<\/li>\n<li>zur Beregnung\n<\/li>\n<li>f\u00fcr Anwendungen im Umweltschutz\n<\/li>\n<li>bei Grundwasserabsenkung\n<\/li>\n<li>para llenar recipientes<\/li>\n<\/ul><\/div>\n<div class=\"sale_description\">\n<p><strong>Robuste, stabile und besonders schlanke&nbsp;Tiefbrunnenpumpe aus rostfreiem Edelsstahl<\/strong> f\u00fcr tiefe Brunnenbohrungen (bis ca 25-35m). Mit dieser robusten Brunnenpumpe ist die F\u00f6rderung von Wasser aus extrem tiefen Bohrungen, Brunnen bzw. Wasserreservoirs kein Problem. Diese Brunnenpumpe f\u00f6rdert mit hohem Druck weiter an die Abnahmestelle. Bei gleicher elektrischen Leistung f\u00f6rdert diese Tiefbrunnenpumpe dank der besonderen Bauweise wesentlich mehr Wasser als andere Tiefbrunnenpumpen. Daher bezeichnen wir diese Brunnenpumpe als echte ENERGIE-SPARPUMPE!\n<\/p>\n<p>Mit 2 Zoll wird die Brunnenpumpe zur Probleml\u00f6serin: Die schlanke Tiefbrunnenpumpe hat einen&nbsp;<strong>Durchmesser von nur ca. 51mm<\/strong>. Die Brunnenpumpe kann optimal in engen Sch\u00e4chten mit einem Mindest-Durchmesser von 60mm eingesetzt werden.<\/p>\n<p>Die 2-Zoll-Brunnenpumpe ist eine <strong>mehrstufige zuverl\u00e4ssige Tauchdruckpumpe<\/strong>. Ein Kabel in der L\u00e4nge von 20m inkl. Stecker ist im Lieferumfang enthalten.<\/p>\n<p>Die maximale F\u00f6rdermenge dieser schmalen Tiefbrunnenpumpe betr\u00e4gt <strong>16 l\/min (0,96cbm\/h)<\/strong>, die maximale F\u00f6rderh\u00f6he <strong>51m<\/strong> und der maximale F\u00f6rderdruck <strong>5,1 bar<\/strong>. Bitte beachten Sie, dass die F\u00f6rderleistung bei steigender F\u00f6rderh\u00f6he entsprechend abnimmt.<\/p>\n<p>Den optimalen Wirkungsgrad erreicht die Tiefbrunnenpumpe bei 11l\/min (0.7 cbm\/h) und 25-30m F\u00f6rderh\u00f6he. Mit <strong>370 Watt<\/strong> Leistungsaufnahme ist diese Brunnenpumpe nicht nur eine Probleml\u00f6serin f\u00fcr enge Bohrungen, sondern auch eine echte <strong>Energiespar-Brunenpumpe!<\/strong><\/p>\n<p style=\"font-weight:bold;color:red\">Hier wird auf Dauer bares Geld gespart!<\/p>\n<p>F\u00fcr die optimale Verwendung empfehlen wir Ihnen den Einsatz der verkabelten INVERTER-Pumpensteuerung 2-0,75KW 230V\/1*230V.<\/p>\n<p> Die Pumpensteuerung INVERTER-Pumpensteuerung 2-0,75kW 230V\/1*230 ist ein variabler Frequenz-Controller f\u00fcr eine einphasige 230-Volt-Pumpe, bis max. 750 Watt Nenn-Leistung, basierend auf der innovativen in der Industrie bew\u00e4hrten Technologie. Die Inverter-Pumpensteuerung schaltet die Pumpe sanft ein und passt die Drehzahl der Pumpe dem eingestellten Druck an.\n<\/p>\n<p>\n  <b>Weitere Informationen \u00fcber<\/b> <a target=\"blank\" href=\"https:\/\/www.profi-pumpe.de\/BRUNNENPUMPEN\/Zubehoer-Brunnenpumpe\/INVERTER-Pumpensteuerung-2-0-75KW-230V\/1-230V-verkabelt::1716.html\">INVERTER-Pumpensteuerung 2-0,75KW 230V\/1*230V-verkabelt<\/a>.\n<\/p>\n<p>Bitte beachten: F\u00fcr die richtige Funktion der INVERTER-Pumpensteuerung MUSS ein Druckausdehnungsgef\u00e4\u00df \/Drucktank  in der Druckleitung in unmittelbarer N\u00e4he der Steuerung vorhanden sein. Bei unserer Zubeh\u00f6r-Auswahl k\u00f6nnen Sie f\u00fcr einen kleinen Aufpreis einen hochwertigen Drucktank mitbestellen.<\/p>\n<p><b>Sie m\u00f6chten die Brunnenpumpe mit einem anderen Druckschalter kombinieren?<\/b><br \/>\n  Stellen Sie sich Ihr Set einfach selbst zusammen. St\u00f6bern Sie in unserem Shop und profitieren Sie von unserer gro&szlig;en Auswahl an&#8230;<\/p>\n<ol>\n<li><a href=\"https:\/\/www.profi-pumpe.de\/BRUNNENPUMPEN:::16.html\"target=\"_blank\">Brunnenpumpen<\/a><\/li>\n<li><a href=\"https:\/\/www.profi-pumpe.de\/PUMPENSTEUERUNG:::25.html\"target=\"_blank\">Pumpensteuerungen<\/a><\/ol>\n<\/div>\n<h3>Muchas buenas razones para comprar este producto:<\/h3>\n<div class=\"sale_motive\">\n<ul>\n<li>durch<span class=\"high\"> wartungs- und leckfreie mechanische Dichtung<\/span>(Graphite-Ceramic\/TC) sowie Dauerschmierung (\u00d6lkammer) hat die Tiefbrunnenpumpe viel h\u00f6here Lebensdauer als herk\u00f6mmliche Brunnenpumpen <\/li>\n<li>leistungsstarke, solide Qualit\u00e4ts-Tiefbrunnenpumpe mit max<span class=\"high\"> 5,1bar<\/span> und max <span class=\"high\">960l\/h<\/span><\/li>\n<li>f\u00fcr tiefe Brunnenbohrungen bis ca. 25-35m <\/li>\n<li class=\"high2&quot;\">Max. Pumpenbreite: 55mm  <\/li>\n<li>ausgezeichnetes Preis- \/ Leistungsverh\u00e4ltnis! <\/li>\n<li>solide, kompakt und zuverl\u00e4ssig <\/li>\n<li>robustes rostfreies Edelstahlgeh\u00e4use mit Messingteilen <\/li>\n<li>keine Ansaugung von Bodensediment durch seitliche Ansaugung <\/li>\n<li>hochwertiger gekapselter Elektromotor <\/li>\n<li>Steckerfertig! Kondensator in der Tiefbrunnenpumpe integriert (ein Vorteil, da die Verdrahtung durch Elektriker entf\u00e4llt)) <\/li>\n<\/ul>\n<\/div>","protected":false},"excerpt":{"rendered":"<p>Leistungsstarke, mehrstufige Brunnenpumpe mit 370Watt<br \/>F\u00f6rderdruck max. 5,1 bar&nbsp;| <span style=\"color: black\">Qmax.&nbsp;960 L\/h<br \/><\/span>F\u00f6rderh\u00f6he max. 51m | Brunnentiefe&nbsp;ca. 25-35m<br \/>mit 20m Kabel und Stecker<\/p>\n<p><strong>Probleml\u00f6sung f\u00fcr enge Bohrungen:<br \/>Die 2-Zoll schlanke, energiesparende&nbsp;Brunnenpumpe!<\/strong><\/p>","protected":false},"featured_media":31123,"comment_status":"open","ping_status":"closed","template":"","meta":[],"product_cat":[261,214],"product_tag":[],"class_list":{"0":"post-29983","1":"product","2":"type-product","3":"status-publish","4":"has-post-thumbnail","6":"product_cat-b-ware-3-brunnenpumpen","7":"product_cat-b-ware-brunnenpumpen","9":"first","10":"instock","11":"sale","12":"taxable","13":"shipping-taxable","14":"purchasable","15":"product-type-simple"},"_links":{"self":[{"href":"http:\/\/igel.wovodo.de:8085\/es\/wp-json\/wp\/v2\/product\/29983","targetHints":{"allow":["GET"]}}],"collection":[{"href":"http:\/\/igel.wovodo.de:8085\/es\/wp-json\/wp\/v2\/product"}],"about":[{"href":"http:\/\/igel.wovodo.de:8085\/es\/wp-json\/wp\/v2\/types\/product"}],"replies":[{"embeddable":true,"href":"http:\/\/igel.wovodo.de:8085\/es\/wp-json\/wp\/v2\/comments?post=29983"}],"version-history":[{"count":1,"href":"http:\/\/igel.wovodo.de:8085\/es\/wp-json\/wp\/v2\/product\/29983\/revisions"}],"predecessor-version":[{"id":34605,"href":"http:\/\/igel.wovodo.de:8085\/es\/wp-json\/wp\/v2\/product\/29983\/revisions\/34605"}],"wp:featuredmedia":[{"embeddable":true,"href":"http:\/\/igel.wovodo.de:8085\/es\/wp-json\/wp\/v2\/media\/31123"}],"wp:attachment":[{"href":"http:\/\/igel.wovodo.de:8085\/es\/wp-json\/wp\/v2\/media?parent=29983"}],"wp:term":[{"taxonomy":"product_cat","embeddable":true,"href":"http:\/\/igel.wovodo.de:8085\/es\/wp-json\/wp\/v2\/product_cat?post=29983"},{"taxonomy":"product_tag","embeddable":true,"href":"http:\/\/igel.wovodo.de:8085\/es\/wp-json\/wp\/v2\/product_tag?post=29983"}],"curies":[{"name":"wp","href":"https:\/\/api.w.org\/{rel}","templated":true}]}}