{"id":29958,"date":"2024-10-31T14:04:34","date_gmt":"2024-10-31T13:04:34","guid":{"rendered":"http:\/\/igel.wovodo.de:8085\/product\/profi-airbrush-kompressor-duo-power-ii-c-set-i-mit-single-action-gun-138-d-08\/"},"modified":"2025-01-27T12:27:58","modified_gmt":"2025-01-27T11:27:58","slug":"profi-airbrush-kompressor-duo-power-ii-c-set-i-mit-single-action-gun-138-d-08","status":"publish","type":"product","link":"http:\/\/igel.wovodo.de:8085\/es\/product\/profi-airbrush-kompressor-duo-power-ii-c-set-i-mit-single-action-gun-138-d-08\/","title":{"rendered":"Profi-AirBrush Kompressor DUO-Power II-C Set I mit Single-Action-Gun 138 D 0,8"},"content":{"rendered":"<div class=\"sale_application\">\n<b><\/p>\n<p>Ideal para cosm\u00e9tica y belleza (decoraci\u00f3n de u\u00f1as con aer\u00f3grafo, maquillaje, coloraci\u00f3n del cabello, cuidado del cabello, bronceado en spray), arte corporal (pintura corporal, tatuaje, dise\u00f1o de m\u00e1scaras), pasatiempos (flores\/arreglos florales, modelismo, cer\u00e1mica\/alfarer\u00eda, textiles), peque\u00f1os dise\u00f1os de autom\u00f3viles (tapones de gasolina\/cascos), ilustraciones t\u00e9cnicas\/retoques fotogr\u00e1ficos y decoraci\u00f3n de alimentos (tartas\/cupcakes). Las posibilidades de la aerograf\u00eda son pr\u00e1cticamente ilimitadas.<\/p>\n<p><\/b> <\/div>\n<div class=\"sale_description\">\n<p>Dieser &ouml;l- und wartungsfreie Airbrush <b>Kompressor DUO-Power II-C mit Schutzgeh&auml;use<\/b> ist f\u00fcr Arbeiten mit allen handels&uuml;blichen Airbrush-Farben geeignet. Mit nur 49 dB erm&ouml;glicht er angenehmes Arbeiten auch in kleineren, geschlossenen R&auml;umen. Sein kompaktes Design und der <b>integrierte Tragegriff<\/b> erleichtern den mobilen Einsatz.<\/p>\n<p>Der Airbrushkompressor verf&uuml;gt \u00fcber einen Lufttank. Durch den <b>integrierten 3,5l-Lufttank<\/b> ist ein perfektes Arbeiten durch gleichbleibenden Luftdruck m&ouml;glich. Der Airbrush-Kompressor ist mit einer <b>Auto-Stop-Automatik<\/b> ausgestattet. Der Autostop erfolgt bei einem Druck von 4bar und bei 3bar wird der Kompressor wieder gestartet. Der Airbrush-Kompressor <b>mit Lufttank<\/b> gew&auml;hrleistet einen kr&auml;ftigen und hohen Luftdurchsatz. Die Abschaltautomatik erm&ouml;glicht einen stromsparenden und ger&auml;teschonenden Betrieb. <\/p>\n<p>Der Airbrush-Kompressor ist ein <b>energieeffizienter Zwei-Zylinder-Kolben-Kompressor<\/b>. Er hat neben einem integrierten Lufttank auch einen <b>integrierten Manometer, Luftfilter sowie Druck- und Durchflussregler<\/b>. Im Lieferumfang des Airbrushkompressors mit Netzschalter ist au&szlig;erdem ein Sicherheits- und R&uuml;ckschlagventil enthalten.<\/p>\n<p>Die Airbrush-Pistole <strong>&#8220;Airbrushpistole Profi-AirBrush Single-Action-Gun-1 138 D 0,8&#8221;<\/strong> ist ein Zweistoff-Zerst\u00e4uber, der nach dem Prinzip einer Strahlpumpe arbeitet, wobei Druckluft als Treibmittel verwendet wird.<br \/>\n  In Abh\u00e4ngigkeit von der St\u00e4rke des Luftstroms und der Menge der Farbe, kann man mit einer Airbushpistole feinste Linien, aber auch gro\u00dfe Fl\u00e4chen malen. Man kann Farbe deckend aufspr\u00fchen, aber auch einen transparenten Farbfilm airbrushen.<\/p>\n<p>Das Spr\u00fchmuster dieser Pistole weist mit einem Umfang von 1\/4 &#8211; 1 1\/2 Zoll eine gro\u00dfe Vielseitigkeit aus. F\u00fcr den Einsatz wird ein Adapter ben\u00f6tigt, um die g\u00e4ngigen 1\/4 Zoll Kompressoranschl\u00fcsse auf den kleineren Schlauchdurchmesser zu reduzieren.<\/p>\n<\/div>\n<h3>Muchas buenas razones para comprar este producto:<\/h3>\n<div class=\"sale_motive\">\n<ul>\n<li>Airbrush-Pistole mit 0,8mm NADEL\/D\u00dcSE<\/li>\n<\/ul>\n<ul>\n<li>Kompressor mit <b>2-Zylindertechnik <\/b>mit bis zu <b>35-40 l\/min<\/b> bei konstantem Druck<\/li>\n<li>energieeffizienter Zwei-Zylinder Kolbenkompressor mit Schutzgeh\u00e4use<\/li>\n<li>vielf\u00e4ltige Einsatzgebiete\n  <\/li>\n<li>Transportable y listo para usar r\u00e1pidamente<\/li>\n<li>Ideal f\u00fcr Pistolen mit geringem Luftdurchlass<\/li>\n<li>kompaktes und sch\u00f6nes Design<\/li>\n<li><b>Autostop Automatik (4bar-Stop | 3bar-Start)<\/b><\/li>\n<li>Sin aceite ni mantenimiento<\/li>\n<li>Trabajo perfecto gracias a la presi\u00f3n de trabajo constante<\/li>\n<li>Anschluss: 0,3 cm (1\/8&#8243;) Gewinde f\u00fcr alle g\u00e4ngigen Airbrush Pistolen<\/li>\n<li>Ideal para uso m\u00f3vil<\/li>\n<li>Protecci\u00f3n t\u00e9rmica<\/li>\n<li>integrierter Durchfluss- und Druckregler, Manometer, Wasserabscheider<\/li>\n<li>integrierter Luft-Tank mit Druckluftreserve  3,5l<\/li>\n<li><b>Sicherheits- und R\u00fcckschlagventil<\/b><\/li>\n<li>fl\u00fcsterleiser Betrieb ca. 49 dB (Zum Vergleich: eine normale Sprache in 1 m Abstand = 60 dB)<\/li>\n<\/ul>\n<\/div>","protected":false},"excerpt":{"rendered":"<p>Leistungsstarker, robuster <strong>Compresor de aer\u00f3grafo<\/strong> mit Schutzgeh\u00e4use | mit 3,5L Druckkessel  | max. Druck: 6bar | max. Luftabgabemenge: 30-35 l\/min | 190 Watt<\/p>\n<p><strong>Ideal f\u00fcr Profis in der Airbrush Technik!<\/strong><\/p>","protected":false},"featured_media":30980,"comment_status":"open","ping_status":"closed","template":"","meta":[],"product_cat":[217,185],"product_tag":[],"class_list":{"0":"post-29958","1":"product","2":"type-product","3":"status-publish","4":"has-post-thumbnail","6":"product_cat-profi-set-mit-kompressor","7":"product_cat-airbrush-sets","9":"first","10":"instock","11":"taxable","12":"shipping-taxable","13":"purchasable","14":"product-type-simple"},"_links":{"self":[{"href":"http:\/\/igel.wovodo.de:8085\/es\/wp-json\/wp\/v2\/product\/29958","targetHints":{"allow":["GET"]}}],"collection":[{"href":"http:\/\/igel.wovodo.de:8085\/es\/wp-json\/wp\/v2\/product"}],"about":[{"href":"http:\/\/igel.wovodo.de:8085\/es\/wp-json\/wp\/v2\/types\/product"}],"replies":[{"embeddable":true,"href":"http:\/\/igel.wovodo.de:8085\/es\/wp-json\/wp\/v2\/comments?post=29958"}],"version-history":[{"count":1,"href":"http:\/\/igel.wovodo.de:8085\/es\/wp-json\/wp\/v2\/product\/29958\/revisions"}],"predecessor-version":[{"id":34580,"href":"http:\/\/igel.wovodo.de:8085\/es\/wp-json\/wp\/v2\/product\/29958\/revisions\/34580"}],"wp:featuredmedia":[{"embeddable":true,"href":"http:\/\/igel.wovodo.de:8085\/es\/wp-json\/wp\/v2\/media\/30980"}],"wp:attachment":[{"href":"http:\/\/igel.wovodo.de:8085\/es\/wp-json\/wp\/v2\/media?parent=29958"}],"wp:term":[{"taxonomy":"product_cat","embeddable":true,"href":"http:\/\/igel.wovodo.de:8085\/es\/wp-json\/wp\/v2\/product_cat?post=29958"},{"taxonomy":"product_tag","embeddable":true,"href":"http:\/\/igel.wovodo.de:8085\/es\/wp-json\/wp\/v2\/product_tag?post=29958"}],"curies":[{"name":"wp","href":"https:\/\/api.w.org\/{rel}","templated":true}]}}