{"id":36652,"date":"2024-12-03T18:14:47","date_gmt":"2024-12-03T17:14:47","guid":{"rendered":"http:\/\/igel.wovodo.de:8085\/product\/diesel-star-160-4-2-automatic-230v-mit-zubehoer-paket-2\/"},"modified":"2025-01-27T12:32:40","modified_gmt":"2025-01-27T11:32:40","slug":"diesel-star-160-4-2-automatic-230v-mit-zubehoer-paket-2","status":"publish","type":"product","link":"http:\/\/igel.wovodo.de:8085\/en\/product\/diesel-star-160-4-2-automatic-230v-mit-zubehoer-paket-2\/","title":{"rendered":"Diesel Star 160-4.2 - Automatic 230V with accessories package 2"},"content":{"rendered":"<div class=\"sale_application\">\n<ul>\n<li>Filling, pumping, decanting, emptying diesel and heating oil tanks<\/li>\n<\/ul>\n<\/div>\n<div class=\"sale_description\">\n<p>Die DIESEL STAR 160-4.2 &#8211; Automatic ist eine selbstansaugende elektrische 230-Volt-Dieselpumpe.<\/p>\n<p>Die 230 Volt Dieselpumpe <b>mit START\/STOP Automatik<\/b> ist <b>selbstansaugend<\/b> nach erster Bef\u00fcllung\/Entl\u00fcftung. Die maximale F\u00f6rderleistung der 230V-Dieselpumpe betr\u00e4gt 2700 l\/ h, die maximale F\u00f6rderh\u00f6he 10 m.<\/p>\n<p>Die Automatik-Pumpe <b>mit R\u00fcckschlagventil<\/b> schaltet sich beim Bet\u00e4tigen der Zapfpistole selbst\u00e4ndig an und schaltet sich ab, wenn die Zapfpistole geschlossen wird. Das ist nicht nur bequem, sondern sch\u00fctzt die Pumpe vor unn\u00f6tigem Verschlei\u00df.<\/p>\n<p>Bitte beachten: Die F\u00f6rderleistung nimmt bei steigender F\u00f6rderh\u00f6he entsprechend ab.<\/p>\n<p>Das isolierende Kunststoffgeh\u00e4use der 230-Volt-Dieselpumpe sorgt f\u00fcr eine sichere Handhabung. Der Ein- und Ausschalter hat eine Sicherheitsvorrichtung.<\/p>\n<p>  <iframe width=\"560\" height=\"315\" src=\"https:\/\/www.youtube-nocookie.com\/embed\/4a2UMi1KyzQ?si=zdr4XyR7Phjm5wa0&#038;rel=0\" title=\"YouTube video player\" frameborder=\"0\" allow=\"accelerometer; autoplay; clipboard-write; encrypted-media; gyroscope; picture-in-picture; web-share\" allowfullscreen=\"\"><\/iframe><\/p>\n<p>All pumps are individually tested for function. Residues of the test fluid may therefore be present in the pump \/ packaging.<\/p>\n<p>The pumps and the suction line must be filled with diesel without bubbles during commissioning. The non-return valve must be fitted at the end of the suction line and must be tight.<\/p>\n<\/p>\n<h3>Inklusive Zubeh\u00f6r Paket 2<\/h3>\n<p>Umfangreiches Zubeh\u00f6r-Set f\u00fcr Dieselpumpen in bew\u00e4hrter Qualit\u00e4t: Diesel-Zapfpistole mit Schlauch, R\u00fcckschlagventil sowie Anschlusszubeh\u00f6r. Die hochwertige Diesel-Zapfpistole verf\u00fcgt \u00fcber eine Abschalt-Automatik und eine Durchfluss-Verrastung. Der Gummi-Schlauch hat eine L\u00e4nge von 6 Metern. Er kann problemlos selbst auf die passende L\u00e4nge zugeschnitten werden.<\/p>\n<p>Das Diesel-Zubeh\u00f6r Paket 2 mit Gummi-Schlauch und Automatik-Zapfpistole ist geeignet f\u00fcr den Einsatz mit Dieselpumpen\/ Heiz\u00f6lpumpen\/ Kraftstoffpumpen, aber auch alle Arten von Wasserpumpen (Tauchpumpen, Brunnenpumpen, Kreiselpumpen, Jetpumpen uvm.)<\/p>\n<\/p>\n<\/div>\n<h3>Many good reasons why you should buy this product:<\/h3>\n<div class=\"sale_motive\">\n<ul>\n<li><b><font color=\"#ff0000\">Mit START\/STOP Automatik f\u00fcr optimale Handhabung und Pumpenschutz<\/font><\/b><\/li>\n<li>Saugstark, selbstansaugend und bequem<\/li>\n<li>Proven quality<\/li>\n<li>F\u00f6rdermenge max. 2.700l\/h<\/li>\n<li>Safe handling thanks to insulating plastic housing<\/li>\n<li>\"On\" and \"Off\" switch with safety device<\/li>\n<\/ul>\n<ul>\n<li>mit zus\u00e4tzlichem Zubeh\u00f6r Paket 2, inkl. Schlauch, R\u00fcckschlagventil und Zapfpistole&#8230;<\/li>\n<\/ul>\n<\/div>","protected":false},"excerpt":{"rendered":"<p>230-Volt-Diesel-Pumpe mit Start\/Stop Automatik mit Zubeh\u00f6r Paket 2<br \/>\nF\u00f6rdermenge max. 2700 l\/h<br \/>\nselbstansaugend | kraftvoll | robust<\/p>","protected":false},"featured_media":39805,"comment_status":"open","ping_status":"closed","template":"","meta":[],"product_cat":[228,229,436],"product_tag":[],"class_list":{"0":"post-36652","1":"product","2":"type-product","3":"status-publish","4":"has-post-thumbnail","6":"product_cat-diesel-pumpen-sets","7":"product_cat-230v-pumpen","8":"product_cat-automatic-pumpen","10":"first","11":"instock","12":"featured","13":"taxable","14":"shipping-taxable","15":"purchasable","16":"product-type-simple"},"_links":{"self":[{"href":"http:\/\/igel.wovodo.de:8085\/en\/wp-json\/wp\/v2\/product\/36652","targetHints":{"allow":["GET"]}}],"collection":[{"href":"http:\/\/igel.wovodo.de:8085\/en\/wp-json\/wp\/v2\/product"}],"about":[{"href":"http:\/\/igel.wovodo.de:8085\/en\/wp-json\/wp\/v2\/types\/product"}],"replies":[{"embeddable":true,"href":"http:\/\/igel.wovodo.de:8085\/en\/wp-json\/wp\/v2\/comments?post=36652"}],"version-history":[{"count":5,"href":"http:\/\/igel.wovodo.de:8085\/en\/wp-json\/wp\/v2\/product\/36652\/revisions"}],"predecessor-version":[{"id":39554,"href":"http:\/\/igel.wovodo.de:8085\/en\/wp-json\/wp\/v2\/product\/36652\/revisions\/39554"}],"wp:featuredmedia":[{"embeddable":true,"href":"http:\/\/igel.wovodo.de:8085\/en\/wp-json\/wp\/v2\/media\/39805"}],"wp:attachment":[{"href":"http:\/\/igel.wovodo.de:8085\/en\/wp-json\/wp\/v2\/media?parent=36652"}],"wp:term":[{"taxonomy":"product_cat","embeddable":true,"href":"http:\/\/igel.wovodo.de:8085\/en\/wp-json\/wp\/v2\/product_cat?post=36652"},{"taxonomy":"product_tag","embeddable":true,"href":"http:\/\/igel.wovodo.de:8085\/en\/wp-json\/wp\/v2\/product_tag?post=36652"}],"curies":[{"name":"wp","href":"https:\/\/api.w.org\/{rel}","templated":true}]}}