{"id":30774,"date":"2024-10-31T14:12:59","date_gmt":"2024-10-31T13:12:59","guid":{"rendered":"http:\/\/igel.wovodo.de:8085\/product\/erdeinbau-filter-e250-mit-05-mm-sieb-selbstreinigend-bis-250qm-dachflaechen\/"},"modified":"2025-01-27T12:32:09","modified_gmt":"2025-01-27T11:32:09","slug":"erdeinbau-filter-e250-mit-05-mm-sieb-selbstreinigend-bis-250qm-dachflaechen","status":"publish","type":"product","link":"http:\/\/igel.wovodo.de:8085\/en\/product\/erdeinbau-filter-e250-mit-05-mm-sieb-selbstreinigend-bis-250qm-dachflaechen\/","title":{"rendered":"Erdeinbau-Filter E250 mit 0,5 mm Sieb, selbstreinigend, bis 250qm Dachfl\u00e4chen"},"content":{"rendered":"<div class=\"sale_description\">\n<p>Der Regenfilter E250 wird direkt in das Erdreich oder den Regenspeicher eingebaut. Er filtert dort s\u00e4mtlichen Schmutz aus dem Regenwasser, der gr\u00f6\u00dfer als 500\u00b5m (0,5mm) ist. Dieser Filter ist vor allem f\u00fcr 1-2-Familienh\u00e4user geeignet und bietet einen der h\u00f6chsten Wirkungsgrade auf dem Markt &#8211; ca. 95% &#8211; das best\u00e4tigt auch ein unabh\u00e4ngiges Gutachten.<\/p>\n<p>Der H\u00f6henversatz zwischen dem Zulauf vom Dach und dem Ablauf in den Kanal ist bei diesem Erdfilter besonders gering, nur 18cm. Dadurch eignet sich dieser Filter auch f\u00fcr Beton-Zisternen.<\/p>\n<p>In der Standard-Ausf\u00fchrung wird der Filter mit einem 500\u00b5m- \/ 0,5mm-Sieb geliefert. Je nach Art des Schmutzes sind auch die Gr\u00f6\u00dfen 200\u00b5m \/ 0,2mm<\/p>\n<p>Dieser Filter l\u00e4sst sich zu einem mehrstufigen Feinstfilter-System aufr\u00fcsten. Mit dem CS1-E250 lassen sich sogar kleinste Partikel von bis zu (2mm) aus dem Regenwasser filtern. Dadurch entf\u00e4llt auch l\u00e4ngerfristig jegliche Tankreinigung.<\/p>\n<\/div>\n<h3>Many good reasons why you should buy this product:<\/h3>\n<div class=\"sale_motive\">\n<ul>\n<li>hoher Wirkungsgrad von bis zu 90%\n<\/li>\n<li>wartungsarm\n<\/li>\n<li>kein \u00dcberlauf mehr erforderlich\n<\/li>\n<li>leichte problemlose Montage\n<\/li>\n<li>geeignet f\u00fcr 1-2 Familenhaus<\/li>\n<\/ul>\n<\/div>","protected":false},"excerpt":{"rendered":"<p>Der Regenfilter E250 wird direkt in das Erdreich oder den Regenspeicher eingebaut. Er filtert dort s\u00e4mtlichen Schmutz aus dem Regenwasser,<\/p>","protected":false},"featured_media":31960,"comment_status":"open","ping_status":"closed","template":"","meta":[],"product_cat":[323,321],"product_tag":[],"class_list":{"0":"post-30774","1":"product","2":"type-product","3":"status-publish","4":"has-post-thumbnail","6":"product_cat-erdeinbaufilter","7":"product_cat-erdeinbau-filter","9":"first","10":"instock","11":"taxable","12":"shipping-taxable","13":"purchasable","14":"product-type-simple"},"_links":{"self":[{"href":"http:\/\/igel.wovodo.de:8085\/en\/wp-json\/wp\/v2\/product\/30774","targetHints":{"allow":["GET"]}}],"collection":[{"href":"http:\/\/igel.wovodo.de:8085\/en\/wp-json\/wp\/v2\/product"}],"about":[{"href":"http:\/\/igel.wovodo.de:8085\/en\/wp-json\/wp\/v2\/types\/product"}],"replies":[{"embeddable":true,"href":"http:\/\/igel.wovodo.de:8085\/en\/wp-json\/wp\/v2\/comments?post=30774"}],"version-history":[{"count":1,"href":"http:\/\/igel.wovodo.de:8085\/en\/wp-json\/wp\/v2\/product\/30774\/revisions"}],"predecessor-version":[{"id":35384,"href":"http:\/\/igel.wovodo.de:8085\/en\/wp-json\/wp\/v2\/product\/30774\/revisions\/35384"}],"wp:featuredmedia":[{"embeddable":true,"href":"http:\/\/igel.wovodo.de:8085\/en\/wp-json\/wp\/v2\/media\/31960"}],"wp:attachment":[{"href":"http:\/\/igel.wovodo.de:8085\/en\/wp-json\/wp\/v2\/media?parent=30774"}],"wp:term":[{"taxonomy":"product_cat","embeddable":true,"href":"http:\/\/igel.wovodo.de:8085\/en\/wp-json\/wp\/v2\/product_cat?post=30774"},{"taxonomy":"product_tag","embeddable":true,"href":"http:\/\/igel.wovodo.de:8085\/en\/wp-json\/wp\/v2\/product_tag?post=30774"}],"curies":[{"name":"wp","href":"https:\/\/api.w.org\/{rel}","templated":true}]}}