{"id":30654,"date":"2024-10-31T14:11:44","date_gmt":"2024-10-31T13:11:44","guid":{"rendered":"http:\/\/igel.wovodo.de:8085\/product\/b-ware-garten-und-zimmerbrunnen-amphore-venus-mit-led-licht\/"},"modified":"2025-01-27T12:31:30","modified_gmt":"2025-01-27T11:31:30","slug":"b-ware-garten-und-zimmerbrunnen-amphore-venus-mit-led-licht","status":"publish","type":"product","link":"http:\/\/igel.wovodo.de:8085\/en\/product\/b-ware-garten-und-zimmerbrunnen-amphore-venus-mit-led-licht\/","title":{"rendered":"B-Ware Garten- und Zimmerbrunnen AMPHORE VENUS mit LED-Licht"},"content":{"rendered":"<div class=\"sale_application\">\n<ul>\n<li>LED-Gartenbrunnen f\u00fcr den Innen- und Au\u00dfenbereich mit 230\/12V-Netzadapter<\/li>\n<\/ul><\/div>\n<div class=\"sale_description\"> <font color=\"FF0000\"><b>B-Ware:<\/b><\/p>\n<ul>\n<li>leichte optische Fehler (z.B. kleine Kratzer etc.)<\/li>\n<li>voll funktionsf\u00e4higes Produkt<\/li>\n<li>reduzierte gesetzliche Gew\u00e4hrleistung auf max. 1 Jahr<\/li>\n<\/ul>\n<p><\/font><\/p>\n<h2>Dekorativ &amp; Wohltuend<\/h2>\n<p>Der Wasserbrunnen AMPHORE VENUS ist f\u00fcr den Innen- und Au\u00dfenbereich geeignet. Betrieben wird der stilvolle Garten- und Zimmerbrunnen mit einem 230\/12-Volt Netzadapter. Mit der wirklichkeitsgetreuen Steindekoration sorgt der Indoor- und Outdoor-Brunnen f\u00fcr eine naturnahe Atmosph\u00e4re und Entspannung. Das Lebenselixier Wasser belebt Wohnzimmer, Esszimmer, Flure und Eingangsbereiche, Winterg\u00e4rten oder Balkone, Terrassen und G\u00e4rten im privaten wie gewerblichen Umfeld.<\/p>\n<h2>Steckfertiges Komplett-Set<\/h2>\n<p>Der Zimmer- und Gartenbrunnen AMPHORE VENUS kommt als Komplett-Set und l\u00e4sst sich leicht instandsetzen.<\/p>\n<h2>Perfekter Blickfang<\/h2>\n<p>Der Garten- und Zimmerbrunnen AMPHORE VENUS ist sowohl bei Tag als auch bei Nacht der perfekte Blickfang. Die mitgelieferte LED-Beleuchtung sorgt f\u00fcr die perfekte Illumination. Die LED-Lichter des austauschbaren LED-Rings erstrahlen in einem klassischen Wei\u00df.<\/p>\n<h2>Werthaltig, best\u00e4ndig &amp; betriebssicher<\/h2>\n<p>Der wirkungsvolle Zierbrunnen AMPHORE VENUS ist f\u00fcr den 230-Volt-Betrieb vorgesehen. Die Pumpe und die LEDs werden mit sicherer 12V-Niederspannung betrieben (Adapter im Lieferumfang enthalten). Alle Kabelverbindungen sind verpolungssicher, wasserdicht und absolut funktionssicher. Dank praktischer Steckverbindungen sind alle Komponenten jederzeit austauschbar. So k\u00f6nnen Sie den Wasserbrunnen AMPHORE VENUS und das flie\u00dfende Wasser jahrelang genie\u00dfen!<\/p>\n<p>Rechtlicher Hinweis: Diese Produkte werden einzeln per Hand koloriert, Farbabweichungen lassen sich deshalb nicht vermeiden. Weiterhin kann es aufgrund der Lichtverh\u00e4ltnisse bei der Produktfotografie und unterschiedlichen Bildschirmeinstellungen dazu kommen, dass die Farbe des Produktes nicht authentisch wiedergegeben wird und ist deshalb kein Reklamationsgrund.<\/p>\n<p><b>Note:<\/b> Frost kann zu Sch\u00e4den am Gartenbrunnen und der Pumpe f\u00fchren. Bei Frostgefahr muss der <b>Gartenbrunnen und die Pumpe entleert werden<\/b>, mit klarem Wasser gesp\u00fclt und trocken eingelagert werden. Dann haben Sie sehr lange Freude daran!<\/p>\n<\/div>\n<h3>Many good reasons why you should buy this product:<\/h3>\n<div class=\"sale_motive\">\n<ul>\n<li>Steckfertiger, sofort einsatzbereiter Indoor- und Outdoorbrunnen<\/li>\n<li>klassische Amphore im modernem Stil<\/li>\n<li>Wirklichkeitsgetreue, zweifarbige Steinoptik<\/li>\n<li>wirkt belebend auf die Sinne &amp; verbessert die Luftqualit\u00e4t<\/li>\n<li>Tag- und Nachtbetrieb mit 12\/ 230V-Anschluss<\/li>\n<li>effektvolle LED-Beleuchtung<\/li>\n<\/ul>\n<\/div>","protected":false},"excerpt":{"rendered":"<p>Indoor- und Outdoor-Brunnen<br \/>\n  Wirklichkeitsgetreue Steindekoration<\/p>","protected":false},"featured_media":33627,"comment_status":"open","ping_status":"closed","template":"","meta":[],"product_cat":[183,177,179,180],"product_tag":[],"class_list":{"0":"post-30654","1":"product","2":"type-product","3":"status-publish","4":"has-post-thumbnail","6":"product_cat-230v","7":"product_cat-b-ware-gartenbrunnen","8":"product_cat-b-ware-garten-u-zimmer-brunnen","9":"product_cat-winter-angebote","11":"first","12":"instock","13":"sale","14":"taxable","15":"shipping-taxable","16":"purchasable","17":"product-type-simple"},"_links":{"self":[{"href":"http:\/\/igel.wovodo.de:8085\/en\/wp-json\/wp\/v2\/product\/30654","targetHints":{"allow":["GET"]}}],"collection":[{"href":"http:\/\/igel.wovodo.de:8085\/en\/wp-json\/wp\/v2\/product"}],"about":[{"href":"http:\/\/igel.wovodo.de:8085\/en\/wp-json\/wp\/v2\/types\/product"}],"replies":[{"embeddable":true,"href":"http:\/\/igel.wovodo.de:8085\/en\/wp-json\/wp\/v2\/comments?post=30654"}],"version-history":[{"count":2,"href":"http:\/\/igel.wovodo.de:8085\/en\/wp-json\/wp\/v2\/product\/30654\/revisions"}],"predecessor-version":[{"id":38757,"href":"http:\/\/igel.wovodo.de:8085\/en\/wp-json\/wp\/v2\/product\/30654\/revisions\/38757"}],"wp:featuredmedia":[{"embeddable":true,"href":"http:\/\/igel.wovodo.de:8085\/en\/wp-json\/wp\/v2\/media\/33627"}],"wp:attachment":[{"href":"http:\/\/igel.wovodo.de:8085\/en\/wp-json\/wp\/v2\/media?parent=30654"}],"wp:term":[{"taxonomy":"product_cat","embeddable":true,"href":"http:\/\/igel.wovodo.de:8085\/en\/wp-json\/wp\/v2\/product_cat?post=30654"},{"taxonomy":"product_tag","embeddable":true,"href":"http:\/\/igel.wovodo.de:8085\/en\/wp-json\/wp\/v2\/product_tag?post=30654"}],"curies":[{"name":"wp","href":"https:\/\/api.w.org\/{rel}","templated":true}]}}