{"id":30492,"date":"2024-10-31T14:10:06","date_gmt":"2024-10-31T13:10:06","guid":{"rendered":"http:\/\/igel.wovodo.de:8085\/product\/schwimmbadpumpe-pool-star-550w-1\/"},"modified":"2025-01-27T12:30:45","modified_gmt":"2025-01-27T11:30:45","slug":"schwimmbadpumpe-pool-star-550w-1","status":"publish","type":"product","link":"http:\/\/igel.wovodo.de:8085\/en\/product\/schwimmbadpumpe-pool-star-550w-1\/","title":{"rendered":"POOL-STAR 550W-1 swimming pool pump"},"content":{"rendered":"<div class=\"sale_description\">\n<p>Die Schwimmbadpumpe POOL-STAR 550W-1 kann in privaten Schwimmbecken eingesetzt werden. Mit dieser leistungsstarken Pumpe f\u00f6rdern Sie ohne gro\u00dfe M\u00fche Wasser in Ihren Pool. Durch ihre robuste Bauart sind unsere POOl-STAR sehr zuverl\u00e4ssige Filter-Umw\u00e4lzpumpen. Sie holen den Grobschmutz aus Ihrem Schwimmbad und sorgen f\u00fcr einwandfreien Badespass!<\/p>\n<p>Die Schwimmbad-Filterpumpe hat einen integrierten Motorschutzschalter als \u00dcberhitzungsschutz f\u00fcr ein langes Pumpen-Leben. Auch der integrierte Grobschmutz-Filter der Pool-Filterpumpe Schwimmbadpumpe POOL-STAR 550W-1 hat gute Auswirkungen auf die Lebensdauer der Schwimmbadpumpe. Au\u00dferdem hat die Pumpe f\u00fcr Schwimmb\u00e4der einen integrierten Kondensator. Die Inbetriebnahme der Umw\u00e4lzpumpe erfolgt durch das Auff\u00fcllen der Laufradkammern und des Schlauches. Den Rest macht die hochwertige, energiesparende und leistungsstarke Filterpumpe f\u00fcr Pools selbst.<\/p>\n<p style=\"margin-bottom: 0cm\" lang=\"zxx\">\n<p style=\"margin-bottom: 0cm; font-style: normal\" lang=\"zxx\">\n<p style=\"margin-bottom: 0cm; font-style: normal\" lang=\"zxx\"><b>Besonders praktisch:<\/b> Der Filterkorb l\u00e4sst sich leicht reinigen, denn die Filterkammer kann WERKZEUGLOS ge\u00f6ffnet werden.<\/p>\n<p><\/p>\n<p>Die im Lieferumfang enthaltenen Stufenschlaucht\u00fcllen erlauben die Verwendung unserer POOL-STAR-Poolpumpen unter unterschiedlichsten Einbausituationen.<\/p>\n<p style=\"margin-bottom: 0cm\" lang=\"zxx\"><\/p>\n<p style=\"margin-bottom: 0cm; font-style: normal\" lang=\"zxx\"><strong>Die POOL-STAR&nbsp;550 erbringt eine F\u00f6rdermenge von&nbsp;15 m<sup>3<\/sup>\/h<\/strong> <strong>&nbsp;bei einer Leistungsaufnahme von 550 Watt und einem Druck von&nbsp;0,8 bar (max. Druck). <\/strong><\/p>\n<p>Unsere Empfehlung f\u00fcr noch mehr <b>ENERGIE-EFFIZIENZ<\/b> und gr\u00f6\u00dfere <b>PUMPEN-LEBENSDAUER<\/b><\/p>\n<p>Die Pumpensteuerung INVERTER-POOL 4-1,5KW ist ein variabler Frequenz-Controller f\u00fcr einphasige 230 Volt Pumpen &#8211; basierend auf der innovativen Inverter-Technologie. Dieser Inverter ist auf den Betrieb von Schwimmbadpumpen bis max. 1500 Watt Nenn-Leistung optimiert und sorgt f\u00fcr sparsamen Energieverbrauch und optimalen Pumpenbetrieb. Damit k\u00f6nnen die Pumpen bedarfsgerecht ein- und ausgeschaltet werden. Entsprechend dem eingestellten Wasser-Durchflu\u00df wird die Drehzahl der Pumpe hoch- oder runter geregelt. Soll weniger Wasser entnommen werden, &#8220;dreht&#8221; die Pumpe langsamer. Mit steigendem Durchflu\u00df dreht sich der Pumpenmotor immer schneller. Die Pumpe nimmt immer nur soviel Energie aus dem Netz auf, wie gerade ben\u00f6tigt wird, um den eingestellten Wasser-Durchflu\u00df zu halten. <b>Dies f\u00fchrt zu einer enormen Energie-Einsparung.<\/b><\/p>\n<p>Durch <b>SOFT-Start<\/b> and <b>SOFT-Stop<\/b> werden Drucksch\u00e4ge vermieden, was nach unserer Erfahrung die <b>Pumpenlebensdauer um bis zu 300%<\/b> erh\u00f6hen kann.<\/p>\n<p>Wir empfehlen die Poolpumpen bei folgenden Schwimmbecken-Volumen einzusetzen:<\/p>\n<style type=\"text\/css\">\n  table.specs { border-spacing:10px;border-collapse:separate; }\n  table.specs th { text-align:center;border-bottom:1px solid black}\n  table.specs td:nth-child(2),table.specs td:nth-child(3) {text-align: right;}\n<\/style>\n<table class=\"specs\">\n<tbody>\n<tr>\n<th>Schwimmbadpumpe<\/th>\n<th>Volumen<\/th>\n<th>F\u00f6rderleistung<\/th>\n<\/tr>\n<tr>\n<td>POOL-STAR 370W-1<\/td>\n<td>22 bis 58 cbm<\/td>\n<td>10.000 l\/h<\/td>\n<\/tr>\n<tr>\n<td>POOL-STAR 550W-1<\/td>\n<td>23 bis 61 cbm<\/td>\n<td>15.000 l\/h<\/td>\n<\/tr>\n<tr>\n<td>POOL-STAR 750W-1<\/td>\n<td>24 bis 65 cbm<\/td>\n<td>18.000 l\/h<\/td>\n<\/tr>\n<tr>\n<td>POOL-STAR 1100W-1<\/td>\n<td>38 bis 78 cbm<\/td>\n<td>19.980 l\/h<\/td>\n<\/tr>\n<tr>\n<td>POOL-STAR 1500W-1<\/td>\n<td>45 bis 120 cbm<\/td>\n<td>44.000 l\/h<\/td>\n<\/tr>\n<tr>\n<td>POOL-STAR 2000W-1<\/td>\n<td>50 bis 138 cbm<\/td>\n<td>41.000 l\/h<\/td>\n<\/tr>\n<\/tbody>\n<\/table>\n<p><strong>Note:<\/strong>&nbsp;Bitte beachten Sie, dass eine Verj\u00fcngung der Pumpenanschl\u00fcsse zu einem Defekt der Pumpe f\u00fchren kann. Hier sollten die angegebenen Anschlussgr\u00f6\u00dfen unbedingt eingehalten werden.<\/p>\n<\/div>\n<h3>Many good reasons why you should buy this product:<\/h3>\n<div class=\"sale_motive\">\n<ul>\n<li>sehr energiesparsam <\/li>\n<li>hohe F\u00f6rderleistung <\/li>\n<li>solide und zuverl\u00e4ssig <\/li>\n<li>schnell einsatzbereit <\/li>\n<li>werkzeuglos zu \u00f6ffnende Filterkammer <\/li>\n<li>inkl. 2 Stufenschlaucht\u00fcllen als Adapter f\u00fcr vier verschiedene Schlauch-Gr\u00f6\u00dfen<\/li>\n<li>integrierter Motorschutzschalter <\/li>\n<li>integrierte Grobschmutz-Filter<\/li>\n<li>integrierte Filter <\/li>\n<li>Long service life <\/li>\n<\/ul>\n<\/div>","protected":false},"excerpt":{"rendered":"<p>Hochwertige, energiesparende,  leistungsstarke Filter- Schwimmbadpumpe<br \/>\nLeistung 550 Watt  | Druck max. 0,8bar | F\u00f6rdermenge 15.000l\/h<\/p>","protected":false},"featured_media":39773,"comment_status":"open","ping_status":"closed","template":"","meta":[],"product_cat":[443],"product_tag":[],"class_list":{"0":"post-30492","1":"product","2":"type-product","3":"status-publish","4":"has-post-thumbnail","6":"product_cat-umwaelzpumpen-230v","8":"first","9":"instock","10":"taxable","11":"shipping-taxable","12":"purchasable","13":"product-type-simple"},"_links":{"self":[{"href":"http:\/\/igel.wovodo.de:8085\/en\/wp-json\/wp\/v2\/product\/30492","targetHints":{"allow":["GET"]}}],"collection":[{"href":"http:\/\/igel.wovodo.de:8085\/en\/wp-json\/wp\/v2\/product"}],"about":[{"href":"http:\/\/igel.wovodo.de:8085\/en\/wp-json\/wp\/v2\/types\/product"}],"replies":[{"embeddable":true,"href":"http:\/\/igel.wovodo.de:8085\/en\/wp-json\/wp\/v2\/comments?post=30492"}],"version-history":[{"count":6,"href":"http:\/\/igel.wovodo.de:8085\/en\/wp-json\/wp\/v2\/product\/30492\/revisions"}],"predecessor-version":[{"id":39774,"href":"http:\/\/igel.wovodo.de:8085\/en\/wp-json\/wp\/v2\/product\/30492\/revisions\/39774"}],"wp:featuredmedia":[{"embeddable":true,"href":"http:\/\/igel.wovodo.de:8085\/en\/wp-json\/wp\/v2\/media\/39773"}],"wp:attachment":[{"href":"http:\/\/igel.wovodo.de:8085\/en\/wp-json\/wp\/v2\/media?parent=30492"}],"wp:term":[{"taxonomy":"product_cat","embeddable":true,"href":"http:\/\/igel.wovodo.de:8085\/en\/wp-json\/wp\/v2\/product_cat?post=30492"},{"taxonomy":"product_tag","embeddable":true,"href":"http:\/\/igel.wovodo.de:8085\/en\/wp-json\/wp\/v2\/product_tag?post=30492"}],"curies":[{"name":"wp","href":"https:\/\/api.w.org\/{rel}","templated":true}]}}