{"id":30475,"date":"2024-10-31T14:09:54","date_gmt":"2024-10-31T13:09:54","guid":{"rendered":"http:\/\/igel.wovodo.de:8085\/product\/230v-gartenbrunnen-waldzwerg-mit-led-licht\/"},"modified":"2025-01-27T12:30:39","modified_gmt":"2025-01-27T11:30:39","slug":"230v-gartenbrunnen-waldzwerg-mit-led-licht","status":"publish","type":"product","link":"http:\/\/igel.wovodo.de:8085\/en\/product\/230v-gartenbrunnen-waldzwerg-mit-led-licht\/","title":{"rendered":"230V &#8211; Gartenbrunnen WALDZWERG mit LED-Licht"},"content":{"rendered":"<div class=\"sale_application\">\n<p>LED-Gartenbrunnen f\u00fcr den Innen- und Au\u00dfenbereich mit 230\/12V-Netzadapter<\/p>\n<\/p><\/div>\n<div class=\"sale_description\">\n<h2>Dekorativ &amp; Wohltuend<\/h2>\n<p>Der Brunnen <b>WALDZWERG<\/b> mit 4 austauschbaren LED-Lichtern (4*1) ist f\u00fcr den Innen- und Au\u00dfenbereich geeignet. Betrieben wird der stilvolle Wasserbrunnen mit einem 230\/12-Volt Netzadapter. Mit den naturgetreuen Holzkr\u00fcgen sorgt der Gartenbrunnen f\u00fcr eine harmonische Atmosph\u00e4re. Das Lebenselixier Wasser belebt Wohnzimmer, Esszimmer, Flure und Eingangsbereiche, Winterg\u00e4rten oder Balkone, Terrassen und G\u00e4rten im privaten wie gewerblichen Umfeld.<\/p>\n<p><\/p>\n<h3>Der perfekte Blickfang: die LED-Beleuchtung<\/h3>\n<p>Der Garten- und Zimmerbrunnen ist sowohl bei Tag als auch bei Nacht der perfekte Hingucker. Die mitgelieferte LED-Beleuchtung entfaltet aber erst in der Nacht ihre komplette Pracht. Die austauschbaren LED-Lichter erstrahlen in einem warmen Wei\u00df.<\/p>\n<p>  <\/p>\n<h3>Werthaltig, best\u00e4ndig &amp; betriebssicher<\/h3>\n<p>Der Wasserbrunnen ist f\u00fcr den 230-Volt-Betrieb vorgesehen. Die Pumpe und die LEDs werden mit sicherer 12V-Niederspannung betrieben (Adapter im Lieferumfang enthalten). Alle Kabelverbindungen sind verpolungssicher, wasserdicht und absolut funktionssicher. Dank praktischer Steckverbindungen sind alle Komponenten jederzeit austauschbar. So k\u00f6nnen Sie den Wasserbrunnen mit der effektvollen LED-Beleuchtung und das flie\u00dfende Wasser jahrelang genie\u00dfen!<\/p>\n<p><\/p>\n<p style=\"font-size:11px;\"><b>Legal notice:<\/b> Our products are individually colored by hand, so color deviations cannot be avoided. Furthermore, due to the lighting conditions during product photography and different screen settings, the color of the product may not be reproduced authentically and is therefore not a reason for complaint.<\/p>\n<p><p><b>Note:<\/b> Frost kann zu Sch\u00e4den am Gartenbrunnen und der Pumpe f\u00fchren. Bei Frostgefahr muss der <b>Gartenbrunnen und die Pumpe entleert werden<\/b>, mit klarem Wasser gesp\u00fclt und trocken eingelagert werden. Dann haben Sie sehr lange Freude daran!<\/p>\n<\/p><\/div>\n<h3>Many good reasons why you should buy this product:<\/h3>\n<div class=\"sale_motive\">\n<ul>\n<li>Steckfertiger, sofort einsatzbereiter Gartenbrunnen<\/li>\n<li>verbessert die Luftqualit\u00e4t<\/li>\n<li>modernes Design mit interessanter Struktur<\/li>\n<li>Mit LED-Licht f\u00fcr den Nachtbetrieb<\/li>\n<li>wirkt belebend auf die Sinne<\/li>\n<li>n\u00fctzlich und dekorativ<\/li>\n<li>Indoor- und Outdoor-Gartenbrunnen<\/li>\n<li>Mit 230V\/12V-Anschluss<\/li>\n<li>Komplett-Set inkl. Pumpe und LED-Beleuchtung<\/li>\n<\/ul>\n<\/div>","protected":false},"excerpt":{"rendered":"<p> Gartenbrunnen &#8220;WALDZWERG&#8221; mit 4 austauschbaren LED-Lichtern (4*1)<br \/>\nin wirklichkeitsgetreuer Baumoptik<\/p>","protected":false},"featured_media":37676,"comment_status":"open","ping_status":"closed","template":"","meta":[],"product_cat":[318,254,319],"product_tag":[],"class_list":{"0":"post-30475","1":"product","2":"type-product","3":"status-publish","4":"has-post-thumbnail","6":"product_cat-gartenbrunnen","7":"product_cat-brunnen-mit-230-v-betrieb","8":"product_cat-zimmerbrunnen","10":"first","11":"instock","12":"taxable","13":"shipping-taxable","14":"purchasable","15":"product-type-simple"},"_links":{"self":[{"href":"http:\/\/igel.wovodo.de:8085\/en\/wp-json\/wp\/v2\/product\/30475","targetHints":{"allow":["GET"]}}],"collection":[{"href":"http:\/\/igel.wovodo.de:8085\/en\/wp-json\/wp\/v2\/product"}],"about":[{"href":"http:\/\/igel.wovodo.de:8085\/en\/wp-json\/wp\/v2\/types\/product"}],"replies":[{"embeddable":true,"href":"http:\/\/igel.wovodo.de:8085\/en\/wp-json\/wp\/v2\/comments?post=30475"}],"version-history":[{"count":2,"href":"http:\/\/igel.wovodo.de:8085\/en\/wp-json\/wp\/v2\/product\/30475\/revisions"}],"predecessor-version":[{"id":38727,"href":"http:\/\/igel.wovodo.de:8085\/en\/wp-json\/wp\/v2\/product\/30475\/revisions\/38727"}],"wp:featuredmedia":[{"embeddable":true,"href":"http:\/\/igel.wovodo.de:8085\/en\/wp-json\/wp\/v2\/media\/37676"}],"wp:attachment":[{"href":"http:\/\/igel.wovodo.de:8085\/en\/wp-json\/wp\/v2\/media?parent=30475"}],"wp:term":[{"taxonomy":"product_cat","embeddable":true,"href":"http:\/\/igel.wovodo.de:8085\/en\/wp-json\/wp\/v2\/product_cat?post=30475"},{"taxonomy":"product_tag","embeddable":true,"href":"http:\/\/igel.wovodo.de:8085\/en\/wp-json\/wp\/v2\/product_tag?post=30475"}],"curies":[{"name":"wp","href":"https:\/\/api.w.org\/{rel}","templated":true}]}}