{"id":30386,"date":"2024-10-31T14:08:58","date_gmt":"2024-10-31T13:08:58","guid":{"rendered":"http:\/\/igel.wovodo.de:8085\/product\/profi-airbrush-carry-ii-gravity-double-action-gun-130\/"},"modified":"2025-01-27T12:30:11","modified_gmt":"2025-01-27T11:30:11","slug":"profi-airbrush-carry-ii-gravity-double-action-gun-130","status":"publish","type":"product","link":"http:\/\/igel.wovodo.de:8085\/en\/product\/profi-airbrush-carry-ii-gravity-double-action-gun-130\/","title":{"rendered":"Profi-AirBrush Carry II - Gravity Double-Action-Gun 130"},"content":{"rendered":"<div class=\"sale_application\">\n<b><\/p>\n<p>Ideal for cosmetics &amp; beauty (airbrush nail art, makeup, hair coloring, hair care, spray tanning), body art (body painting, tattoo, mask design), hobby (flowers\/ flower arrangements, model making, ceramics\/ pottery, textiles), small car designs (gas caps\/ helmets), technical illustrations\/ photo touch-ups and food decoration (cakes\/ cupcakes). The possibilities for airbrushing are practically unlimited.<\/p>\n<p><\/b> <\/div>\n<div class=\"sale_description\">\n<p>This oil- and maintenance-free <b>Airbrush Kompressor Set Carry II<\/b> ist f\u00fcr Arbeiten mit allen<br \/>\n  handels\u00fcblichen Airbrush Farben geeignet. Mit nur 47dB erm\u00f6glicht<br \/>\n  er angenehmes Arbeiten auch in kleineren, geschlossenen R\u00e4umen (bitte f\u00fcr eine Farbnebelabsaugung sorgen).<br \/>\n  Sein kompaktes Design, geringes Gewicht und die mitgelieferte Universal-Airbrush-Pistole erleichtern<br \/>\n  den mobilen Einsatz. Dieser kompakte Kompressor ist perfekt<br \/>\n  geeignet, um kleinere Arbeiten unterwegs zu erledigen. Die<br \/>\n  Anwendungsgebiete gehen \u00fcber Nagel Design, Dekoration von<br \/>\n  Torten, Blumen und Gestecken, Makeup, Kosmetik, Body-Painting, Body Art, Spray Tanning,<br \/>\nNagelgestaltung, Tattoos, Haart\u00f6nung, Haarpflege, Maskengestaltung, Bemalung von Hobbyartikeln, Modelherstellung, Gestaltung von Keramik\/Tonwaren, Helm-Design, Textilen aller Art, T-shirt-, Koffer-, Taschen-, Jeans-, Motorrad, Kfz-, Tankdeckel-&#8230; Gestaltungen und h\u00f6ren bei technischen Illustrationen und Fotonachbesserung nicht auf. Es stehen Ihnen praktisch unbegrenzte M\u00f6glichkeiten f\u00fcr Airbrushing zur Verf\u00fcgung.<\/p>\n<p><b>Weiteres Zubeh\u00f6r k\u00f6nnen Sie kosteng\u00fcnstig bei der Auswahl <font color=\"#F60C0C\">&#8220;Optionales Zubeh\u00f6r bitte hier ausw\u00e4hlen&#8221;<\/font> zus\u00e4tzlich bestellen!<\/b><\/p>\n<p>Die Airbrush-Pistole <b>&#8220;Double-Action-Gun 130 D 0,3&#8221;<\/b> ist ein Zweistoff-Zerst\u00e4uber, der nach dem Prinzip einer Strahlpumpe arbeitet, wobei Druckluft als Treibmittel verwendet wird. In Abh\u00e4ngigkeit von der St\u00e4rke des Luftstroms und der Menge der Farbe, kann man mit einer Airbushpistole feinste Linien aber auch gro\u00dfe Fl\u00e4chen malen. Man kann Farbe deckend aufspr\u00fchen aber auch einen transparenten Farbfilm airbrushen.<\/p>\n<p>Spr\u00fchpistolen, bei denen die Farbzuf\u00fchrung von oben erfolgt, nennt man auch &#8220;Gravity&#8221;. Bauartbedingt haben diese Spritzpistolen meist einen festen oder gar keinen Farbbeh\u00e4lter oder eine (Farbmulde) von geringer Gr\u00f6\u00dfe. Die Farbe gelangt hier direkt in den Nadelschaft und in die D\u00fcse. Die 0,3mm D\u00fcse gestattet Arbeiten bis auf Haarliniengenauigkeit aber auch groberpixelige Eins\u00e4tze.<\/p>\n<p><strong>Bestellen Sie HIER das Zubeh\u00f6r zum SUPER-G\u00dcNSTIGEN Peis gleich mit und sparen noch die Versandkosten!<\/strong><\/p>\n<\/p><\/div>\n<h3>Many good reasons why you should buy this product:<\/h3>\n<div class=\"sale_motive\">\n<ul>\n<li><strong>vielf\u00e4ltige Einsatzgebiete mit Standard-Anforderungen<\/strong><\/li>\n<li><strong>in 5 Stufen leicht regelbare Kompressorleistung<\/strong><\/li>\n<li>Universal-Airbrush-Pistole mit 3 D\u00fcsen und 2 Farb-Beh\u00e4ltern<\/li>\n<li>Ideal for mobile use<\/li>\n<li>Transportable and quickly ready for use<\/li>\n<li>Single-Action Trigger Air-Paint-Control-Pistole<\/li>\n<li>\u00d6l- und wartungsfreier Kompressor<\/li>\n<li>Kompressor-Anschluss: T\u00fclle f\u00fcr Standardschlauch (passend f\u00fcr alle g\u00e4ngigen Airbrushpistolen)<\/li>\n<li><strong>fl\u00fcsterleiser Betrieb ca. 47dB<\/strong> (Zum Vergleich: ein normales Gespr\u00e4ch in 1m Abstand = 60dB)<\/li>\n<\/ul>\n<\/div>","protected":false},"excerpt":{"rendered":"<p>AIRBRUSH KOMPRESSOR SET: Mini Airbrush Kompressor CARRY II mit 5-POWER-STUFEN-Kompressor-Leistung (max. Druck 1,7 bar, max. Luftabgabemenge: 16 l\/min, Motorleistung: 12V10W) und der Airbrush-Pistole &#8220;Double-Action-Gun 130 D 0,3&#8221;<\/p>","protected":false},"featured_media":32679,"comment_status":"open","ping_status":"closed","template":"","meta":[],"product_cat":[230,185],"product_tag":[],"class_list":{"0":"post-30386","1":"product","2":"type-product","3":"status-publish","4":"has-post-thumbnail","6":"product_cat-torten-deco","7":"product_cat-airbrush-sets","9":"first","10":"outofstock","11":"taxable","12":"shipping-taxable","13":"purchasable","14":"product-type-simple"},"_links":{"self":[{"href":"http:\/\/igel.wovodo.de:8085\/en\/wp-json\/wp\/v2\/product\/30386","targetHints":{"allow":["GET"]}}],"collection":[{"href":"http:\/\/igel.wovodo.de:8085\/en\/wp-json\/wp\/v2\/product"}],"about":[{"href":"http:\/\/igel.wovodo.de:8085\/en\/wp-json\/wp\/v2\/types\/product"}],"replies":[{"embeddable":true,"href":"http:\/\/igel.wovodo.de:8085\/en\/wp-json\/wp\/v2\/comments?post=30386"}],"version-history":[{"count":1,"href":"http:\/\/igel.wovodo.de:8085\/en\/wp-json\/wp\/v2\/product\/30386\/revisions"}],"predecessor-version":[{"id":35001,"href":"http:\/\/igel.wovodo.de:8085\/en\/wp-json\/wp\/v2\/product\/30386\/revisions\/35001"}],"wp:featuredmedia":[{"embeddable":true,"href":"http:\/\/igel.wovodo.de:8085\/en\/wp-json\/wp\/v2\/media\/32679"}],"wp:attachment":[{"href":"http:\/\/igel.wovodo.de:8085\/en\/wp-json\/wp\/v2\/media?parent=30386"}],"wp:term":[{"taxonomy":"product_cat","embeddable":true,"href":"http:\/\/igel.wovodo.de:8085\/en\/wp-json\/wp\/v2\/product_cat?post=30386"},{"taxonomy":"product_tag","embeddable":true,"href":"http:\/\/igel.wovodo.de:8085\/en\/wp-json\/wp\/v2\/product_tag?post=30386"}],"curies":[{"name":"wp","href":"https:\/\/api.w.org\/{rel}","templated":true}]}}